{"id":1554,"date":"2023-08-27T21:15:37","date_gmt":"2023-08-27T21:15:37","guid":{"rendered":"https:\/\/musclenutrition.com.mx\/?post_type=product&#038;p=1554"},"modified":"2025-01-08T16:17:28","modified_gmt":"2025-01-08T22:17:28","slug":"redcon1-total-war","status":"publish","type":"product","link":"https:\/\/www.musclenutrition.com.mx\/index.php\/producto\/redcon1-total-war\/","title":{"rendered":"REDCON1 TOTAL WAR"},"content":{"rendered":"<p><strong>TOTAL WAR<\/strong><\/p>\n<p>Total War es lo que todos los entrenamientos previos desean, con m\u00e1s potencia de fuego porservicio que cualquier otra cosa en su clase. Ya sea que entrene antes deltrabajo o en la escuela, a mitad del d\u00eda o m\u00e1s tarde en la noche, Total Wartiene la capacidad de pasar cada vez que sale. La poderosa combinaci\u00f3n deestimulantes y factores de enfoque junto con N.O. compuestos hace Total War unsuplemento pre entrenamiento todo en uno. Disfruta de la mayor cantidad deenerg\u00eda, enfoque durante un entrenamiento. No querr\u00e1s ir a casa a los 30 o 40minutos, pero en cambio alguien tendr\u00e1 que sacarte del gimnasio. Total War noes para los d\u00e9biles de coraz\u00f3n, sino para el atleta serio o el aficionado algimnasio que espera rendir al m\u00e1s alto nivel de preparaci\u00f3n cuando se lesolicite.<\/p>\n","protected":false},"excerpt":{"rendered":"<p>TOTAL WAR Total War es lo que todos los entrenamientos previos desean, con m\u00e1s potencia de fuego porservicio que cualquier otra cosa en su clase. Ya sea que entrene antes deltrabajo o en la escuela, a mitad del d\u00eda o m\u00e1s tarde en la noche, Total Wartiene la capacidad de pasar cada vez que sale. &hellip;<\/p>\n<p class=\"read-more\"> <a class=\"\" href=\"https:\/\/www.musclenutrition.com.mx\/index.php\/producto\/redcon1-total-war\/\"> <span class=\"screen-reader-text\">REDCON1 TOTAL WAR<\/span> Leer m\u00e1s &raquo;<\/a><\/p>\n","protected":false},"featured_media":1557,"comment_status":"open","ping_status":"closed","template":"","meta":{"_uag_custom_page_level_css":"","site-sidebar-layout":"default","site-content-layout":"default","ast-global-header-display":"","ast-banner-title-visibility":"","ast-main-header-display":"","ast-hfb-above-header-display":"","ast-hfb-below-header-display":"","ast-hfb-mobile-header-display":"","site-post-title":"","ast-breadcrumbs-content":"","ast-featured-img":"","footer-sml-layout":"","theme-transparent-header-meta":"default","adv-header-id-meta":"","stick-header-meta":"","header-above-stick-meta":"","header-main-stick-meta":"","header-below-stick-meta":""},"product_brand":[],"product_cat":[15],"product_tag":[],"class_list":{"0":"post-1554","1":"product","2":"type-product","3":"status-publish","4":"has-post-thumbnail","6":"product_cat-sin-categorizar","7":"desktop-align-left","8":"tablet-align-left","9":"mobile-align-left","11":"first","12":"outofstock","13":"shipping-taxable","14":"purchasable","15":"product-type-variable"},"ams_default_variation_id":0,"ams_product_points_reward":[],"ams_product_discount_percentage":0,"ams_price_to_display":520,"ams_acf":[],"uagb_featured_image_src":{"full":["https:\/\/www.musclenutrition.com.mx\/wp-content\/uploads\/2023\/08\/7174jA-V9S.jpg",2000,2000,false],"thumbnail":["https:\/\/www.musclenutrition.com.mx\/wp-content\/uploads\/2023\/08\/7174jA-V9S-150x150.jpg",150,150,true],"medium":["https:\/\/www.musclenutrition.com.mx\/wp-content\/uploads\/2023\/08\/7174jA-V9S-300x300.jpg",300,300,true],"medium_large":["https:\/\/www.musclenutrition.com.mx\/wp-content\/uploads\/2023\/08\/7174jA-V9S-768x768.jpg",768,768,true],"large":["https:\/\/www.musclenutrition.com.mx\/wp-content\/uploads\/2023\/08\/7174jA-V9S-1024x1024.jpg",1024,1024,true],"1536x1536":["https:\/\/www.musclenutrition.com.mx\/wp-content\/uploads\/2023\/08\/7174jA-V9S-1536x1536.jpg",1536,1536,true],"2048x2048":["https:\/\/www.musclenutrition.com.mx\/wp-content\/uploads\/2023\/08\/7174jA-V9S.jpg",2000,2000,false],"woocommerce_thumbnail":["https:\/\/www.musclenutrition.com.mx\/wp-content\/uploads\/2023\/08\/7174jA-V9S-300x300.jpg",300,300,true],"woocommerce_single":["https:\/\/www.musclenutrition.com.mx\/wp-content\/uploads\/2023\/08\/7174jA-V9S-600x600.jpg",600,600,true],"woocommerce_gallery_thumbnail":["https:\/\/www.musclenutrition.com.mx\/wp-content\/uploads\/2023\/08\/7174jA-V9S-100x100.jpg",100,100,true],"dgwt-wcas-product-suggestion":["https:\/\/www.musclenutrition.com.mx\/wp-content\/uploads\/2023\/08\/7174jA-V9S.jpg",64,64,false]},"uagb_author_info":{"display_name":"benjaming","author_link":"https:\/\/www.musclenutrition.com.mx\/index.php\/author\/"},"uagb_comment_info":0,"uagb_excerpt":"TOTAL WAR Total War es lo que todos los entrenamientos previos desean, con m\u00e1s potencia de fuego porservicio que cualquier otra cosa en su clase. Ya sea que entrene antes deltrabajo o en la escuela, a mitad del d\u00eda o m\u00e1s tarde en la noche, Total Wartiene la capacidad de pasar cada vez que sale.&hellip;","_links":{"self":[{"href":"https:\/\/www.musclenutrition.com.mx\/index.php\/wp-json\/wp\/v2\/product\/1554","targetHints":{"allow":["GET"]}}],"collection":[{"href":"https:\/\/www.musclenutrition.com.mx\/index.php\/wp-json\/wp\/v2\/product"}],"about":[{"href":"https:\/\/www.musclenutrition.com.mx\/index.php\/wp-json\/wp\/v2\/types\/product"}],"replies":[{"embeddable":true,"href":"https:\/\/www.musclenutrition.com.mx\/index.php\/wp-json\/wp\/v2\/comments?post=1554"}],"wp:featuredmedia":[{"embeddable":true,"href":"https:\/\/www.musclenutrition.com.mx\/index.php\/wp-json\/wp\/v2\/media\/1557"}],"wp:attachment":[{"href":"https:\/\/www.musclenutrition.com.mx\/index.php\/wp-json\/wp\/v2\/media?parent=1554"}],"wp:term":[{"taxonomy":"product_brand","embeddable":true,"href":"https:\/\/www.musclenutrition.com.mx\/index.php\/wp-json\/wp\/v2\/product_brand?post=1554"},{"taxonomy":"product_cat","embeddable":true,"href":"https:\/\/www.musclenutrition.com.mx\/index.php\/wp-json\/wp\/v2\/product_cat?post=1554"},{"taxonomy":"product_tag","embeddable":true,"href":"https:\/\/www.musclenutrition.com.mx\/index.php\/wp-json\/wp\/v2\/product_tag?post=1554"}],"curies":[{"name":"wp","href":"https:\/\/api.w.org\/{rel}","templated":true}]}}