{"id":1544,"date":"2023-08-27T21:09:46","date_gmt":"2023-08-27T21:09:46","guid":{"rendered":"https:\/\/musclenutrition.com.mx\/?post_type=product&#038;p=1544"},"modified":"2026-04-14T09:00:40","modified_gmt":"2026-04-14T15:00:40","slug":"raw-cbum","status":"publish","type":"product","link":"https:\/\/www.musclenutrition.com.mx\/index.php\/producto\/raw-cbum\/","title":{"rendered":"RAW CBUM ESSENTIAL"},"content":{"rendered":"<p><strong>CBUM ESSENTIAL<\/strong><\/p>\n<p>Este completo pre -entrenamiento es perfecto para todos los levantadores, desde principiantes hasta avanzados. Ya sea que sea su primer d\u00eda en el gimnasio o que sea un veterano experimentado, estos ingredientes de alta potencia funcionan de la misma manera. Destacando algunos: cada cucharada contiene una fuerte dosis de 4 g de L-citrulina para maximizar el flujo sangu\u00edneo y brindar bombas serias. Hemos emparejado esto con 3,2 g de Beta Alanina para combatir la fatiga, lo que le permite empujar el sobre y potencia a trav\u00e9s de mesetas. Por \u00faltimo, hemos incluido 200 mg de cafe\u00edna para alcanzar ese punto \u00f3ptimo de energ\u00eda estimulante que durar\u00e1 desde la primera hasta la \u00faltima repetici\u00f3n de tu entrenamiento.<\/p>\n","protected":false},"excerpt":{"rendered":"<p>CBUM ESSENTIAL Este completo pre -entrenamiento es perfecto para todos los levantadores, desde principiantes hasta avanzados. Ya sea que sea su primer d\u00eda en el gimnasio o que sea un veterano experimentado, estos ingredientes de alta potencia funcionan de la misma manera. Destacando algunos: cada cucharada contiene una fuerte dosis de 4 g de L-citrulina &hellip;<\/p>\n<p class=\"read-more\"> <a class=\"\" href=\"https:\/\/www.musclenutrition.com.mx\/index.php\/producto\/raw-cbum\/\"> <span class=\"screen-reader-text\">RAW CBUM ESSENTIAL<\/span> Leer m\u00e1s &raquo;<\/a><\/p>\n","protected":false},"featured_media":1547,"comment_status":"open","ping_status":"closed","template":"","meta":{"_uag_custom_page_level_css":"","site-sidebar-layout":"default","site-content-layout":"default","ast-global-header-display":"","ast-banner-title-visibility":"","ast-main-header-display":"","ast-hfb-above-header-display":"","ast-hfb-below-header-display":"","ast-hfb-mobile-header-display":"","site-post-title":"","ast-breadcrumbs-content":"","ast-featured-img":"","footer-sml-layout":"","theme-transparent-header-meta":"default","adv-header-id-meta":"","stick-header-meta":"","header-above-stick-meta":"","header-main-stick-meta":"","header-below-stick-meta":""},"product_brand":[],"product_cat":[35],"product_tag":[],"class_list":{"0":"post-1544","1":"product","2":"type-product","3":"status-publish","4":"has-post-thumbnail","6":"product_cat-pre-entrenos","7":"desktop-align-left","8":"tablet-align-left","9":"mobile-align-left","11":"first","12":"instock","13":"shipping-taxable","14":"purchasable","15":"product-type-variable"},"ams_default_variation_id":0,"ams_product_points_reward":[],"ams_product_discount_percentage":0,"ams_price_to_display":490,"ams_acf":[],"uagb_featured_image_src":{"full":["https:\/\/www.musclenutrition.com.mx\/wp-content\/uploads\/2023\/08\/ORANGE.webp",480,480,false],"thumbnail":["https:\/\/www.musclenutrition.com.mx\/wp-content\/uploads\/2023\/08\/ORANGE-150x150.webp",150,150,true],"medium":["https:\/\/www.musclenutrition.com.mx\/wp-content\/uploads\/2023\/08\/ORANGE-300x300.webp",300,300,true],"medium_large":["https:\/\/www.musclenutrition.com.mx\/wp-content\/uploads\/2023\/08\/ORANGE.webp",480,480,false],"large":["https:\/\/www.musclenutrition.com.mx\/wp-content\/uploads\/2023\/08\/ORANGE.webp",480,480,false],"1536x1536":["https:\/\/www.musclenutrition.com.mx\/wp-content\/uploads\/2023\/08\/ORANGE.webp",480,480,false],"2048x2048":["https:\/\/www.musclenutrition.com.mx\/wp-content\/uploads\/2023\/08\/ORANGE.webp",480,480,false],"woocommerce_thumbnail":["https:\/\/www.musclenutrition.com.mx\/wp-content\/uploads\/2023\/08\/ORANGE-300x300.webp",300,300,true],"woocommerce_single":["https:\/\/www.musclenutrition.com.mx\/wp-content\/uploads\/2023\/08\/ORANGE.webp",480,480,false],"woocommerce_gallery_thumbnail":["https:\/\/www.musclenutrition.com.mx\/wp-content\/uploads\/2023\/08\/ORANGE-100x100.webp",100,100,true],"dgwt-wcas-product-suggestion":["https:\/\/www.musclenutrition.com.mx\/wp-content\/uploads\/2023\/08\/ORANGE.webp",64,64,false]},"uagb_author_info":{"display_name":"benjaming","author_link":"https:\/\/www.musclenutrition.com.mx\/index.php\/author\/"},"uagb_comment_info":0,"uagb_excerpt":"CBUM ESSENTIAL Este completo pre -entrenamiento es perfecto para todos los levantadores, desde principiantes hasta avanzados. Ya sea que sea su primer d\u00eda en el gimnasio o que sea un veterano experimentado, estos ingredientes de alta potencia funcionan de la misma manera. Destacando algunos: cada cucharada contiene una fuerte dosis de 4 g de L-citrulina&hellip;","_links":{"self":[{"href":"https:\/\/www.musclenutrition.com.mx\/index.php\/wp-json\/wp\/v2\/product\/1544","targetHints":{"allow":["GET"]}}],"collection":[{"href":"https:\/\/www.musclenutrition.com.mx\/index.php\/wp-json\/wp\/v2\/product"}],"about":[{"href":"https:\/\/www.musclenutrition.com.mx\/index.php\/wp-json\/wp\/v2\/types\/product"}],"replies":[{"embeddable":true,"href":"https:\/\/www.musclenutrition.com.mx\/index.php\/wp-json\/wp\/v2\/comments?post=1544"}],"wp:featuredmedia":[{"embeddable":true,"href":"https:\/\/www.musclenutrition.com.mx\/index.php\/wp-json\/wp\/v2\/media\/1547"}],"wp:attachment":[{"href":"https:\/\/www.musclenutrition.com.mx\/index.php\/wp-json\/wp\/v2\/media?parent=1544"}],"wp:term":[{"taxonomy":"product_brand","embeddable":true,"href":"https:\/\/www.musclenutrition.com.mx\/index.php\/wp-json\/wp\/v2\/product_brand?post=1544"},{"taxonomy":"product_cat","embeddable":true,"href":"https:\/\/www.musclenutrition.com.mx\/index.php\/wp-json\/wp\/v2\/product_cat?post=1544"},{"taxonomy":"product_tag","embeddable":true,"href":"https:\/\/www.musclenutrition.com.mx\/index.php\/wp-json\/wp\/v2\/product_tag?post=1544"}],"curies":[{"name":"wp","href":"https:\/\/api.w.org\/{rel}","templated":true}]}}