{"id":1532,"date":"2023-08-27T21:04:05","date_gmt":"2023-08-27T21:04:05","guid":{"rendered":"https:\/\/musclenutrition.com.mx\/?post_type=product&#038;p=1532"},"modified":"2026-04-06T08:11:46","modified_gmt":"2026-04-06T14:11:46","slug":"psychotic-test","status":"publish","type":"product","link":"https:\/\/www.musclenutrition.com.mx\/index.php\/producto\/psychotic-test\/","title":{"rendered":"PSYCHOTIC TEST"},"content":{"rendered":"<p>PSYCHOTIC TEST<\/p>\n<ul>\n<li>ENERG\u00cdA INTENSA<\/li>\n<li>MATRIZ DE REFUERZO DE TESTOSTERONA<\/li>\n<li>BOMBEOS INSANOS Esta f\u00f3rmula \u00fanica trabaja sin\u00e9rgicamente para proporcionarle bombas y energ\u00eda locas, al mismo tiempo que ayuda a sus m\u00fasculos en el crecimiento despu\u00e9s del entrenamiento.<\/li>\n<\/ul>\n<p>&nbsp;<\/p>\n","protected":false},"excerpt":{"rendered":"<p>PSYCHOTIC TEST ENERG\u00cdA INTENSA MATRIZ DE REFUERZO DE TESTOSTERONA BOMBEOS INSANOS Esta f\u00f3rmula \u00fanica trabaja sin\u00e9rgicamente para proporcionarle bombas y energ\u00eda locas, al mismo tiempo que ayuda a sus m\u00fasculos en el crecimiento despu\u00e9s del entrenamiento. &nbsp;<\/p>\n","protected":false},"featured_media":2316,"comment_status":"open","ping_status":"closed","template":"","meta":{"_uag_custom_page_level_css":"","site-sidebar-layout":"default","site-content-layout":"default","ast-global-header-display":"","ast-banner-title-visibility":"","ast-main-header-display":"","ast-hfb-above-header-display":"","ast-hfb-below-header-display":"","ast-hfb-mobile-header-display":"","site-post-title":"","ast-breadcrumbs-content":"","ast-featured-img":"","footer-sml-layout":"","theme-transparent-header-meta":"default","adv-header-id-meta":"","stick-header-meta":"","header-above-stick-meta":"","header-main-stick-meta":"","header-below-stick-meta":""},"product_brand":[],"product_cat":[35],"product_tag":[],"class_list":{"0":"post-1532","1":"product","2":"type-product","3":"status-publish","4":"has-post-thumbnail","6":"product_cat-pre-entrenos","7":"desktop-align-left","8":"tablet-align-left","9":"mobile-align-left","11":"first","12":"instock","13":"shipping-taxable","14":"purchasable","15":"product-type-variable"},"ams_default_variation_id":0,"ams_product_points_reward":[],"ams_product_discount_percentage":0,"ams_price_to_display":520,"ams_acf":[],"uagb_featured_image_src":{"full":["https:\/\/www.musclenutrition.com.mx\/wp-content\/uploads\/2023\/08\/psychotic-test.jpg",704,396,false],"thumbnail":["https:\/\/www.musclenutrition.com.mx\/wp-content\/uploads\/2023\/08\/psychotic-test-150x150.jpg",150,150,true],"medium":["https:\/\/www.musclenutrition.com.mx\/wp-content\/uploads\/2023\/08\/psychotic-test-300x169.jpg",300,169,true],"medium_large":["https:\/\/www.musclenutrition.com.mx\/wp-content\/uploads\/2023\/08\/psychotic-test.jpg",704,396,false],"large":["https:\/\/www.musclenutrition.com.mx\/wp-content\/uploads\/2023\/08\/psychotic-test.jpg",704,396,false],"1536x1536":["https:\/\/www.musclenutrition.com.mx\/wp-content\/uploads\/2023\/08\/psychotic-test.jpg",704,396,false],"2048x2048":["https:\/\/www.musclenutrition.com.mx\/wp-content\/uploads\/2023\/08\/psychotic-test.jpg",704,396,false],"woocommerce_thumbnail":["https:\/\/www.musclenutrition.com.mx\/wp-content\/uploads\/2023\/08\/psychotic-test-300x300.jpg",300,300,true],"woocommerce_single":["https:\/\/www.musclenutrition.com.mx\/wp-content\/uploads\/2023\/08\/psychotic-test-600x338.jpg",600,338,true],"woocommerce_gallery_thumbnail":["https:\/\/www.musclenutrition.com.mx\/wp-content\/uploads\/2023\/08\/psychotic-test-100x100.jpg",100,100,true],"dgwt-wcas-product-suggestion":["https:\/\/www.musclenutrition.com.mx\/wp-content\/uploads\/2023\/08\/psychotic-test-64x36.jpg",64,36,true]},"uagb_author_info":{"display_name":"benjaming","author_link":"https:\/\/www.musclenutrition.com.mx\/index.php\/author\/"},"uagb_comment_info":0,"uagb_excerpt":"PSYCHOTIC TEST ENERG\u00cdA INTENSA MATRIZ DE REFUERZO DE TESTOSTERONA BOMBEOS INSANOS Esta f\u00f3rmula \u00fanica trabaja sin\u00e9rgicamente para proporcionarle bombas y energ\u00eda locas, al mismo tiempo que ayuda a sus m\u00fasculos en el crecimiento despu\u00e9s del entrenamiento. &nbsp;","_links":{"self":[{"href":"https:\/\/www.musclenutrition.com.mx\/index.php\/wp-json\/wp\/v2\/product\/1532","targetHints":{"allow":["GET"]}}],"collection":[{"href":"https:\/\/www.musclenutrition.com.mx\/index.php\/wp-json\/wp\/v2\/product"}],"about":[{"href":"https:\/\/www.musclenutrition.com.mx\/index.php\/wp-json\/wp\/v2\/types\/product"}],"replies":[{"embeddable":true,"href":"https:\/\/www.musclenutrition.com.mx\/index.php\/wp-json\/wp\/v2\/comments?post=1532"}],"wp:featuredmedia":[{"embeddable":true,"href":"https:\/\/www.musclenutrition.com.mx\/index.php\/wp-json\/wp\/v2\/media\/2316"}],"wp:attachment":[{"href":"https:\/\/www.musclenutrition.com.mx\/index.php\/wp-json\/wp\/v2\/media?parent=1532"}],"wp:term":[{"taxonomy":"product_brand","embeddable":true,"href":"https:\/\/www.musclenutrition.com.mx\/index.php\/wp-json\/wp\/v2\/product_brand?post=1532"},{"taxonomy":"product_cat","embeddable":true,"href":"https:\/\/www.musclenutrition.com.mx\/index.php\/wp-json\/wp\/v2\/product_cat?post=1532"},{"taxonomy":"product_tag","embeddable":true,"href":"https:\/\/www.musclenutrition.com.mx\/index.php\/wp-json\/wp\/v2\/product_tag?post=1532"}],"curies":[{"name":"wp","href":"https:\/\/api.w.org\/{rel}","templated":true}]}}