{"id":1510,"date":"2023-08-27T20:54:00","date_gmt":"2023-08-27T20:54:00","guid":{"rendered":"https:\/\/musclenutrition.com.mx\/?post_type=product&#038;p=1510"},"modified":"2026-03-23T15:00:37","modified_gmt":"2026-03-23T21:00:37","slug":"psychotic-hellboy","status":"publish","type":"product","link":"https:\/\/www.musclenutrition.com.mx\/index.php\/producto\/psychotic-hellboy\/","title":{"rendered":"PSYCHOTIC HELLBOY"},"content":{"rendered":"<p><strong>PSYCHOTIC HELLBOY<\/strong><\/p>\n<p>La nueva edici\u00f3n de Psychotic HELLBOY ofrece el gran sabor y la potente energ\u00eda a la que est\u00e1s acostumbrado, en una f\u00f3rmula con m\u00e1s ingredientes activos por servicio, adecuada para el h\u00e9roe m\u00e1s oscuro que vive dentro de ti.<\/p>\n<p><img decoding=\"async\" class=\"emoji\" role=\"img\" draggable=\"false\" src=\"https:\/\/s.w.org\/images\/core\/emoji\/14.0.0\/svg\/2714.svg\" alt=\"\u2714\" \/>Energ\u00eda intensa<br \/>\n<img decoding=\"async\" class=\"emoji\" role=\"img\" draggable=\"false\" src=\"https:\/\/s.w.org\/images\/core\/emoji\/14.0.0\/svg\/2714.svg\" alt=\"\u2714\" \/>Aumento de enfoque mental<br \/>\n<img decoding=\"async\" class=\"emoji\" role=\"img\" draggable=\"false\" src=\"https:\/\/s.w.org\/images\/core\/emoji\/14.0.0\/svg\/2714.svg\" alt=\"\u2714\" \/>Resistencia<\/p>\n","protected":false},"excerpt":{"rendered":"<p>PSYCHOTIC HELLBOY La nueva edici\u00f3n de Psychotic HELLBOY ofrece el gran sabor y la potente energ\u00eda a la que est\u00e1s acostumbrado, en una f\u00f3rmula con m\u00e1s ingredientes activos por servicio, adecuada para el h\u00e9roe m\u00e1s oscuro que vive dentro de ti. Energ\u00eda intensa Aumento de enfoque mental Resistencia<\/p>\n","protected":false},"featured_media":2413,"comment_status":"open","ping_status":"closed","template":"","meta":{"_uag_custom_page_level_css":"","site-sidebar-layout":"default","site-content-layout":"default","ast-global-header-display":"","ast-banner-title-visibility":"","ast-main-header-display":"","ast-hfb-above-header-display":"","ast-hfb-below-header-display":"","ast-hfb-mobile-header-display":"","site-post-title":"","ast-breadcrumbs-content":"","ast-featured-img":"","footer-sml-layout":"","theme-transparent-header-meta":"default","adv-header-id-meta":"","stick-header-meta":"","header-above-stick-meta":"","header-main-stick-meta":"","header-below-stick-meta":""},"product_brand":[],"product_cat":[35],"product_tag":[],"class_list":{"0":"post-1510","1":"product","2":"type-product","3":"status-publish","4":"has-post-thumbnail","6":"product_cat-pre-entrenos","7":"desktop-align-left","8":"tablet-align-left","9":"mobile-align-left","11":"first","12":"instock","13":"shipping-taxable","14":"purchasable","15":"product-type-variable"},"ams_default_variation_id":0,"ams_product_points_reward":[],"ams_product_discount_percentage":0,"ams_price_to_display":490,"ams_acf":[],"uagb_featured_image_src":{"full":["https:\/\/www.musclenutrition.com.mx\/wp-content\/uploads\/2023\/08\/PSYCHOTIC-HELLBOY.jpg",363,363,false],"thumbnail":["https:\/\/www.musclenutrition.com.mx\/wp-content\/uploads\/2023\/08\/PSYCHOTIC-HELLBOY-150x150.jpg",150,150,true],"medium":["https:\/\/www.musclenutrition.com.mx\/wp-content\/uploads\/2023\/08\/PSYCHOTIC-HELLBOY-300x300.jpg",300,300,true],"medium_large":["https:\/\/www.musclenutrition.com.mx\/wp-content\/uploads\/2023\/08\/PSYCHOTIC-HELLBOY.jpg",363,363,false],"large":["https:\/\/www.musclenutrition.com.mx\/wp-content\/uploads\/2023\/08\/PSYCHOTIC-HELLBOY.jpg",363,363,false],"1536x1536":["https:\/\/www.musclenutrition.com.mx\/wp-content\/uploads\/2023\/08\/PSYCHOTIC-HELLBOY.jpg",363,363,false],"2048x2048":["https:\/\/www.musclenutrition.com.mx\/wp-content\/uploads\/2023\/08\/PSYCHOTIC-HELLBOY.jpg",363,363,false],"woocommerce_thumbnail":["https:\/\/www.musclenutrition.com.mx\/wp-content\/uploads\/2023\/08\/PSYCHOTIC-HELLBOY-300x300.jpg",300,300,true],"woocommerce_single":["https:\/\/www.musclenutrition.com.mx\/wp-content\/uploads\/2023\/08\/PSYCHOTIC-HELLBOY.jpg",363,363,false],"woocommerce_gallery_thumbnail":["https:\/\/www.musclenutrition.com.mx\/wp-content\/uploads\/2023\/08\/PSYCHOTIC-HELLBOY-100x100.jpg",100,100,true],"dgwt-wcas-product-suggestion":["https:\/\/www.musclenutrition.com.mx\/wp-content\/uploads\/2023\/08\/PSYCHOTIC-HELLBOY-64x64.jpg",64,64,true]},"uagb_author_info":{"display_name":"benjaming","author_link":"https:\/\/www.musclenutrition.com.mx\/index.php\/author\/"},"uagb_comment_info":0,"uagb_excerpt":"PSYCHOTIC HELLBOY La nueva edici\u00f3n de Psychotic HELLBOY ofrece el gran sabor y la potente energ\u00eda a la que est\u00e1s acostumbrado, en una f\u00f3rmula con m\u00e1s ingredientes activos por servicio, adecuada para el h\u00e9roe m\u00e1s oscuro que vive dentro de ti. Energ\u00eda intensa Aumento de enfoque mental Resistencia","_links":{"self":[{"href":"https:\/\/www.musclenutrition.com.mx\/index.php\/wp-json\/wp\/v2\/product\/1510","targetHints":{"allow":["GET"]}}],"collection":[{"href":"https:\/\/www.musclenutrition.com.mx\/index.php\/wp-json\/wp\/v2\/product"}],"about":[{"href":"https:\/\/www.musclenutrition.com.mx\/index.php\/wp-json\/wp\/v2\/types\/product"}],"replies":[{"embeddable":true,"href":"https:\/\/www.musclenutrition.com.mx\/index.php\/wp-json\/wp\/v2\/comments?post=1510"}],"wp:featuredmedia":[{"embeddable":true,"href":"https:\/\/www.musclenutrition.com.mx\/index.php\/wp-json\/wp\/v2\/media\/2413"}],"wp:attachment":[{"href":"https:\/\/www.musclenutrition.com.mx\/index.php\/wp-json\/wp\/v2\/media?parent=1510"}],"wp:term":[{"taxonomy":"product_brand","embeddable":true,"href":"https:\/\/www.musclenutrition.com.mx\/index.php\/wp-json\/wp\/v2\/product_brand?post=1510"},{"taxonomy":"product_cat","embeddable":true,"href":"https:\/\/www.musclenutrition.com.mx\/index.php\/wp-json\/wp\/v2\/product_cat?post=1510"},{"taxonomy":"product_tag","embeddable":true,"href":"https:\/\/www.musclenutrition.com.mx\/index.php\/wp-json\/wp\/v2\/product_tag?post=1510"}],"curies":[{"name":"wp","href":"https:\/\/api.w.org\/{rel}","templated":true}]}}