{"id":1489,"date":"2023-08-27T17:30:40","date_gmt":"2023-08-27T17:30:40","guid":{"rendered":"https:\/\/musclenutrition.com.mx\/?post_type=product&#038;p=1489"},"modified":"2026-04-01T17:34:08","modified_gmt":"2026-04-01T23:34:08","slug":"psychotic-black","status":"publish","type":"product","link":"https:\/\/www.musclenutrition.com.mx\/index.php\/producto\/psychotic-black\/","title":{"rendered":"PSYCHOTIC BLACK"},"content":{"rendered":"<p><strong>PSYCHOTIC BLACK<\/strong><br \/>\nTe dar\u00e1 mayor concentraci\u00f3n, energ\u00eda insana y potenciar\u00e1 tu producci\u00f3n de fuerza en el gym. Con menos cafe\u00edna, <span class=\"red\">Psychotic BLACK<\/span>\u00a0es ideal para aquellos que necesitan ese empuj\u00f3n extra pero quieren un est\u00edmulo m\u00e1s bajo en el pre.<\/p>\n","protected":false},"excerpt":{"rendered":"<p>PSYCHOTIC BLACK Te dar\u00e1 mayor concentraci\u00f3n, energ\u00eda insana y potenciar\u00e1 tu producci\u00f3n de fuerza en el gym. Con menos cafe\u00edna, Psychotic BLACK\u00a0es ideal para aquellos que necesitan ese empuj\u00f3n extra pero quieren un est\u00edmulo m\u00e1s bajo en el pre.<\/p>\n","protected":false},"featured_media":2315,"comment_status":"open","ping_status":"closed","template":"","meta":{"_uag_custom_page_level_css":"","site-sidebar-layout":"default","site-content-layout":"default","ast-global-header-display":"","ast-banner-title-visibility":"","ast-main-header-display":"","ast-hfb-above-header-display":"","ast-hfb-below-header-display":"","ast-hfb-mobile-header-display":"","site-post-title":"","ast-breadcrumbs-content":"","ast-featured-img":"","footer-sml-layout":"","theme-transparent-header-meta":"default","adv-header-id-meta":"","stick-header-meta":"","header-above-stick-meta":"","header-main-stick-meta":"","header-below-stick-meta":""},"product_brand":[],"product_cat":[35],"product_tag":[],"class_list":{"0":"post-1489","1":"product","2":"type-product","3":"status-publish","4":"has-post-thumbnail","6":"product_cat-pre-entrenos","7":"desktop-align-left","8":"tablet-align-left","9":"mobile-align-left","11":"first","12":"instock","13":"shipping-taxable","14":"purchasable","15":"product-type-variable"},"ams_default_variation_id":0,"ams_product_points_reward":[],"ams_product_discount_percentage":0,"ams_price_to_display":420,"ams_acf":[],"uagb_featured_image_src":{"full":["https:\/\/www.musclenutrition.com.mx\/wp-content\/uploads\/2023\/08\/psychotic-black.webp",484,630,false],"thumbnail":["https:\/\/www.musclenutrition.com.mx\/wp-content\/uploads\/2023\/08\/psychotic-black-150x150.webp",150,150,true],"medium":["https:\/\/www.musclenutrition.com.mx\/wp-content\/uploads\/2023\/08\/psychotic-black-230x300.webp",230,300,true],"medium_large":["https:\/\/www.musclenutrition.com.mx\/wp-content\/uploads\/2023\/08\/psychotic-black.webp",484,630,false],"large":["https:\/\/www.musclenutrition.com.mx\/wp-content\/uploads\/2023\/08\/psychotic-black.webp",484,630,false],"1536x1536":["https:\/\/www.musclenutrition.com.mx\/wp-content\/uploads\/2023\/08\/psychotic-black.webp",484,630,false],"2048x2048":["https:\/\/www.musclenutrition.com.mx\/wp-content\/uploads\/2023\/08\/psychotic-black.webp",484,630,false],"woocommerce_thumbnail":["https:\/\/www.musclenutrition.com.mx\/wp-content\/uploads\/2023\/08\/psychotic-black-300x300.webp",300,300,true],"woocommerce_single":["https:\/\/www.musclenutrition.com.mx\/wp-content\/uploads\/2023\/08\/psychotic-black.webp",484,630,false],"woocommerce_gallery_thumbnail":["https:\/\/www.musclenutrition.com.mx\/wp-content\/uploads\/2023\/08\/psychotic-black-100x100.webp",100,100,true],"dgwt-wcas-product-suggestion":["https:\/\/www.musclenutrition.com.mx\/wp-content\/uploads\/2023\/08\/psychotic-black-64x83.webp",64,83,true]},"uagb_author_info":{"display_name":"benjaming","author_link":"https:\/\/www.musclenutrition.com.mx\/index.php\/author\/"},"uagb_comment_info":0,"uagb_excerpt":"PSYCHOTIC BLACK Te dar\u00e1 mayor concentraci\u00f3n, energ\u00eda insana y potenciar\u00e1 tu producci\u00f3n de fuerza en el gym. Con menos cafe\u00edna, Psychotic BLACK\u00a0es ideal para aquellos que necesitan ese empuj\u00f3n extra pero quieren un est\u00edmulo m\u00e1s bajo en el pre.","_links":{"self":[{"href":"https:\/\/www.musclenutrition.com.mx\/index.php\/wp-json\/wp\/v2\/product\/1489","targetHints":{"allow":["GET"]}}],"collection":[{"href":"https:\/\/www.musclenutrition.com.mx\/index.php\/wp-json\/wp\/v2\/product"}],"about":[{"href":"https:\/\/www.musclenutrition.com.mx\/index.php\/wp-json\/wp\/v2\/types\/product"}],"replies":[{"embeddable":true,"href":"https:\/\/www.musclenutrition.com.mx\/index.php\/wp-json\/wp\/v2\/comments?post=1489"}],"wp:featuredmedia":[{"embeddable":true,"href":"https:\/\/www.musclenutrition.com.mx\/index.php\/wp-json\/wp\/v2\/media\/2315"}],"wp:attachment":[{"href":"https:\/\/www.musclenutrition.com.mx\/index.php\/wp-json\/wp\/v2\/media?parent=1489"}],"wp:term":[{"taxonomy":"product_brand","embeddable":true,"href":"https:\/\/www.musclenutrition.com.mx\/index.php\/wp-json\/wp\/v2\/product_brand?post=1489"},{"taxonomy":"product_cat","embeddable":true,"href":"https:\/\/www.musclenutrition.com.mx\/index.php\/wp-json\/wp\/v2\/product_cat?post=1489"},{"taxonomy":"product_tag","embeddable":true,"href":"https:\/\/www.musclenutrition.com.mx\/index.php\/wp-json\/wp\/v2\/product_tag?post=1489"}],"curies":[{"name":"wp","href":"https:\/\/api.w.org\/{rel}","templated":true}]}}