{"id":1475,"date":"2023-08-27T17:23:51","date_gmt":"2023-08-27T17:23:51","guid":{"rendered":"https:\/\/musclenutrition.com.mx\/?post_type=product&#038;p=1475"},"modified":"2025-03-13T20:06:16","modified_gmt":"2025-03-14T02:06:16","slug":"nitraflex-black","status":"publish","type":"product","link":"https:\/\/www.musclenutrition.com.mx\/index.php\/producto\/nitraflex-black\/","title":{"rendered":"NITRAFLEX BLACK"},"content":{"rendered":"<p><strong>NITRAFLEX BLACK<\/strong><\/p>\n<p>NITRAFLEX\u00ae BLACK es nuestro pre-entrenamiento m\u00e1s poderoso y explosivo hasta el momento. Esta f\u00f3rmula de alto impacto aumenta la energ\u00eda y el enfoque con niveles cl\u00ednicamente validados de ingredientes que mejoran el rendimiento y una mezcla de nootr\u00f3picos para mantenerlo concentrado mientras golpea bombas que parten de la camisa con una resistencia duradera y una fuerza discordante. Est\u00e1 dise\u00f1ado para atletas, culturistas y entusiastas del fitness, \u00a1llevando el rendimiento al l\u00edmite! Alimenta tu entrenamiento con lo \u00faltimo en pre-entrenamiento: NUEVO NITRAFLEX BLACK.<\/p>\n","protected":false},"excerpt":{"rendered":"<p>NITRAFLEX BLACK NITRAFLEX\u00ae BLACK es nuestro pre-entrenamiento m\u00e1s poderoso y explosivo hasta el momento. Esta f\u00f3rmula de alto impacto aumenta la energ\u00eda y el enfoque con niveles cl\u00ednicamente validados de ingredientes que mejoran el rendimiento y una mezcla de nootr\u00f3picos para mantenerlo concentrado mientras golpea bombas que parten de la camisa con una resistencia duradera &hellip;<\/p>\n<p class=\"read-more\"> <a class=\"\" href=\"https:\/\/www.musclenutrition.com.mx\/index.php\/producto\/nitraflex-black\/\"> <span class=\"screen-reader-text\">NITRAFLEX BLACK<\/span> Leer m\u00e1s &raquo;<\/a><\/p>\n","protected":false},"featured_media":2312,"comment_status":"open","ping_status":"closed","template":"","meta":{"_uag_custom_page_level_css":"","site-sidebar-layout":"default","site-content-layout":"default","ast-global-header-display":"","ast-banner-title-visibility":"","ast-main-header-display":"","ast-hfb-above-header-display":"","ast-hfb-below-header-display":"","ast-hfb-mobile-header-display":"","site-post-title":"","ast-breadcrumbs-content":"","ast-featured-img":"","footer-sml-layout":"","theme-transparent-header-meta":"default","adv-header-id-meta":"","stick-header-meta":"","header-above-stick-meta":"","header-main-stick-meta":"","header-below-stick-meta":""},"product_brand":[],"product_cat":[15],"product_tag":[],"class_list":{"0":"post-1475","1":"product","2":"type-product","3":"status-publish","4":"has-post-thumbnail","6":"product_cat-sin-categorizar","7":"desktop-align-left","8":"tablet-align-left","9":"mobile-align-left","11":"first","12":"outofstock","13":"sale","14":"shipping-taxable","15":"purchasable","16":"product-type-variable"},"ams_default_variation_id":0,"ams_product_points_reward":[],"ams_product_discount_percentage":0,"ams_price_to_display":550,"ams_acf":[],"uagb_featured_image_src":{"full":["https:\/\/www.musclenutrition.com.mx\/wp-content\/uploads\/2023\/08\/nitraflex-black-1.jpg",1200,1372,false],"thumbnail":["https:\/\/www.musclenutrition.com.mx\/wp-content\/uploads\/2023\/08\/nitraflex-black-1-150x150.jpg",150,150,true],"medium":["https:\/\/www.musclenutrition.com.mx\/wp-content\/uploads\/2023\/08\/nitraflex-black-1-262x300.jpg",262,300,true],"medium_large":["https:\/\/www.musclenutrition.com.mx\/wp-content\/uploads\/2023\/08\/nitraflex-black-1-768x878.jpg",768,878,true],"large":["https:\/\/www.musclenutrition.com.mx\/wp-content\/uploads\/2023\/08\/nitraflex-black-1-896x1024.jpg",896,1024,true],"1536x1536":["https:\/\/www.musclenutrition.com.mx\/wp-content\/uploads\/2023\/08\/nitraflex-black-1.jpg",1200,1372,false],"2048x2048":["https:\/\/www.musclenutrition.com.mx\/wp-content\/uploads\/2023\/08\/nitraflex-black-1.jpg",1200,1372,false],"woocommerce_thumbnail":["https:\/\/www.musclenutrition.com.mx\/wp-content\/uploads\/2023\/08\/nitraflex-black-1-300x300.jpg",300,300,true],"woocommerce_single":["https:\/\/www.musclenutrition.com.mx\/wp-content\/uploads\/2023\/08\/nitraflex-black-1-600x686.jpg",600,686,true],"woocommerce_gallery_thumbnail":["https:\/\/www.musclenutrition.com.mx\/wp-content\/uploads\/2023\/08\/nitraflex-black-1-100x100.jpg",100,100,true],"dgwt-wcas-product-suggestion":["https:\/\/www.musclenutrition.com.mx\/wp-content\/uploads\/2023\/08\/nitraflex-black-1-64x73.jpg",64,73,true]},"uagb_author_info":{"display_name":"benjaming","author_link":"https:\/\/www.musclenutrition.com.mx\/index.php\/author\/"},"uagb_comment_info":0,"uagb_excerpt":"NITRAFLEX BLACK NITRAFLEX\u00ae BLACK es nuestro pre-entrenamiento m\u00e1s poderoso y explosivo hasta el momento. Esta f\u00f3rmula de alto impacto aumenta la energ\u00eda y el enfoque con niveles cl\u00ednicamente validados de ingredientes que mejoran el rendimiento y una mezcla de nootr\u00f3picos para mantenerlo concentrado mientras golpea bombas que parten de la camisa con una resistencia duradera&hellip;","_links":{"self":[{"href":"https:\/\/www.musclenutrition.com.mx\/index.php\/wp-json\/wp\/v2\/product\/1475","targetHints":{"allow":["GET"]}}],"collection":[{"href":"https:\/\/www.musclenutrition.com.mx\/index.php\/wp-json\/wp\/v2\/product"}],"about":[{"href":"https:\/\/www.musclenutrition.com.mx\/index.php\/wp-json\/wp\/v2\/types\/product"}],"replies":[{"embeddable":true,"href":"https:\/\/www.musclenutrition.com.mx\/index.php\/wp-json\/wp\/v2\/comments?post=1475"}],"wp:featuredmedia":[{"embeddable":true,"href":"https:\/\/www.musclenutrition.com.mx\/index.php\/wp-json\/wp\/v2\/media\/2312"}],"wp:attachment":[{"href":"https:\/\/www.musclenutrition.com.mx\/index.php\/wp-json\/wp\/v2\/media?parent=1475"}],"wp:term":[{"taxonomy":"product_brand","embeddable":true,"href":"https:\/\/www.musclenutrition.com.mx\/index.php\/wp-json\/wp\/v2\/product_brand?post=1475"},{"taxonomy":"product_cat","embeddable":true,"href":"https:\/\/www.musclenutrition.com.mx\/index.php\/wp-json\/wp\/v2\/product_cat?post=1475"},{"taxonomy":"product_tag","embeddable":true,"href":"https:\/\/www.musclenutrition.com.mx\/index.php\/wp-json\/wp\/v2\/product_tag?post=1475"}],"curies":[{"name":"wp","href":"https:\/\/api.w.org\/{rel}","templated":true}]}}