{"id":1470,"date":"2023-08-27T17:22:03","date_gmt":"2023-08-27T17:22:03","guid":{"rendered":"https:\/\/musclenutrition.com.mx\/?post_type=product&#038;p=1470"},"modified":"2026-04-14T09:00:40","modified_gmt":"2026-04-14T15:00:40","slug":"nitraflex","status":"publish","type":"product","link":"https:\/\/www.musclenutrition.com.mx\/index.php\/producto\/nitraflex\/","title":{"rendered":"NITRAFLEX"},"content":{"rendered":"<p><strong>NITRAFLEX<\/strong><\/p>\n<p>NITRAFLEX DE GAT UNICO PRE ENTRENAMIENTO CON BASE PROHORMONAL su base Fisiol\u00f3gica: &#8220;Hiperemia Reactiva de testosterona&#8221; describe el incremento en el fluido de sangre en el musculo que ocurre durante los entrenamientos de resistencia de alta-intensidad y produce el &#8220;bombeado&#8221; asociado con incrementos en el tama\u00f1o muscular . La formula Propieceutica (Propietaria + Nutraceutica) de Nitraflex contiene ingredientes sugeridos in vitro, estudios cl\u00ednicos para poseer propiedades que pueden ayudar a los atletas avanzados a maximizar la fuerza de contracci\u00f3n en el musculo, intensificar y prolongar Hiperemia Reactiva (bombeado), y promover el tama\u00f1o muscular y las ganancias en fuerza.<br \/>\nPropiedades Propieceuticas<br \/>\n&#8211; Potencia de una cucharada: Tan potente, que solo 1 cucharada (1 servida) es requerida. No excedas de 1 cucharada en un periodo de 24 horas.<br \/>\n&#8211; Alto Radio CIT:ARG: Citrulina (CIT) y L-Arginina (ARG) son precursores del Oxido N\u00edtrico(NO), un vasodilatador potente. Como sea, ARG estimula la actividad de Arginasa, una enzima que destruye la ARG. Esto puede llevar a bajo ARG y niveles de NO. Investigaciones sugieren que suplementar con una alta proporci\u00f3n de CIT a ARG puede soportar altos niveles de NO evadiendo la sobre-estimulaci\u00f3n de Arginasa. CIT es el precursor &#8220;preferido&#8221; del cuerpo para ARG por el prop\u00f3sito de sintetizar el NO. Estudios muestran que CIT incrementa los niveles de ARG y marcadores de la producci\u00f3n de NO.<br \/>\n&#8211; Proporciones \u00fanicas de mejoradores cognitivos Cl\u00ednicamente estudiados: Incluyendo 1,3,7-trimetil-1H-Purina-2,6(3H,7H)-diono, 2-(Dimetilamino)etanol y 2-Amino-4-(ethylcarbamoyl) Acido Butirico para soportar energ\u00eda inmediata, alerta y concentraci\u00f3n durante un ejercicio de alta-intensidad.<br \/>\n&#8211; Complejo elevador de Testosterona: Fructopiranosa Borato de Calcio (CFB) es un compuesto completamente no-esteroidal, id\u00e9ntico a la naturaleza mostrado en dos estudios cl\u00ednicos para incrementar la Testosterona en sujetos saludables. El incremento promedio en Testosterona total y libre (&#8220;activa&#8221;) en un estudio de 6 semanas fue de 56% y 29.5% respectivamente. En un segundo estudio, la Testosterona total y libre incremento por un promedio de 10.2% y 5.25% respectivamente, en solo 3 horas despu\u00e9s de una simple dosis de CFB. Considerando que solo el 2% de Testosterona es normalmente libre, son incrementos significativos. CFB no es una sustancia prohibida.<\/p>\n","protected":false},"excerpt":{"rendered":"<p>NITRAFLEX NITRAFLEX DE GAT UNICO PRE ENTRENAMIENTO CON BASE PROHORMONAL su base Fisiol\u00f3gica: &#8220;Hiperemia Reactiva de testosterona&#8221; describe el incremento en el fluido de sangre en el musculo que ocurre durante los entrenamientos de resistencia de alta-intensidad y produce el &#8220;bombeado&#8221; asociado con incrementos en el tama\u00f1o muscular . La formula Propieceutica (Propietaria + Nutraceutica) &hellip;<\/p>\n<p class=\"read-more\"> <a class=\"\" href=\"https:\/\/www.musclenutrition.com.mx\/index.php\/producto\/nitraflex\/\"> <span class=\"screen-reader-text\">NITRAFLEX<\/span> Leer m\u00e1s &raquo;<\/a><\/p>\n","protected":false},"featured_media":2508,"comment_status":"open","ping_status":"closed","template":"","meta":{"_uag_custom_page_level_css":"","site-sidebar-layout":"default","site-content-layout":"default","ast-global-header-display":"","ast-banner-title-visibility":"","ast-main-header-display":"","ast-hfb-above-header-display":"","ast-hfb-below-header-display":"","ast-hfb-mobile-header-display":"","site-post-title":"","ast-breadcrumbs-content":"","ast-featured-img":"","footer-sml-layout":"","theme-transparent-header-meta":"default","adv-header-id-meta":"","stick-header-meta":"","header-above-stick-meta":"","header-main-stick-meta":"","header-below-stick-meta":""},"product_brand":[],"product_cat":[35],"product_tag":[],"class_list":{"0":"post-1470","1":"product","2":"type-product","3":"status-publish","4":"has-post-thumbnail","6":"product_cat-pre-entrenos","7":"desktop-align-left","8":"tablet-align-left","9":"mobile-align-left","11":"first","12":"instock","13":"shipping-taxable","14":"purchasable","15":"product-type-variable"},"ams_default_variation_id":0,"ams_product_points_reward":[],"ams_product_discount_percentage":0,"ams_price_to_display":550,"ams_acf":[],"uagb_featured_image_src":{"full":["https:\/\/www.musclenutrition.com.mx\/wp-content\/uploads\/2023\/08\/nitraflex.png",622,775,false],"thumbnail":["https:\/\/www.musclenutrition.com.mx\/wp-content\/uploads\/2023\/08\/nitraflex-150x150.png",150,150,true],"medium":["https:\/\/www.musclenutrition.com.mx\/wp-content\/uploads\/2023\/08\/nitraflex-241x300.png",241,300,true],"medium_large":["https:\/\/www.musclenutrition.com.mx\/wp-content\/uploads\/2023\/08\/nitraflex.png",622,775,false],"large":["https:\/\/www.musclenutrition.com.mx\/wp-content\/uploads\/2023\/08\/nitraflex.png",622,775,false],"1536x1536":["https:\/\/www.musclenutrition.com.mx\/wp-content\/uploads\/2023\/08\/nitraflex.png",622,775,false],"2048x2048":["https:\/\/www.musclenutrition.com.mx\/wp-content\/uploads\/2023\/08\/nitraflex.png",622,775,false],"woocommerce_thumbnail":["https:\/\/www.musclenutrition.com.mx\/wp-content\/uploads\/2023\/08\/nitraflex-300x300.png",300,300,true],"woocommerce_single":["https:\/\/www.musclenutrition.com.mx\/wp-content\/uploads\/2023\/08\/nitraflex-600x748.png",600,748,true],"woocommerce_gallery_thumbnail":["https:\/\/www.musclenutrition.com.mx\/wp-content\/uploads\/2023\/08\/nitraflex-100x100.png",100,100,true],"dgwt-wcas-product-suggestion":["https:\/\/www.musclenutrition.com.mx\/wp-content\/uploads\/2023\/08\/nitraflex-64x80.png",64,80,true]},"uagb_author_info":{"display_name":"benjaming","author_link":"https:\/\/www.musclenutrition.com.mx\/index.php\/author\/"},"uagb_comment_info":3,"uagb_excerpt":"NITRAFLEX NITRAFLEX DE GAT UNICO PRE ENTRENAMIENTO CON BASE PROHORMONAL su base Fisiol\u00f3gica: &#8220;Hiperemia Reactiva de testosterona&#8221; describe el incremento en el fluido de sangre en el musculo que ocurre durante los entrenamientos de resistencia de alta-intensidad y produce el &#8220;bombeado&#8221; asociado con incrementos en el tama\u00f1o muscular . La formula Propieceutica (Propietaria + Nutraceutica)&hellip;","_links":{"self":[{"href":"https:\/\/www.musclenutrition.com.mx\/index.php\/wp-json\/wp\/v2\/product\/1470","targetHints":{"allow":["GET"]}}],"collection":[{"href":"https:\/\/www.musclenutrition.com.mx\/index.php\/wp-json\/wp\/v2\/product"}],"about":[{"href":"https:\/\/www.musclenutrition.com.mx\/index.php\/wp-json\/wp\/v2\/types\/product"}],"replies":[{"embeddable":true,"href":"https:\/\/www.musclenutrition.com.mx\/index.php\/wp-json\/wp\/v2\/comments?post=1470"}],"wp:featuredmedia":[{"embeddable":true,"href":"https:\/\/www.musclenutrition.com.mx\/index.php\/wp-json\/wp\/v2\/media\/2508"}],"wp:attachment":[{"href":"https:\/\/www.musclenutrition.com.mx\/index.php\/wp-json\/wp\/v2\/media?parent=1470"}],"wp:term":[{"taxonomy":"product_brand","embeddable":true,"href":"https:\/\/www.musclenutrition.com.mx\/index.php\/wp-json\/wp\/v2\/product_brand?post=1470"},{"taxonomy":"product_cat","embeddable":true,"href":"https:\/\/www.musclenutrition.com.mx\/index.php\/wp-json\/wp\/v2\/product_cat?post=1470"},{"taxonomy":"product_tag","embeddable":true,"href":"https:\/\/www.musclenutrition.com.mx\/index.php\/wp-json\/wp\/v2\/product_tag?post=1470"}],"curies":[{"name":"wp","href":"https:\/\/api.w.org\/{rel}","templated":true}]}}