{"id":1457,"date":"2023-08-27T17:16:50","date_gmt":"2023-08-27T23:16:50","guid":{"rendered":"https:\/\/musclenutrition.com.mx\/?post_type=product&#038;p=1457"},"modified":"2025-12-19T13:13:20","modified_gmt":"2025-12-19T19:13:20","slug":"mutant-caffeine-240-cab","status":"publish","type":"product","link":"https:\/\/www.musclenutrition.com.mx\/index.php\/producto\/mutant-caffeine-240-cab\/","title":{"rendered":"MUTANT CAFFEINE 240 CAPS"},"content":{"rendered":"<p><strong>MUTANT CAFE\u00cdNA<\/strong><\/p>\n<p>La cafe\u00edna es el estimulante m\u00e1s popular del mundo! Ayuda a energizar su entrenamiento, aplastar el hambre, mejorar la concentraci\u00f3n mental y combatir la fatiga.<\/p>\n<p>MUTANT CAFE\u00cdNA proporciona 200 mg de cafe\u00edna anhidra de grado farmac\u00e9utico por porci\u00f3n.<\/p>\n<p>Mejora del rendimiento en deportes de fuerza y potencia hasta en un 20%<br \/>\nLos levantadores de pesas mejoraron el rendimiento en promedio un 9.5%<br \/>\nLos velocistas mejoraron el rendimiento en promedio un 6.5%<br \/>\nLa tasa de esfuerzo percibido (fatiga) se reduce en una media del 6%<\/p>\n","protected":false},"excerpt":{"rendered":"<p>MUTANT CAFE\u00cdNA La cafe\u00edna es el estimulante m\u00e1s popular del mundo! Ayuda a energizar su entrenamiento, aplastar el hambre, mejorar la concentraci\u00f3n mental y combatir la fatiga. MUTANT CAFE\u00cdNA proporciona 200 mg de cafe\u00edna anhidra de grado farmac\u00e9utico por porci\u00f3n. Mejora del rendimiento en deportes de fuerza y potencia hasta en un 20% Los levantadores &hellip;<\/p>\n<p class=\"read-more\"> <a class=\"\" href=\"https:\/\/www.musclenutrition.com.mx\/index.php\/producto\/mutant-caffeine-240-cab\/\"> <span class=\"screen-reader-text\">MUTANT CAFFEINE 240 CAPS<\/span> Leer m\u00e1s &raquo;<\/a><\/p>\n","protected":false},"featured_media":1458,"comment_status":"open","ping_status":"closed","template":"","meta":{"_uag_custom_page_level_css":"","site-sidebar-layout":"default","site-content-layout":"default","ast-global-header-display":"","ast-banner-title-visibility":"","ast-main-header-display":"","ast-hfb-above-header-display":"","ast-hfb-below-header-display":"","ast-hfb-mobile-header-display":"","site-post-title":"","ast-breadcrumbs-content":"","ast-featured-img":"","footer-sml-layout":"","theme-transparent-header-meta":"default","adv-header-id-meta":"","stick-header-meta":"","header-above-stick-meta":"","header-main-stick-meta":"","header-below-stick-meta":""},"product_brand":[],"product_cat":[35],"product_tag":[],"class_list":{"0":"post-1457","1":"product","2":"type-product","3":"status-publish","4":"has-post-thumbnail","6":"product_cat-pre-entrenos","7":"desktop-align-left","8":"tablet-align-left","9":"mobile-align-left","11":"first","12":"outofstock","13":"shipping-taxable","14":"purchasable","15":"product-type-simple"},"ams_default_variation_id":0,"ams_product_points_reward":[],"ams_product_discount_percentage":0,"ams_price_to_display":270,"ams_acf":[],"uagb_featured_image_src":{"full":["https:\/\/www.musclenutrition.com.mx\/wp-content\/uploads\/2023\/08\/bote_mutant_caffeine.webp",600,657,false],"thumbnail":["https:\/\/www.musclenutrition.com.mx\/wp-content\/uploads\/2023\/08\/bote_mutant_caffeine-150x150.webp",150,150,true],"medium":["https:\/\/www.musclenutrition.com.mx\/wp-content\/uploads\/2023\/08\/bote_mutant_caffeine-274x300.webp",274,300,true],"medium_large":["https:\/\/www.musclenutrition.com.mx\/wp-content\/uploads\/2023\/08\/bote_mutant_caffeine.webp",600,657,false],"large":["https:\/\/www.musclenutrition.com.mx\/wp-content\/uploads\/2023\/08\/bote_mutant_caffeine.webp",600,657,false],"1536x1536":["https:\/\/www.musclenutrition.com.mx\/wp-content\/uploads\/2023\/08\/bote_mutant_caffeine.webp",600,657,false],"2048x2048":["https:\/\/www.musclenutrition.com.mx\/wp-content\/uploads\/2023\/08\/bote_mutant_caffeine.webp",600,657,false],"woocommerce_thumbnail":["https:\/\/www.musclenutrition.com.mx\/wp-content\/uploads\/2023\/08\/bote_mutant_caffeine-300x300.webp",300,300,true],"woocommerce_single":["https:\/\/www.musclenutrition.com.mx\/wp-content\/uploads\/2023\/08\/bote_mutant_caffeine.webp",600,657,false],"woocommerce_gallery_thumbnail":["https:\/\/www.musclenutrition.com.mx\/wp-content\/uploads\/2023\/08\/bote_mutant_caffeine-100x100.webp",100,100,true],"dgwt-wcas-product-suggestion":["https:\/\/www.musclenutrition.com.mx\/wp-content\/uploads\/2023\/08\/bote_mutant_caffeine.webp",64,70,false]},"uagb_author_info":{"display_name":"benjaming","author_link":"https:\/\/www.musclenutrition.com.mx\/index.php\/author\/"},"uagb_comment_info":0,"uagb_excerpt":"MUTANT CAFE\u00cdNA La cafe\u00edna es el estimulante m\u00e1s popular del mundo! Ayuda a energizar su entrenamiento, aplastar el hambre, mejorar la concentraci\u00f3n mental y combatir la fatiga. MUTANT CAFE\u00cdNA proporciona 200 mg de cafe\u00edna anhidra de grado farmac\u00e9utico por porci\u00f3n. Mejora del rendimiento en deportes de fuerza y potencia hasta en un 20% Los levantadores&hellip;","_links":{"self":[{"href":"https:\/\/www.musclenutrition.com.mx\/index.php\/wp-json\/wp\/v2\/product\/1457","targetHints":{"allow":["GET"]}}],"collection":[{"href":"https:\/\/www.musclenutrition.com.mx\/index.php\/wp-json\/wp\/v2\/product"}],"about":[{"href":"https:\/\/www.musclenutrition.com.mx\/index.php\/wp-json\/wp\/v2\/types\/product"}],"replies":[{"embeddable":true,"href":"https:\/\/www.musclenutrition.com.mx\/index.php\/wp-json\/wp\/v2\/comments?post=1457"}],"wp:featuredmedia":[{"embeddable":true,"href":"https:\/\/www.musclenutrition.com.mx\/index.php\/wp-json\/wp\/v2\/media\/1458"}],"wp:attachment":[{"href":"https:\/\/www.musclenutrition.com.mx\/index.php\/wp-json\/wp\/v2\/media?parent=1457"}],"wp:term":[{"taxonomy":"product_brand","embeddable":true,"href":"https:\/\/www.musclenutrition.com.mx\/index.php\/wp-json\/wp\/v2\/product_brand?post=1457"},{"taxonomy":"product_cat","embeddable":true,"href":"https:\/\/www.musclenutrition.com.mx\/index.php\/wp-json\/wp\/v2\/product_cat?post=1457"},{"taxonomy":"product_tag","embeddable":true,"href":"https:\/\/www.musclenutrition.com.mx\/index.php\/wp-json\/wp\/v2\/product_tag?post=1457"}],"curies":[{"name":"wp","href":"https:\/\/api.w.org\/{rel}","templated":true}]}}