{"id":1443,"date":"2023-08-27T17:12:23","date_gmt":"2023-08-27T17:12:23","guid":{"rendered":"https:\/\/musclenutrition.com.mx\/?post_type=product&#038;p=1443"},"modified":"2026-03-03T06:19:07","modified_gmt":"2026-03-03T12:19:07","slug":"insane-veinz","status":"publish","type":"product","link":"https:\/\/www.musclenutrition.com.mx\/index.php\/producto\/insane-veinz\/","title":{"rendered":"INSANE VEINZ"},"content":{"rendered":"<p><strong>INSANE VEINZ<\/strong><\/p>\n<p>Insane Veinz es uno de una clase no estimulante basado pre entrenamiento hecho para aumentar la vascularidad a trav\u00e9s de su entrenamiento y durante horas despu\u00e9s. No hay nada como Insane Veinz en el mercado y Insane Labz ha levantado el list\u00f3n para que todas las otras compa\u00f1\u00edas intenten seguir. Las venas insanas se pueden mezclar con Psychotic o cualquier otro estimulante basado antes del entrenamiento para esa materia. Si usted quiere Vascularidad de una vida Insane Labz ha hecho el producto para usted.<\/p>\n","protected":false},"excerpt":{"rendered":"<p>INSANE VEINZ Insane Veinz es uno de una clase no estimulante basado pre entrenamiento hecho para aumentar la vascularidad a trav\u00e9s de su entrenamiento y durante horas despu\u00e9s. No hay nada como Insane Veinz en el mercado y Insane Labz ha levantado el list\u00f3n para que todas las otras compa\u00f1\u00edas intenten seguir. Las venas insanas &hellip;<\/p>\n<p class=\"read-more\"> <a class=\"\" href=\"https:\/\/www.musclenutrition.com.mx\/index.php\/producto\/insane-veinz\/\"> <span class=\"screen-reader-text\">INSANE VEINZ<\/span> Leer m\u00e1s &raquo;<\/a><\/p>\n","protected":false},"featured_media":2310,"comment_status":"open","ping_status":"closed","template":"","meta":{"_uag_custom_page_level_css":"","site-sidebar-layout":"default","site-content-layout":"default","ast-global-header-display":"","ast-banner-title-visibility":"","ast-main-header-display":"","ast-hfb-above-header-display":"","ast-hfb-below-header-display":"","ast-hfb-mobile-header-display":"","site-post-title":"","ast-breadcrumbs-content":"","ast-featured-img":"","footer-sml-layout":"","theme-transparent-header-meta":"default","adv-header-id-meta":"","stick-header-meta":"","header-above-stick-meta":"","header-main-stick-meta":"","header-below-stick-meta":""},"product_brand":[],"product_cat":[35],"product_tag":[],"class_list":{"0":"post-1443","1":"product","2":"type-product","3":"status-publish","4":"has-post-thumbnail","6":"product_cat-pre-entrenos","7":"desktop-align-left","8":"tablet-align-left","9":"mobile-align-left","11":"first","12":"instock","13":"shipping-taxable","14":"purchasable","15":"product-type-variable"},"ams_default_variation_id":0,"ams_product_points_reward":[],"ams_product_discount_percentage":0,"ams_price_to_display":480,"ams_acf":[],"uagb_featured_image_src":{"full":["https:\/\/www.musclenutrition.com.mx\/wp-content\/uploads\/2023\/08\/INSANE-VEINZ.webp",625,625,false],"thumbnail":["https:\/\/www.musclenutrition.com.mx\/wp-content\/uploads\/2023\/08\/INSANE-VEINZ-150x150.webp",150,150,true],"medium":["https:\/\/www.musclenutrition.com.mx\/wp-content\/uploads\/2023\/08\/INSANE-VEINZ-300x300.webp",300,300,true],"medium_large":["https:\/\/www.musclenutrition.com.mx\/wp-content\/uploads\/2023\/08\/INSANE-VEINZ.webp",625,625,false],"large":["https:\/\/www.musclenutrition.com.mx\/wp-content\/uploads\/2023\/08\/INSANE-VEINZ.webp",625,625,false],"1536x1536":["https:\/\/www.musclenutrition.com.mx\/wp-content\/uploads\/2023\/08\/INSANE-VEINZ.webp",625,625,false],"2048x2048":["https:\/\/www.musclenutrition.com.mx\/wp-content\/uploads\/2023\/08\/INSANE-VEINZ.webp",625,625,false],"woocommerce_thumbnail":["https:\/\/www.musclenutrition.com.mx\/wp-content\/uploads\/2023\/08\/INSANE-VEINZ-300x300.webp",300,300,true],"woocommerce_single":["https:\/\/www.musclenutrition.com.mx\/wp-content\/uploads\/2023\/08\/INSANE-VEINZ-600x600.webp",600,600,true],"woocommerce_gallery_thumbnail":["https:\/\/www.musclenutrition.com.mx\/wp-content\/uploads\/2023\/08\/INSANE-VEINZ-100x100.webp",100,100,true],"dgwt-wcas-product-suggestion":["https:\/\/www.musclenutrition.com.mx\/wp-content\/uploads\/2023\/08\/INSANE-VEINZ-64x64.webp",64,64,true]},"uagb_author_info":{"display_name":"benjaming","author_link":"https:\/\/www.musclenutrition.com.mx\/index.php\/author\/"},"uagb_comment_info":0,"uagb_excerpt":"INSANE VEINZ Insane Veinz es uno de una clase no estimulante basado pre entrenamiento hecho para aumentar la vascularidad a trav\u00e9s de su entrenamiento y durante horas despu\u00e9s. No hay nada como Insane Veinz en el mercado y Insane Labz ha levantado el list\u00f3n para que todas las otras compa\u00f1\u00edas intenten seguir. Las venas insanas&hellip;","_links":{"self":[{"href":"https:\/\/www.musclenutrition.com.mx\/index.php\/wp-json\/wp\/v2\/product\/1443","targetHints":{"allow":["GET"]}}],"collection":[{"href":"https:\/\/www.musclenutrition.com.mx\/index.php\/wp-json\/wp\/v2\/product"}],"about":[{"href":"https:\/\/www.musclenutrition.com.mx\/index.php\/wp-json\/wp\/v2\/types\/product"}],"replies":[{"embeddable":true,"href":"https:\/\/www.musclenutrition.com.mx\/index.php\/wp-json\/wp\/v2\/comments?post=1443"}],"wp:featuredmedia":[{"embeddable":true,"href":"https:\/\/www.musclenutrition.com.mx\/index.php\/wp-json\/wp\/v2\/media\/2310"}],"wp:attachment":[{"href":"https:\/\/www.musclenutrition.com.mx\/index.php\/wp-json\/wp\/v2\/media?parent=1443"}],"wp:term":[{"taxonomy":"product_brand","embeddable":true,"href":"https:\/\/www.musclenutrition.com.mx\/index.php\/wp-json\/wp\/v2\/product_brand?post=1443"},{"taxonomy":"product_cat","embeddable":true,"href":"https:\/\/www.musclenutrition.com.mx\/index.php\/wp-json\/wp\/v2\/product_cat?post=1443"},{"taxonomy":"product_tag","embeddable":true,"href":"https:\/\/www.musclenutrition.com.mx\/index.php\/wp-json\/wp\/v2\/product_tag?post=1443"}],"curies":[{"name":"wp","href":"https:\/\/api.w.org\/{rel}","templated":true}]}}