{"id":1428,"date":"2023-08-27T17:03:20","date_gmt":"2023-08-27T17:03:20","guid":{"rendered":"https:\/\/musclenutrition.com.mx\/?post_type=product&#038;p=1428"},"modified":"2026-03-11T18:27:40","modified_gmt":"2026-03-12T00:27:40","slug":"gat-arginina-180-tabs","status":"publish","type":"product","link":"https:\/\/www.musclenutrition.com.mx\/index.php\/producto\/gat-arginina-180-tabs\/","title":{"rendered":"GAT ARGININA 180 TABS"},"content":{"rendered":"<p>La L-Arginina de Gat Sport, es un amino\u00e1cido esencial que favorece la producci\u00f3n de \u00f3xido n\u00edtrico que mejora la circulaci\u00f3n sangu\u00ednea, el bombeo muscular y el rendimiento deportivo.\u00a0 Es un suplemento clave para potenciar la vasodilataci\u00f3n, lo que permite una mejor oxigenaci\u00f3n y nutrici\u00f3n de los m\u00fasculos durante el entrenamiento. Al estimular la producci\u00f3n de \u00f3xido n\u00edtrico, ayuda a mejorar la resistencia, el crecimiento muscular y la recuperaci\u00f3n. Adem\u00e1s, contribuye al bienestar cardiovascular y al sistema inmunol\u00f3gico. Sus beneficios son:<\/p>\n<ul>\n<li>Aumenta el flujo sangu\u00edneo y el bombeo muscular.<\/li>\n<li>Favorece la s\u00edntesis de prote\u00ednas y el crecimiento muscular.<\/li>\n<li>Mejora la resistencia y el rendimiento deportivo.<\/li>\n<li>Apoya la salud cardiovascular y la funci\u00f3n inmunol\u00f3gica.<\/li>\n<\/ul>\n<p>&nbsp;<\/p>\n","protected":false},"excerpt":{"rendered":"<p>La L-Arginina de Gat Sport, es un amino\u00e1cido esencial que favorece la producci\u00f3n de \u00f3xido n\u00edtrico que mejora la circulaci\u00f3n sangu\u00ednea, el bombeo muscular y el rendimiento deportivo.\u00a0 Es un suplemento clave para potenciar la vasodilataci\u00f3n, lo que permite una mejor oxigenaci\u00f3n y nutrici\u00f3n de los m\u00fasculos durante el entrenamiento. Al estimular la producci\u00f3n de &hellip;<\/p>\n<p class=\"read-more\"> <a class=\"\" href=\"https:\/\/www.musclenutrition.com.mx\/index.php\/producto\/gat-arginina-180-tabs\/\"> <span class=\"screen-reader-text\">GAT ARGININA 180 TABS<\/span> Leer m\u00e1s &raquo;<\/a><\/p>\n","protected":false},"featured_media":1429,"comment_status":"open","ping_status":"closed","template":"","meta":{"_uag_custom_page_level_css":"","site-sidebar-layout":"default","site-content-layout":"default","ast-global-header-display":"","ast-banner-title-visibility":"","ast-main-header-display":"","ast-hfb-above-header-display":"","ast-hfb-below-header-display":"","ast-hfb-mobile-header-display":"","site-post-title":"","ast-breadcrumbs-content":"","ast-featured-img":"","footer-sml-layout":"","theme-transparent-header-meta":"default","adv-header-id-meta":"","stick-header-meta":"","header-above-stick-meta":"","header-main-stick-meta":"","header-below-stick-meta":""},"product_brand":[],"product_cat":[33],"product_tag":[],"class_list":{"0":"post-1428","1":"product","2":"type-product","3":"status-publish","4":"has-post-thumbnail","6":"product_cat-aminoacidos","7":"desktop-align-left","8":"tablet-align-left","9":"mobile-align-left","11":"first","12":"instock","13":"shipping-taxable","14":"purchasable","15":"product-type-simple"},"ams_default_variation_id":0,"ams_product_points_reward":[],"ams_product_discount_percentage":0,"ams_price_to_display":420,"ams_acf":[],"uagb_featured_image_src":{"full":["https:\/\/www.musclenutrition.com.mx\/wp-content\/uploads\/2023\/08\/51sZKL3rGgL.jpg",747,971,false],"thumbnail":["https:\/\/www.musclenutrition.com.mx\/wp-content\/uploads\/2023\/08\/51sZKL3rGgL-150x150.jpg",150,150,true],"medium":["https:\/\/www.musclenutrition.com.mx\/wp-content\/uploads\/2023\/08\/51sZKL3rGgL-231x300.jpg",231,300,true],"medium_large":["https:\/\/www.musclenutrition.com.mx\/wp-content\/uploads\/2023\/08\/51sZKL3rGgL.jpg",747,971,false],"large":["https:\/\/www.musclenutrition.com.mx\/wp-content\/uploads\/2023\/08\/51sZKL3rGgL.jpg",747,971,false],"1536x1536":["https:\/\/www.musclenutrition.com.mx\/wp-content\/uploads\/2023\/08\/51sZKL3rGgL.jpg",747,971,false],"2048x2048":["https:\/\/www.musclenutrition.com.mx\/wp-content\/uploads\/2023\/08\/51sZKL3rGgL.jpg",747,971,false],"woocommerce_thumbnail":["https:\/\/www.musclenutrition.com.mx\/wp-content\/uploads\/2023\/08\/51sZKL3rGgL-300x300.jpg",300,300,true],"woocommerce_single":["https:\/\/www.musclenutrition.com.mx\/wp-content\/uploads\/2023\/08\/51sZKL3rGgL-600x780.jpg",600,780,true],"woocommerce_gallery_thumbnail":["https:\/\/www.musclenutrition.com.mx\/wp-content\/uploads\/2023\/08\/51sZKL3rGgL-100x100.jpg",100,100,true],"dgwt-wcas-product-suggestion":["https:\/\/www.musclenutrition.com.mx\/wp-content\/uploads\/2023\/08\/51sZKL3rGgL.jpg",64,83,false]},"uagb_author_info":{"display_name":"benjaming","author_link":"https:\/\/www.musclenutrition.com.mx\/index.php\/author\/"},"uagb_comment_info":0,"uagb_excerpt":"La L-Arginina de Gat Sport, es un amino\u00e1cido esencial que favorece la producci\u00f3n de \u00f3xido n\u00edtrico que mejora la circulaci\u00f3n sangu\u00ednea, el bombeo muscular y el rendimiento deportivo.\u00a0 Es un suplemento clave para potenciar la vasodilataci\u00f3n, lo que permite una mejor oxigenaci\u00f3n y nutrici\u00f3n de los m\u00fasculos durante el entrenamiento. Al estimular la producci\u00f3n de&hellip;","_links":{"self":[{"href":"https:\/\/www.musclenutrition.com.mx\/index.php\/wp-json\/wp\/v2\/product\/1428","targetHints":{"allow":["GET"]}}],"collection":[{"href":"https:\/\/www.musclenutrition.com.mx\/index.php\/wp-json\/wp\/v2\/product"}],"about":[{"href":"https:\/\/www.musclenutrition.com.mx\/index.php\/wp-json\/wp\/v2\/types\/product"}],"replies":[{"embeddable":true,"href":"https:\/\/www.musclenutrition.com.mx\/index.php\/wp-json\/wp\/v2\/comments?post=1428"}],"wp:featuredmedia":[{"embeddable":true,"href":"https:\/\/www.musclenutrition.com.mx\/index.php\/wp-json\/wp\/v2\/media\/1429"}],"wp:attachment":[{"href":"https:\/\/www.musclenutrition.com.mx\/index.php\/wp-json\/wp\/v2\/media?parent=1428"}],"wp:term":[{"taxonomy":"product_brand","embeddable":true,"href":"https:\/\/www.musclenutrition.com.mx\/index.php\/wp-json\/wp\/v2\/product_brand?post=1428"},{"taxonomy":"product_cat","embeddable":true,"href":"https:\/\/www.musclenutrition.com.mx\/index.php\/wp-json\/wp\/v2\/product_cat?post=1428"},{"taxonomy":"product_tag","embeddable":true,"href":"https:\/\/www.musclenutrition.com.mx\/index.php\/wp-json\/wp\/v2\/product_tag?post=1428"}],"curies":[{"name":"wp","href":"https:\/\/api.w.org\/{rel}","templated":true}]}}