{"id":1426,"date":"2023-08-27T17:02:24","date_gmt":"2023-08-27T17:02:24","guid":{"rendered":"https:\/\/musclenutrition.com.mx\/?post_type=product&#038;p=1426"},"modified":"2026-03-10T06:09:04","modified_gmt":"2026-03-10T12:09:04","slug":"evogen-evp-3d","status":"publish","type":"product","link":"https:\/\/www.musclenutrition.com.mx\/index.php\/producto\/evogen-evp-3d\/","title":{"rendered":"EVOGEN EVP 3D"},"content":{"rendered":"<p><strong>EVP 3D<\/strong><\/p>\n<p>EVP-3D es perfecto para aquellos que a\u00fan desean concentraci\u00f3n mental pero son sensibles a la cafe\u00edna y los estimulantes. Es ideal para personas que entrenan a altas horas de la noche y necesitan poder dormir despu\u00e9s del entrenamiento. Esto ayuda a garantizar el descanso adecuado para recuperar y desarrollar m\u00fasculos de calidad. Tambi\u00e9n es una excelente soluci\u00f3n para aquellos a los que les gustan los estimulantes todo el a\u00f1o y necesitan tomarse un descanso para permitir que sus sistemas se reinicien.<\/p>\n","protected":false},"excerpt":{"rendered":"<p>EVP 3D EVP-3D es perfecto para aquellos que a\u00fan desean concentraci\u00f3n mental pero son sensibles a la cafe\u00edna y los estimulantes. Es ideal para personas que entrenan a altas horas de la noche y necesitan poder dormir despu\u00e9s del entrenamiento. Esto ayuda a garantizar el descanso adecuado para recuperar y desarrollar m\u00fasculos de calidad. Tambi\u00e9n &hellip;<\/p>\n<p class=\"read-more\"> <a class=\"\" href=\"https:\/\/www.musclenutrition.com.mx\/index.php\/producto\/evogen-evp-3d\/\"> <span class=\"screen-reader-text\">EVOGEN EVP 3D<\/span> Leer m\u00e1s &raquo;<\/a><\/p>\n","protected":false},"featured_media":3522,"comment_status":"open","ping_status":"closed","template":"","meta":{"_uag_custom_page_level_css":"","site-sidebar-layout":"default","site-content-layout":"default","ast-global-header-display":"","ast-banner-title-visibility":"","ast-main-header-display":"","ast-hfb-above-header-display":"","ast-hfb-below-header-display":"","ast-hfb-mobile-header-display":"","site-post-title":"","ast-breadcrumbs-content":"","ast-featured-img":"","footer-sml-layout":"","theme-transparent-header-meta":"default","adv-header-id-meta":"","stick-header-meta":"","header-above-stick-meta":"","header-main-stick-meta":"","header-below-stick-meta":""},"product_brand":[],"product_cat":[35],"product_tag":[],"class_list":{"0":"post-1426","1":"product","2":"type-product","3":"status-publish","4":"has-post-thumbnail","6":"product_cat-pre-entrenos","7":"desktop-align-left","8":"tablet-align-left","9":"mobile-align-left","11":"first","12":"instock","13":"shipping-taxable","14":"purchasable","15":"product-type-variable"},"ams_default_variation_id":0,"ams_product_points_reward":[],"ams_product_discount_percentage":0,"ams_price_to_display":720,"ams_acf":[],"uagb_featured_image_src":{"full":["https:\/\/www.musclenutrition.com.mx\/wp-content\/uploads\/2023\/08\/EVOGEN3D.png",587,628,false],"thumbnail":["https:\/\/www.musclenutrition.com.mx\/wp-content\/uploads\/2023\/08\/EVOGEN3D-150x150.png",150,150,true],"medium":["https:\/\/www.musclenutrition.com.mx\/wp-content\/uploads\/2023\/08\/EVOGEN3D-280x300.png",280,300,true],"medium_large":["https:\/\/www.musclenutrition.com.mx\/wp-content\/uploads\/2023\/08\/EVOGEN3D.png",587,628,false],"large":["https:\/\/www.musclenutrition.com.mx\/wp-content\/uploads\/2023\/08\/EVOGEN3D.png",587,628,false],"1536x1536":["https:\/\/www.musclenutrition.com.mx\/wp-content\/uploads\/2023\/08\/EVOGEN3D.png",587,628,false],"2048x2048":["https:\/\/www.musclenutrition.com.mx\/wp-content\/uploads\/2023\/08\/EVOGEN3D.png",587,628,false],"woocommerce_thumbnail":["https:\/\/www.musclenutrition.com.mx\/wp-content\/uploads\/2023\/08\/EVOGEN3D-300x300.png",300,300,true],"woocommerce_single":["https:\/\/www.musclenutrition.com.mx\/wp-content\/uploads\/2023\/08\/EVOGEN3D.png",587,628,false],"woocommerce_gallery_thumbnail":["https:\/\/www.musclenutrition.com.mx\/wp-content\/uploads\/2023\/08\/EVOGEN3D-100x100.png",100,100,true],"dgwt-wcas-product-suggestion":["https:\/\/www.musclenutrition.com.mx\/wp-content\/uploads\/2023\/08\/EVOGEN3D-64x68.png",64,68,true]},"uagb_author_info":{"display_name":"benjaming","author_link":"https:\/\/www.musclenutrition.com.mx\/index.php\/author\/"},"uagb_comment_info":0,"uagb_excerpt":"EVP 3D EVP-3D es perfecto para aquellos que a\u00fan desean concentraci\u00f3n mental pero son sensibles a la cafe\u00edna y los estimulantes. Es ideal para personas que entrenan a altas horas de la noche y necesitan poder dormir despu\u00e9s del entrenamiento. Esto ayuda a garantizar el descanso adecuado para recuperar y desarrollar m\u00fasculos de calidad. Tambi\u00e9n&hellip;","_links":{"self":[{"href":"https:\/\/www.musclenutrition.com.mx\/index.php\/wp-json\/wp\/v2\/product\/1426","targetHints":{"allow":["GET"]}}],"collection":[{"href":"https:\/\/www.musclenutrition.com.mx\/index.php\/wp-json\/wp\/v2\/product"}],"about":[{"href":"https:\/\/www.musclenutrition.com.mx\/index.php\/wp-json\/wp\/v2\/types\/product"}],"replies":[{"embeddable":true,"href":"https:\/\/www.musclenutrition.com.mx\/index.php\/wp-json\/wp\/v2\/comments?post=1426"}],"wp:featuredmedia":[{"embeddable":true,"href":"https:\/\/www.musclenutrition.com.mx\/index.php\/wp-json\/wp\/v2\/media\/3522"}],"wp:attachment":[{"href":"https:\/\/www.musclenutrition.com.mx\/index.php\/wp-json\/wp\/v2\/media?parent=1426"}],"wp:term":[{"taxonomy":"product_brand","embeddable":true,"href":"https:\/\/www.musclenutrition.com.mx\/index.php\/wp-json\/wp\/v2\/product_brand?post=1426"},{"taxonomy":"product_cat","embeddable":true,"href":"https:\/\/www.musclenutrition.com.mx\/index.php\/wp-json\/wp\/v2\/product_cat?post=1426"},{"taxonomy":"product_tag","embeddable":true,"href":"https:\/\/www.musclenutrition.com.mx\/index.php\/wp-json\/wp\/v2\/product_tag?post=1426"}],"curies":[{"name":"wp","href":"https:\/\/api.w.org\/{rel}","templated":true}]}}