{"id":1420,"date":"2023-08-27T17:00:43","date_gmt":"2023-08-27T17:00:43","guid":{"rendered":"https:\/\/musclenutrition.com.mx\/?post_type=product&#038;p=1420"},"modified":"2025-01-08T16:13:58","modified_gmt":"2025-01-08T22:13:58","slug":"demon-dust","status":"publish","type":"product","link":"https:\/\/www.musclenutrition.com.mx\/index.php\/producto\/demon-dust\/","title":{"rendered":"DEMON DUST"},"content":{"rendered":"<p><strong>DEMON DUST<\/strong><\/p>\n<p>Demon Dust es un producto de Asylum tan creativo como no hay otro. Demon Dust es un polvo seco promotor de energ\u00eda, significando que no necesitas agua para energizarte. Te podr\u00e1s preguntar \u00bfEn cu\u00e1nto tiempo? Solo toma una cucharada y depos\u00edtalo debajo de tu lengua, d\u00e9jalo disolverse por 15 segundos y entonces come el residuo de polvo con sabor canela que quede ah\u00ed. Demon Dust trabaja tan r\u00e1pidamente que es genial para cuando vas de camino o sales a trabajar. Demon Dust es una nueva manera de aumentar tu energ\u00eda o usar un pre work, como sea el caso. NO SE NECESITAN YA MAS UN SHAKER!<\/p>\n<p><img decoding=\"async\" class=\"emoji\" role=\"img\" draggable=\"false\" src=\"https:\/\/s.w.org\/images\/core\/emoji\/14.0.0\/svg\/2714.svg\" alt=\"\u2714\" \/>Car\u00e1cteristicas Principales<br \/>\n<img decoding=\"async\" class=\"emoji\" role=\"img\" draggable=\"false\" src=\"https:\/\/s.w.org\/images\/core\/emoji\/14.0.0\/svg\/2714.svg\" alt=\"\u2714\" \/>M\u00e9todo de dosificacion a base de polvo<br \/>\n<img decoding=\"async\" class=\"emoji\" role=\"img\" draggable=\"false\" src=\"https:\/\/s.w.org\/images\/core\/emoji\/14.0.0\/svg\/2714.svg\" alt=\"\u2714\" \/>No necesitas agua<br \/>\n<img decoding=\"async\" class=\"emoji\" role=\"img\" draggable=\"false\" src=\"https:\/\/s.w.org\/images\/core\/emoji\/14.0.0\/svg\/2714.svg\" alt=\"\u2714\" \/>Refresca el aliento<br \/>\n<img decoding=\"async\" class=\"emoji\" role=\"img\" draggable=\"false\" src=\"https:\/\/s.w.org\/images\/core\/emoji\/14.0.0\/svg\/2714.svg\" alt=\"\u2714\" \/>Sorprendente energ\u00eda<br \/>\n<img decoding=\"async\" class=\"emoji\" role=\"img\" draggable=\"false\" src=\"https:\/\/s.w.org\/images\/core\/emoji\/14.0.0\/svg\/2714.svg\" alt=\"\u2714\" \/>F\u00e1cil de llevar<\/p>\n","protected":false},"excerpt":{"rendered":"<p>DEMON DUST Demon Dust es un producto de Asylum tan creativo como no hay otro. Demon Dust es un polvo seco promotor de energ\u00eda, significando que no necesitas agua para energizarte. Te podr\u00e1s preguntar \u00bfEn cu\u00e1nto tiempo? Solo toma una cucharada y depos\u00edtalo debajo de tu lengua, d\u00e9jalo disolverse por 15 segundos y entonces come &hellip;<\/p>\n<p class=\"read-more\"> <a class=\"\" href=\"https:\/\/www.musclenutrition.com.mx\/index.php\/producto\/demon-dust\/\"> <span class=\"screen-reader-text\">DEMON DUST<\/span> Leer m\u00e1s &raquo;<\/a><\/p>\n","protected":false},"featured_media":1421,"comment_status":"open","ping_status":"closed","template":"","meta":{"_uag_custom_page_level_css":"","site-sidebar-layout":"default","site-content-layout":"default","ast-global-header-display":"","ast-banner-title-visibility":"","ast-main-header-display":"","ast-hfb-above-header-display":"","ast-hfb-below-header-display":"","ast-hfb-mobile-header-display":"","site-post-title":"","ast-breadcrumbs-content":"","ast-featured-img":"","footer-sml-layout":"","theme-transparent-header-meta":"default","adv-header-id-meta":"","stick-header-meta":"","header-above-stick-meta":"","header-main-stick-meta":"","header-below-stick-meta":""},"product_brand":[],"product_cat":[15],"product_tag":[],"class_list":{"0":"post-1420","1":"product","2":"type-product","3":"status-publish","4":"has-post-thumbnail","6":"product_cat-sin-categorizar","7":"desktop-align-left","8":"tablet-align-left","9":"mobile-align-left","11":"first","12":"outofstock","13":"shipping-taxable","14":"purchasable","15":"product-type-simple"},"ams_default_variation_id":0,"ams_product_points_reward":[],"ams_product_discount_percentage":0,"ams_price_to_display":430,"ams_acf":[],"uagb_featured_image_src":{"full":["https:\/\/www.musclenutrition.com.mx\/wp-content\/uploads\/2023\/08\/61UGZy4zeRL._AC_SL1318_.jpg",1318,1240,false],"thumbnail":["https:\/\/www.musclenutrition.com.mx\/wp-content\/uploads\/2023\/08\/61UGZy4zeRL._AC_SL1318_-150x150.jpg",150,150,true],"medium":["https:\/\/www.musclenutrition.com.mx\/wp-content\/uploads\/2023\/08\/61UGZy4zeRL._AC_SL1318_-300x282.jpg",300,282,true],"medium_large":["https:\/\/www.musclenutrition.com.mx\/wp-content\/uploads\/2023\/08\/61UGZy4zeRL._AC_SL1318_-768x723.jpg",768,723,true],"large":["https:\/\/www.musclenutrition.com.mx\/wp-content\/uploads\/2023\/08\/61UGZy4zeRL._AC_SL1318_-1024x963.jpg",1024,963,true],"1536x1536":["https:\/\/www.musclenutrition.com.mx\/wp-content\/uploads\/2023\/08\/61UGZy4zeRL._AC_SL1318_.jpg",1318,1240,false],"2048x2048":["https:\/\/www.musclenutrition.com.mx\/wp-content\/uploads\/2023\/08\/61UGZy4zeRL._AC_SL1318_.jpg",1318,1240,false],"woocommerce_thumbnail":["https:\/\/www.musclenutrition.com.mx\/wp-content\/uploads\/2023\/08\/61UGZy4zeRL._AC_SL1318_-300x300.jpg",300,300,true],"woocommerce_single":["https:\/\/www.musclenutrition.com.mx\/wp-content\/uploads\/2023\/08\/61UGZy4zeRL._AC_SL1318_-600x564.jpg",600,564,true],"woocommerce_gallery_thumbnail":["https:\/\/www.musclenutrition.com.mx\/wp-content\/uploads\/2023\/08\/61UGZy4zeRL._AC_SL1318_-100x100.jpg",100,100,true],"dgwt-wcas-product-suggestion":["https:\/\/www.musclenutrition.com.mx\/wp-content\/uploads\/2023\/08\/61UGZy4zeRL._AC_SL1318_.jpg",64,60,false]},"uagb_author_info":{"display_name":"benjaming","author_link":"https:\/\/www.musclenutrition.com.mx\/index.php\/author\/"},"uagb_comment_info":0,"uagb_excerpt":"DEMON DUST Demon Dust es un producto de Asylum tan creativo como no hay otro. Demon Dust es un polvo seco promotor de energ\u00eda, significando que no necesitas agua para energizarte. Te podr\u00e1s preguntar \u00bfEn cu\u00e1nto tiempo? Solo toma una cucharada y depos\u00edtalo debajo de tu lengua, d\u00e9jalo disolverse por 15 segundos y entonces come&hellip;","_links":{"self":[{"href":"https:\/\/www.musclenutrition.com.mx\/index.php\/wp-json\/wp\/v2\/product\/1420","targetHints":{"allow":["GET"]}}],"collection":[{"href":"https:\/\/www.musclenutrition.com.mx\/index.php\/wp-json\/wp\/v2\/product"}],"about":[{"href":"https:\/\/www.musclenutrition.com.mx\/index.php\/wp-json\/wp\/v2\/types\/product"}],"replies":[{"embeddable":true,"href":"https:\/\/www.musclenutrition.com.mx\/index.php\/wp-json\/wp\/v2\/comments?post=1420"}],"wp:featuredmedia":[{"embeddable":true,"href":"https:\/\/www.musclenutrition.com.mx\/index.php\/wp-json\/wp\/v2\/media\/1421"}],"wp:attachment":[{"href":"https:\/\/www.musclenutrition.com.mx\/index.php\/wp-json\/wp\/v2\/media?parent=1420"}],"wp:term":[{"taxonomy":"product_brand","embeddable":true,"href":"https:\/\/www.musclenutrition.com.mx\/index.php\/wp-json\/wp\/v2\/product_brand?post=1420"},{"taxonomy":"product_cat","embeddable":true,"href":"https:\/\/www.musclenutrition.com.mx\/index.php\/wp-json\/wp\/v2\/product_cat?post=1420"},{"taxonomy":"product_tag","embeddable":true,"href":"https:\/\/www.musclenutrition.com.mx\/index.php\/wp-json\/wp\/v2\/product_tag?post=1420"}],"curies":[{"name":"wp","href":"https:\/\/api.w.org\/{rel}","templated":true}]}}