{"id":1418,"date":"2023-08-27T17:00:04","date_gmt":"2023-08-27T17:00:04","guid":{"rendered":"https:\/\/musclenutrition.com.mx\/?post_type=product&#038;p=1418"},"modified":"2025-03-13T20:04:04","modified_gmt":"2025-03-14T02:04:04","slug":"christopher-secret-stuff-cherry","status":"publish","type":"product","link":"https:\/\/www.musclenutrition.com.mx\/index.php\/producto\/christopher-secret-stuff-cherry\/","title":{"rendered":"CHRISTOPHER SECRET STUFF (CHERRY)"},"content":{"rendered":"<p><strong>CHRISTOPHER SECRET STUFF<\/strong><\/p>\n<p>Este giro cr\u00edptico en nuestro Pre-Entrenamiento CBUM Thavage m\u00e1s vendido enviar\u00e1 una oleada de dulzura electrizante a sus papilas gustativas que lo dejar\u00e1n adivinando mientras se dirige al gimnasio.<br \/>\nCanaliza tu Thavage interior con este sabor de edici\u00f3n limitada que CBUM describe como &#8220;sabe a ganar&#8221;.<\/p>\n","protected":false},"excerpt":{"rendered":"<p>CHRISTOPHER SECRET STUFF Este giro cr\u00edptico en nuestro Pre-Entrenamiento CBUM Thavage m\u00e1s vendido enviar\u00e1 una oleada de dulzura electrizante a sus papilas gustativas que lo dejar\u00e1n adivinando mientras se dirige al gimnasio. Canaliza tu Thavage interior con este sabor de edici\u00f3n limitada que CBUM describe como &#8220;sabe a ganar&#8221;.<\/p>\n","protected":false},"featured_media":1419,"comment_status":"open","ping_status":"closed","template":"","meta":{"_uag_custom_page_level_css":"","site-sidebar-layout":"default","site-content-layout":"default","ast-global-header-display":"","ast-banner-title-visibility":"","ast-main-header-display":"","ast-hfb-above-header-display":"","ast-hfb-below-header-display":"","ast-hfb-mobile-header-display":"","site-post-title":"","ast-breadcrumbs-content":"","ast-featured-img":"","footer-sml-layout":"","theme-transparent-header-meta":"default","adv-header-id-meta":"","stick-header-meta":"","header-above-stick-meta":"","header-main-stick-meta":"","header-below-stick-meta":""},"product_brand":[],"product_cat":[15],"product_tag":[],"class_list":{"0":"post-1418","1":"product","2":"type-product","3":"status-publish","4":"has-post-thumbnail","6":"product_cat-sin-categorizar","7":"desktop-align-left","8":"tablet-align-left","9":"mobile-align-left","11":"first","12":"outofstock","13":"shipping-taxable","14":"purchasable","15":"product-type-simple"},"ams_default_variation_id":0,"ams_product_points_reward":[],"ams_product_discount_percentage":0,"ams_price_to_display":640,"ams_acf":[],"uagb_featured_image_src":{"full":["https:\/\/www.musclenutrition.com.mx\/wp-content\/uploads\/2023\/08\/Untitleddesign_56_31b06aca-b34e-4b65-9c9f-d6483008c6ba__76382.jpg",1000,1000,false],"thumbnail":["https:\/\/www.musclenutrition.com.mx\/wp-content\/uploads\/2023\/08\/Untitleddesign_56_31b06aca-b34e-4b65-9c9f-d6483008c6ba__76382-150x150.jpg",150,150,true],"medium":["https:\/\/www.musclenutrition.com.mx\/wp-content\/uploads\/2023\/08\/Untitleddesign_56_31b06aca-b34e-4b65-9c9f-d6483008c6ba__76382-300x300.jpg",300,300,true],"medium_large":["https:\/\/www.musclenutrition.com.mx\/wp-content\/uploads\/2023\/08\/Untitleddesign_56_31b06aca-b34e-4b65-9c9f-d6483008c6ba__76382-768x768.jpg",768,768,true],"large":["https:\/\/www.musclenutrition.com.mx\/wp-content\/uploads\/2023\/08\/Untitleddesign_56_31b06aca-b34e-4b65-9c9f-d6483008c6ba__76382.jpg",1000,1000,false],"1536x1536":["https:\/\/www.musclenutrition.com.mx\/wp-content\/uploads\/2023\/08\/Untitleddesign_56_31b06aca-b34e-4b65-9c9f-d6483008c6ba__76382.jpg",1000,1000,false],"2048x2048":["https:\/\/www.musclenutrition.com.mx\/wp-content\/uploads\/2023\/08\/Untitleddesign_56_31b06aca-b34e-4b65-9c9f-d6483008c6ba__76382.jpg",1000,1000,false],"woocommerce_thumbnail":["https:\/\/www.musclenutrition.com.mx\/wp-content\/uploads\/2023\/08\/Untitleddesign_56_31b06aca-b34e-4b65-9c9f-d6483008c6ba__76382-300x300.jpg",300,300,true],"woocommerce_single":["https:\/\/www.musclenutrition.com.mx\/wp-content\/uploads\/2023\/08\/Untitleddesign_56_31b06aca-b34e-4b65-9c9f-d6483008c6ba__76382-600x600.jpg",600,600,true],"woocommerce_gallery_thumbnail":["https:\/\/www.musclenutrition.com.mx\/wp-content\/uploads\/2023\/08\/Untitleddesign_56_31b06aca-b34e-4b65-9c9f-d6483008c6ba__76382-100x100.jpg",100,100,true],"dgwt-wcas-product-suggestion":["https:\/\/www.musclenutrition.com.mx\/wp-content\/uploads\/2023\/08\/Untitleddesign_56_31b06aca-b34e-4b65-9c9f-d6483008c6ba__76382.jpg",64,64,false]},"uagb_author_info":{"display_name":"benjaming","author_link":"https:\/\/www.musclenutrition.com.mx\/index.php\/author\/"},"uagb_comment_info":0,"uagb_excerpt":"CHRISTOPHER SECRET STUFF Este giro cr\u00edptico en nuestro Pre-Entrenamiento CBUM Thavage m\u00e1s vendido enviar\u00e1 una oleada de dulzura electrizante a sus papilas gustativas que lo dejar\u00e1n adivinando mientras se dirige al gimnasio. Canaliza tu Thavage interior con este sabor de edici\u00f3n limitada que CBUM describe como &#8220;sabe a ganar&#8221;.","_links":{"self":[{"href":"https:\/\/www.musclenutrition.com.mx\/index.php\/wp-json\/wp\/v2\/product\/1418","targetHints":{"allow":["GET"]}}],"collection":[{"href":"https:\/\/www.musclenutrition.com.mx\/index.php\/wp-json\/wp\/v2\/product"}],"about":[{"href":"https:\/\/www.musclenutrition.com.mx\/index.php\/wp-json\/wp\/v2\/types\/product"}],"replies":[{"embeddable":true,"href":"https:\/\/www.musclenutrition.com.mx\/index.php\/wp-json\/wp\/v2\/comments?post=1418"}],"wp:featuredmedia":[{"embeddable":true,"href":"https:\/\/www.musclenutrition.com.mx\/index.php\/wp-json\/wp\/v2\/media\/1419"}],"wp:attachment":[{"href":"https:\/\/www.musclenutrition.com.mx\/index.php\/wp-json\/wp\/v2\/media?parent=1418"}],"wp:term":[{"taxonomy":"product_brand","embeddable":true,"href":"https:\/\/www.musclenutrition.com.mx\/index.php\/wp-json\/wp\/v2\/product_brand?post=1418"},{"taxonomy":"product_cat","embeddable":true,"href":"https:\/\/www.musclenutrition.com.mx\/index.php\/wp-json\/wp\/v2\/product_cat?post=1418"},{"taxonomy":"product_tag","embeddable":true,"href":"https:\/\/www.musclenutrition.com.mx\/index.php\/wp-json\/wp\/v2\/product_tag?post=1418"}],"curies":[{"name":"wp","href":"https:\/\/api.w.org\/{rel}","templated":true}]}}