{"id":1398,"date":"2023-08-27T16:54:37","date_gmt":"2023-08-27T16:54:37","guid":{"rendered":"https:\/\/musclenutrition.com.mx\/?post_type=product&#038;p=1398"},"modified":"2026-03-17T17:01:40","modified_gmt":"2026-03-17T23:01:40","slug":"c4-30servs","status":"publish","type":"product","link":"https:\/\/www.musclenutrition.com.mx\/index.php\/producto\/c4-30servs\/","title":{"rendered":"C4 30 SERVS"},"content":{"rendered":"<p><strong>C4 ORIGINAL<\/strong><\/p>\n<p>La energ\u00eda explosiva, el enfoque intensificado y un impulsoabrumador para hacer frente a cualquier desaf\u00edo &#8230; esa es la experiencia C4. Millones de personas, desde principiantes hasta los competidores de \u00e9lite, han confiado en C4 para ayudarles a convertir sus ambiciones en logros.<br \/>\nComo el primer pre-entrenamiento de Am\u00e9rica, C4 Original cumple con su s\u00f3lida reputaci\u00f3n con una f\u00f3rmula cl\u00e1sica para energ\u00eda avanzada, resistencia, enfoque y bombas.<\/p>\n","protected":false},"excerpt":{"rendered":"<p>C4 ORIGINAL La energ\u00eda explosiva, el enfoque intensificado y un impulsoabrumador para hacer frente a cualquier desaf\u00edo &#8230; esa es la experiencia C4. Millones de personas, desde principiantes hasta los competidores de \u00e9lite, han confiado en C4 para ayudarles a convertir sus ambiciones en logros. Como el primer pre-entrenamiento de Am\u00e9rica, C4 Original cumple con &hellip;<\/p>\n<p class=\"read-more\"> <a class=\"\" href=\"https:\/\/www.musclenutrition.com.mx\/index.php\/producto\/c4-30servs\/\"> <span class=\"screen-reader-text\">C4 30 SERVS<\/span> Leer m\u00e1s &raquo;<\/a><\/p>\n","protected":false},"featured_media":1406,"comment_status":"open","ping_status":"closed","template":"","meta":{"_uag_custom_page_level_css":"","site-sidebar-layout":"default","site-content-layout":"default","ast-global-header-display":"","ast-banner-title-visibility":"","ast-main-header-display":"","ast-hfb-above-header-display":"","ast-hfb-below-header-display":"","ast-hfb-mobile-header-display":"","site-post-title":"","ast-breadcrumbs-content":"","ast-featured-img":"","footer-sml-layout":"","theme-transparent-header-meta":"default","adv-header-id-meta":"","stick-header-meta":"","header-above-stick-meta":"","header-main-stick-meta":"","header-below-stick-meta":""},"product_brand":[],"product_cat":[35],"product_tag":[],"class_list":{"0":"post-1398","1":"product","2":"type-product","3":"status-publish","4":"has-post-thumbnail","6":"product_cat-pre-entrenos","7":"desktop-align-left","8":"tablet-align-left","9":"mobile-align-left","11":"first","12":"instock","13":"shipping-taxable","14":"purchasable","15":"product-type-variable"},"ams_default_variation_id":0,"ams_product_points_reward":[],"ams_product_discount_percentage":0,"ams_price_to_display":490,"ams_acf":[],"uagb_featured_image_src":{"full":["https:\/\/www.musclenutrition.com.mx\/wp-content\/uploads\/2023\/08\/C4.webp",612,612,false],"thumbnail":["https:\/\/www.musclenutrition.com.mx\/wp-content\/uploads\/2023\/08\/C4-150x150.webp",150,150,true],"medium":["https:\/\/www.musclenutrition.com.mx\/wp-content\/uploads\/2023\/08\/C4-300x300.webp",300,300,true],"medium_large":["https:\/\/www.musclenutrition.com.mx\/wp-content\/uploads\/2023\/08\/C4.webp",612,612,false],"large":["https:\/\/www.musclenutrition.com.mx\/wp-content\/uploads\/2023\/08\/C4.webp",612,612,false],"1536x1536":["https:\/\/www.musclenutrition.com.mx\/wp-content\/uploads\/2023\/08\/C4.webp",612,612,false],"2048x2048":["https:\/\/www.musclenutrition.com.mx\/wp-content\/uploads\/2023\/08\/C4.webp",612,612,false],"woocommerce_thumbnail":["https:\/\/www.musclenutrition.com.mx\/wp-content\/uploads\/2023\/08\/C4-300x300.webp",300,300,true],"woocommerce_single":["https:\/\/www.musclenutrition.com.mx\/wp-content\/uploads\/2023\/08\/C4-600x600.webp",600,600,true],"woocommerce_gallery_thumbnail":["https:\/\/www.musclenutrition.com.mx\/wp-content\/uploads\/2023\/08\/C4-100x100.webp",100,100,true],"dgwt-wcas-product-suggestion":["https:\/\/www.musclenutrition.com.mx\/wp-content\/uploads\/2023\/08\/C4.webp",64,64,false]},"uagb_author_info":{"display_name":"benjaming","author_link":"https:\/\/www.musclenutrition.com.mx\/index.php\/author\/"},"uagb_comment_info":0,"uagb_excerpt":"C4 ORIGINAL La energ\u00eda explosiva, el enfoque intensificado y un impulsoabrumador para hacer frente a cualquier desaf\u00edo &#8230; esa es la experiencia C4. Millones de personas, desde principiantes hasta los competidores de \u00e9lite, han confiado en C4 para ayudarles a convertir sus ambiciones en logros. Como el primer pre-entrenamiento de Am\u00e9rica, C4 Original cumple con&hellip;","_links":{"self":[{"href":"https:\/\/www.musclenutrition.com.mx\/index.php\/wp-json\/wp\/v2\/product\/1398","targetHints":{"allow":["GET"]}}],"collection":[{"href":"https:\/\/www.musclenutrition.com.mx\/index.php\/wp-json\/wp\/v2\/product"}],"about":[{"href":"https:\/\/www.musclenutrition.com.mx\/index.php\/wp-json\/wp\/v2\/types\/product"}],"replies":[{"embeddable":true,"href":"https:\/\/www.musclenutrition.com.mx\/index.php\/wp-json\/wp\/v2\/comments?post=1398"}],"wp:featuredmedia":[{"embeddable":true,"href":"https:\/\/www.musclenutrition.com.mx\/index.php\/wp-json\/wp\/v2\/media\/1406"}],"wp:attachment":[{"href":"https:\/\/www.musclenutrition.com.mx\/index.php\/wp-json\/wp\/v2\/media?parent=1398"}],"wp:term":[{"taxonomy":"product_brand","embeddable":true,"href":"https:\/\/www.musclenutrition.com.mx\/index.php\/wp-json\/wp\/v2\/product_brand?post=1398"},{"taxonomy":"product_cat","embeddable":true,"href":"https:\/\/www.musclenutrition.com.mx\/index.php\/wp-json\/wp\/v2\/product_cat?post=1398"},{"taxonomy":"product_tag","embeddable":true,"href":"https:\/\/www.musclenutrition.com.mx\/index.php\/wp-json\/wp\/v2\/product_tag?post=1398"}],"curies":[{"name":"wp","href":"https:\/\/api.w.org\/{rel}","templated":true}]}}