{"id":1384,"date":"2023-08-27T16:48:49","date_gmt":"2023-08-27T16:48:49","guid":{"rendered":"https:\/\/musclenutrition.com.mx\/?post_type=product&#038;p=1384"},"modified":"2026-04-13T17:22:46","modified_gmt":"2026-04-13T23:22:46","slug":"bipolar","status":"publish","type":"product","link":"https:\/\/www.musclenutrition.com.mx\/index.php\/producto\/bipolar\/","title":{"rendered":"BIPOLAR"},"content":{"rendered":"<p>Descubre la intensidad y el poder de BIPOLAR INTENSITY PRE WORKOUT de Hysterical Science Labs, dise\u00f1ado para llevar tus entrenamientos al l\u00edmite, est\u00e1 formulado con una combinaci\u00f3n \u00fanica de ingredientes activos como Beta-alanina, Cafe\u00edna y L-arginina, que trabajan sin\u00e9rgicamente para maximizar tu rendimiento, concentraci\u00f3n y fuerza. Adem\u00e1s, contiene MTCOIL para apoyar tus niveles de energ\u00eda durante el ejercicio m\u00e1s exigente.<\/p>\n","protected":false},"excerpt":{"rendered":"<p>Descubre la intensidad y el poder de BIPOLAR INTENSITY PRE WORKOUT de Hysterical Science Labs, dise\u00f1ado para llevar tus entrenamientos al l\u00edmite, est\u00e1 formulado con una combinaci\u00f3n \u00fanica de ingredientes activos como Beta-alanina, Cafe\u00edna y L-arginina, que trabajan sin\u00e9rgicamente para maximizar tu rendimiento, concentraci\u00f3n y fuerza. Adem\u00e1s, contiene MTCOIL para apoyar tus niveles de energ\u00eda &hellip;<\/p>\n<p class=\"read-more\"> <a class=\"\" href=\"https:\/\/www.musclenutrition.com.mx\/index.php\/producto\/bipolar\/\"> <span class=\"screen-reader-text\">BIPOLAR<\/span> Leer m\u00e1s &raquo;<\/a><\/p>\n","protected":false},"featured_media":4274,"comment_status":"open","ping_status":"closed","template":"","meta":{"_uag_custom_page_level_css":"","site-sidebar-layout":"default","site-content-layout":"default","ast-global-header-display":"","ast-banner-title-visibility":"","ast-main-header-display":"","ast-hfb-above-header-display":"","ast-hfb-below-header-display":"","ast-hfb-mobile-header-display":"","site-post-title":"","ast-breadcrumbs-content":"","ast-featured-img":"","footer-sml-layout":"","theme-transparent-header-meta":"default","adv-header-id-meta":"","stick-header-meta":"","header-above-stick-meta":"","header-main-stick-meta":"","header-below-stick-meta":""},"product_brand":[],"product_cat":[35],"product_tag":[],"class_list":{"0":"post-1384","1":"product","2":"type-product","3":"status-publish","4":"has-post-thumbnail","6":"product_cat-pre-entrenos","7":"desktop-align-left","8":"tablet-align-left","9":"mobile-align-left","11":"first","12":"instock","13":"shipping-taxable","14":"purchasable","15":"product-type-variable"},"ams_default_variation_id":0,"ams_product_points_reward":[],"ams_product_discount_percentage":0,"ams_price_to_display":480,"ams_acf":[],"uagb_featured_image_src":{"full":["https:\/\/www.musclenutrition.com.mx\/wp-content\/uploads\/2023\/08\/D_NQ_NP_2X_665136-MLU79099041742_092024-F.webp",852,1199,false],"thumbnail":["https:\/\/www.musclenutrition.com.mx\/wp-content\/uploads\/2023\/08\/D_NQ_NP_2X_665136-MLU79099041742_092024-F-150x150.webp",150,150,true],"medium":["https:\/\/www.musclenutrition.com.mx\/wp-content\/uploads\/2023\/08\/D_NQ_NP_2X_665136-MLU79099041742_092024-F-213x300.webp",213,300,true],"medium_large":["https:\/\/www.musclenutrition.com.mx\/wp-content\/uploads\/2023\/08\/D_NQ_NP_2X_665136-MLU79099041742_092024-F-768x1081.webp",768,1081,true],"large":["https:\/\/www.musclenutrition.com.mx\/wp-content\/uploads\/2023\/08\/D_NQ_NP_2X_665136-MLU79099041742_092024-F-728x1024.webp",728,1024,true],"1536x1536":["https:\/\/www.musclenutrition.com.mx\/wp-content\/uploads\/2023\/08\/D_NQ_NP_2X_665136-MLU79099041742_092024-F.webp",852,1199,false],"2048x2048":["https:\/\/www.musclenutrition.com.mx\/wp-content\/uploads\/2023\/08\/D_NQ_NP_2X_665136-MLU79099041742_092024-F.webp",852,1199,false],"woocommerce_thumbnail":["https:\/\/www.musclenutrition.com.mx\/wp-content\/uploads\/2023\/08\/D_NQ_NP_2X_665136-MLU79099041742_092024-F-300x300.webp",300,300,true],"woocommerce_single":["https:\/\/www.musclenutrition.com.mx\/wp-content\/uploads\/2023\/08\/D_NQ_NP_2X_665136-MLU79099041742_092024-F-600x844.webp",600,844,true],"woocommerce_gallery_thumbnail":["https:\/\/www.musclenutrition.com.mx\/wp-content\/uploads\/2023\/08\/D_NQ_NP_2X_665136-MLU79099041742_092024-F-100x100.webp",100,100,true],"dgwt-wcas-product-suggestion":["https:\/\/www.musclenutrition.com.mx\/wp-content\/uploads\/2023\/08\/D_NQ_NP_2X_665136-MLU79099041742_092024-F-64x90.webp",64,90,true]},"uagb_author_info":{"display_name":"benjaming","author_link":"https:\/\/www.musclenutrition.com.mx\/index.php\/author\/"},"uagb_comment_info":0,"uagb_excerpt":"Descubre la intensidad y el poder de BIPOLAR INTENSITY PRE WORKOUT de Hysterical Science Labs, dise\u00f1ado para llevar tus entrenamientos al l\u00edmite, est\u00e1 formulado con una combinaci\u00f3n \u00fanica de ingredientes activos como Beta-alanina, Cafe\u00edna y L-arginina, que trabajan sin\u00e9rgicamente para maximizar tu rendimiento, concentraci\u00f3n y fuerza. Adem\u00e1s, contiene MTCOIL para apoyar tus niveles de energ\u00eda&hellip;","_links":{"self":[{"href":"https:\/\/www.musclenutrition.com.mx\/index.php\/wp-json\/wp\/v2\/product\/1384","targetHints":{"allow":["GET"]}}],"collection":[{"href":"https:\/\/www.musclenutrition.com.mx\/index.php\/wp-json\/wp\/v2\/product"}],"about":[{"href":"https:\/\/www.musclenutrition.com.mx\/index.php\/wp-json\/wp\/v2\/types\/product"}],"replies":[{"embeddable":true,"href":"https:\/\/www.musclenutrition.com.mx\/index.php\/wp-json\/wp\/v2\/comments?post=1384"}],"wp:featuredmedia":[{"embeddable":true,"href":"https:\/\/www.musclenutrition.com.mx\/index.php\/wp-json\/wp\/v2\/media\/4274"}],"wp:attachment":[{"href":"https:\/\/www.musclenutrition.com.mx\/index.php\/wp-json\/wp\/v2\/media?parent=1384"}],"wp:term":[{"taxonomy":"product_brand","embeddable":true,"href":"https:\/\/www.musclenutrition.com.mx\/index.php\/wp-json\/wp\/v2\/product_brand?post=1384"},{"taxonomy":"product_cat","embeddable":true,"href":"https:\/\/www.musclenutrition.com.mx\/index.php\/wp-json\/wp\/v2\/product_cat?post=1384"},{"taxonomy":"product_tag","embeddable":true,"href":"https:\/\/www.musclenutrition.com.mx\/index.php\/wp-json\/wp\/v2\/product_tag?post=1384"}],"curies":[{"name":"wp","href":"https:\/\/api.w.org\/{rel}","templated":true}]}}