{"id":1382,"date":"2023-08-27T16:46:11","date_gmt":"2023-08-27T16:46:11","guid":{"rendered":"https:\/\/musclenutrition.com.mx\/?post_type=product&#038;p=1382"},"modified":"2026-04-06T17:20:50","modified_gmt":"2026-04-06T23:20:50","slug":"bamf-black-welcome-to-miami","status":"publish","type":"product","link":"https:\/\/www.musclenutrition.com.mx\/index.php\/producto\/bamf-black-welcome-to-miami\/","title":{"rendered":"BAMF BLACK"},"content":{"rendered":"<p><strong>BAMF<\/strong><\/p>\n<p>Presentamos BAMF BLACK a nuestra serie BLACK .<br \/>\nComo el primer y \u00fanico pre-entrenamiento nootr\u00f3pico VERDADERO, BAMF presenta tres ingredientes potentes para ayudar a brindar agudeza mental y enfoque de nivel Da Vinci adem\u00e1s de todo lo que espera de nosotros: energ\u00eda, resistencia, energ\u00eda y rendimiento.<\/p>\n<p>BAMF Black agrega una mezcla mineral especial de\u00e1cido h\u00famico y f\u00falvicopara ayudar a desintoxicar el sistema y promover una absorci\u00f3n saludable de nutrientes.<\/p>\n","protected":false},"excerpt":{"rendered":"<p>BAMF Presentamos BAMF BLACK a nuestra serie BLACK . Como el primer y \u00fanico pre-entrenamiento nootr\u00f3pico VERDADERO, BAMF presenta tres ingredientes potentes para ayudar a brindar agudeza mental y enfoque de nivel Da Vinci adem\u00e1s de todo lo que espera de nosotros: energ\u00eda, resistencia, energ\u00eda y rendimiento. BAMF Black agrega una mezcla mineral especial de\u00e1cido &hellip;<\/p>\n<p class=\"read-more\"> <a class=\"\" href=\"https:\/\/www.musclenutrition.com.mx\/index.php\/producto\/bamf-black-welcome-to-miami\/\"> <span class=\"screen-reader-text\">BAMF BLACK<\/span> Leer m\u00e1s &raquo;<\/a><\/p>\n","protected":false},"featured_media":1383,"comment_status":"open","ping_status":"closed","template":"","meta":{"_uag_custom_page_level_css":"","site-sidebar-layout":"default","site-content-layout":"default","ast-global-header-display":"","ast-banner-title-visibility":"","ast-main-header-display":"","ast-hfb-above-header-display":"","ast-hfb-below-header-display":"","ast-hfb-mobile-header-display":"","site-post-title":"","ast-breadcrumbs-content":"","ast-featured-img":"","footer-sml-layout":"","theme-transparent-header-meta":"default","adv-header-id-meta":"","stick-header-meta":"","header-above-stick-meta":"","header-main-stick-meta":"","header-below-stick-meta":""},"product_brand":[],"product_cat":[35],"product_tag":[],"class_list":{"0":"post-1382","1":"product","2":"type-product","3":"status-publish","4":"has-post-thumbnail","6":"product_cat-pre-entrenos","7":"desktop-align-left","8":"tablet-align-left","9":"mobile-align-left","11":"first","12":"instock","13":"shipping-taxable","14":"purchasable","15":"product-type-variable"},"ams_default_variation_id":0,"ams_product_points_reward":[],"ams_product_discount_percentage":0,"ams_price_to_display":650,"ams_acf":[],"uagb_featured_image_src":{"full":["https:\/\/www.musclenutrition.com.mx\/wp-content\/uploads\/2023\/08\/2894-1593624867_BU-BLACK-BAMF-WelcomeToMiami-2020.06.01-01-FRONT-600px.1652913549.png",600,600,false],"thumbnail":["https:\/\/www.musclenutrition.com.mx\/wp-content\/uploads\/2023\/08\/2894-1593624867_BU-BLACK-BAMF-WelcomeToMiami-2020.06.01-01-FRONT-600px.1652913549-150x150.png",150,150,true],"medium":["https:\/\/www.musclenutrition.com.mx\/wp-content\/uploads\/2023\/08\/2894-1593624867_BU-BLACK-BAMF-WelcomeToMiami-2020.06.01-01-FRONT-600px.1652913549-300x300.png",300,300,true],"medium_large":["https:\/\/www.musclenutrition.com.mx\/wp-content\/uploads\/2023\/08\/2894-1593624867_BU-BLACK-BAMF-WelcomeToMiami-2020.06.01-01-FRONT-600px.1652913549.png",600,600,false],"large":["https:\/\/www.musclenutrition.com.mx\/wp-content\/uploads\/2023\/08\/2894-1593624867_BU-BLACK-BAMF-WelcomeToMiami-2020.06.01-01-FRONT-600px.1652913549.png",600,600,false],"1536x1536":["https:\/\/www.musclenutrition.com.mx\/wp-content\/uploads\/2023\/08\/2894-1593624867_BU-BLACK-BAMF-WelcomeToMiami-2020.06.01-01-FRONT-600px.1652913549.png",600,600,false],"2048x2048":["https:\/\/www.musclenutrition.com.mx\/wp-content\/uploads\/2023\/08\/2894-1593624867_BU-BLACK-BAMF-WelcomeToMiami-2020.06.01-01-FRONT-600px.1652913549.png",600,600,false],"woocommerce_thumbnail":["https:\/\/www.musclenutrition.com.mx\/wp-content\/uploads\/2023\/08\/2894-1593624867_BU-BLACK-BAMF-WelcomeToMiami-2020.06.01-01-FRONT-600px.1652913549-300x300.png",300,300,true],"woocommerce_single":["https:\/\/www.musclenutrition.com.mx\/wp-content\/uploads\/2023\/08\/2894-1593624867_BU-BLACK-BAMF-WelcomeToMiami-2020.06.01-01-FRONT-600px.1652913549.png",600,600,false],"woocommerce_gallery_thumbnail":["https:\/\/www.musclenutrition.com.mx\/wp-content\/uploads\/2023\/08\/2894-1593624867_BU-BLACK-BAMF-WelcomeToMiami-2020.06.01-01-FRONT-600px.1652913549-100x100.png",100,100,true],"dgwt-wcas-product-suggestion":["https:\/\/www.musclenutrition.com.mx\/wp-content\/uploads\/2023\/08\/2894-1593624867_BU-BLACK-BAMF-WelcomeToMiami-2020.06.01-01-FRONT-600px.1652913549.png",64,64,false]},"uagb_author_info":{"display_name":"benjaming","author_link":"https:\/\/www.musclenutrition.com.mx\/index.php\/author\/"},"uagb_comment_info":4,"uagb_excerpt":"BAMF Presentamos BAMF BLACK a nuestra serie BLACK . Como el primer y \u00fanico pre-entrenamiento nootr\u00f3pico VERDADERO, BAMF presenta tres ingredientes potentes para ayudar a brindar agudeza mental y enfoque de nivel Da Vinci adem\u00e1s de todo lo que espera de nosotros: energ\u00eda, resistencia, energ\u00eda y rendimiento. BAMF Black agrega una mezcla mineral especial de\u00e1cido&hellip;","_links":{"self":[{"href":"https:\/\/www.musclenutrition.com.mx\/index.php\/wp-json\/wp\/v2\/product\/1382","targetHints":{"allow":["GET"]}}],"collection":[{"href":"https:\/\/www.musclenutrition.com.mx\/index.php\/wp-json\/wp\/v2\/product"}],"about":[{"href":"https:\/\/www.musclenutrition.com.mx\/index.php\/wp-json\/wp\/v2\/types\/product"}],"replies":[{"embeddable":true,"href":"https:\/\/www.musclenutrition.com.mx\/index.php\/wp-json\/wp\/v2\/comments?post=1382"}],"wp:featuredmedia":[{"embeddable":true,"href":"https:\/\/www.musclenutrition.com.mx\/index.php\/wp-json\/wp\/v2\/media\/1383"}],"wp:attachment":[{"href":"https:\/\/www.musclenutrition.com.mx\/index.php\/wp-json\/wp\/v2\/media?parent=1382"}],"wp:term":[{"taxonomy":"product_brand","embeddable":true,"href":"https:\/\/www.musclenutrition.com.mx\/index.php\/wp-json\/wp\/v2\/product_brand?post=1382"},{"taxonomy":"product_cat","embeddable":true,"href":"https:\/\/www.musclenutrition.com.mx\/index.php\/wp-json\/wp\/v2\/product_cat?post=1382"},{"taxonomy":"product_tag","embeddable":true,"href":"https:\/\/www.musclenutrition.com.mx\/index.php\/wp-json\/wp\/v2\/product_tag?post=1382"}],"curies":[{"name":"wp","href":"https:\/\/api.w.org\/{rel}","templated":true}]}}