{"id":1366,"date":"2023-08-27T16:40:14","date_gmt":"2023-08-27T16:40:14","guid":{"rendered":"https:\/\/musclenutrition.com.mx\/?post_type=product&#038;p=1366"},"modified":"2026-02-04T13:38:25","modified_gmt":"2026-02-04T19:38:25","slug":"nutrex-mass-infusion","status":"publish","type":"product","link":"https:\/\/www.musclenutrition.com.mx\/index.php\/producto\/nutrex-mass-infusion\/","title":{"rendered":"NUTREX MASS INFUSION"},"content":{"rendered":"<p><strong>NUTREX MASS INFUSION<\/strong><\/p>\n<p>Mass infusi\u00f3n es una avanzada f\u00f3rmula de ganancia de peso el suministro de su cuerpo con 50 gramos de prote\u00edna de alta calidad por porci\u00f3n, m\u00e1s de 1120 calor\u00edas, junto con 200 gramos de hidratos de carbono. Su f\u00f3rmula densa de nutrientes es ideal para aquellos atletas que est\u00e1n tratando de ganar peso r\u00e1pidamente y llegar a ser m\u00e1s grande y fuerte. MASS INFUSI\u00d3N est\u00e1 repleto de tres prote\u00ednas diferentes. Tiene un alto contenido en amino\u00e1cidos esenciales y con su forma natural de alto nivel de los BCAA, que ayuda al crecimiento muscular de combustible y desarrollo de la fuerza.<br \/>\nMass Infusi\u00f3n fue creado para los duros ganadores y atletas que siempre est\u00e1n buscando para a\u00f1adir en tama\u00f1o. Esto puede ser consumida antes del entrenamiento, despu\u00e9s del entrenamiento o como un reemplazo de comida durante todo el d\u00eda. Para poner en masa de calidad, debe tener una alta calidad efectiva f\u00f3rmula Weight Gainer para maximizar sus ganancias.<\/p>\n<p>50G DE PROTE\u00cdNA POR SERVICIO<br \/>\nENVASADO CON 1120 CALOR\u00cdAS Y 200G DE CARBOHIDRATOS<br \/>\nALTO EN BCAAS NATURALES Y AMINO\u00c1CIDOS ESENCIALES<br \/>\nF\u00d3RMULA COMPLETA PARA GANAR PESO<br \/>\nSABOR ABSOLUTAMENTE DELICIOSO<\/p>\n","protected":false},"excerpt":{"rendered":"<p>NUTREX MASS INFUSION Mass infusi\u00f3n es una avanzada f\u00f3rmula de ganancia de peso el suministro de su cuerpo con 50 gramos de prote\u00edna de alta calidad por porci\u00f3n, m\u00e1s de 1120 calor\u00edas, junto con 200 gramos de hidratos de carbono. Su f\u00f3rmula densa de nutrientes es ideal para aquellos atletas que est\u00e1n tratando de ganar &hellip;<\/p>\n<p class=\"read-more\"> <a class=\"\" href=\"https:\/\/www.musclenutrition.com.mx\/index.php\/producto\/nutrex-mass-infusion\/\"> <span class=\"screen-reader-text\">NUTREX MASS INFUSION<\/span> Leer m\u00e1s &raquo;<\/a><\/p>\n","protected":false},"featured_media":1367,"comment_status":"open","ping_status":"closed","template":"","meta":{"_uag_custom_page_level_css":"","site-sidebar-layout":"default","site-content-layout":"default","ast-global-header-display":"","ast-banner-title-visibility":"","ast-main-header-display":"","ast-hfb-above-header-display":"","ast-hfb-below-header-display":"","ast-hfb-mobile-header-display":"","site-post-title":"","ast-breadcrumbs-content":"","ast-featured-img":"","footer-sml-layout":"","theme-transparent-header-meta":"default","adv-header-id-meta":"","stick-header-meta":"","header-above-stick-meta":"","header-main-stick-meta":"","header-below-stick-meta":""},"product_brand":[],"product_cat":[15],"product_tag":[],"class_list":{"0":"post-1366","1":"product","2":"type-product","3":"status-publish","4":"has-post-thumbnail","6":"product_cat-sin-categorizar","7":"desktop-align-left","8":"tablet-align-left","9":"mobile-align-left","11":"first","12":"instock","13":"shipping-taxable","14":"purchasable","15":"product-type-variable"},"ams_default_variation_id":0,"ams_product_points_reward":[],"ams_product_discount_percentage":0,"ams_price_to_display":950,"ams_acf":[],"uagb_featured_image_src":{"full":["https:\/\/www.musclenutrition.com.mx\/wp-content\/uploads\/2023\/08\/NUTREX-MASS-INFUSION-CHOCOLATE-12-LB-ZPC-Z-POWER-CENTER.webp",1000,1000,false],"thumbnail":["https:\/\/www.musclenutrition.com.mx\/wp-content\/uploads\/2023\/08\/NUTREX-MASS-INFUSION-CHOCOLATE-12-LB-ZPC-Z-POWER-CENTER-150x150.webp",150,150,true],"medium":["https:\/\/www.musclenutrition.com.mx\/wp-content\/uploads\/2023\/08\/NUTREX-MASS-INFUSION-CHOCOLATE-12-LB-ZPC-Z-POWER-CENTER-300x300.webp",300,300,true],"medium_large":["https:\/\/www.musclenutrition.com.mx\/wp-content\/uploads\/2023\/08\/NUTREX-MASS-INFUSION-CHOCOLATE-12-LB-ZPC-Z-POWER-CENTER-768x768.webp",768,768,true],"large":["https:\/\/www.musclenutrition.com.mx\/wp-content\/uploads\/2023\/08\/NUTREX-MASS-INFUSION-CHOCOLATE-12-LB-ZPC-Z-POWER-CENTER.webp",1000,1000,false],"1536x1536":["https:\/\/www.musclenutrition.com.mx\/wp-content\/uploads\/2023\/08\/NUTREX-MASS-INFUSION-CHOCOLATE-12-LB-ZPC-Z-POWER-CENTER.webp",1000,1000,false],"2048x2048":["https:\/\/www.musclenutrition.com.mx\/wp-content\/uploads\/2023\/08\/NUTREX-MASS-INFUSION-CHOCOLATE-12-LB-ZPC-Z-POWER-CENTER.webp",1000,1000,false],"woocommerce_thumbnail":["https:\/\/www.musclenutrition.com.mx\/wp-content\/uploads\/2023\/08\/NUTREX-MASS-INFUSION-CHOCOLATE-12-LB-ZPC-Z-POWER-CENTER-300x300.webp",300,300,true],"woocommerce_single":["https:\/\/www.musclenutrition.com.mx\/wp-content\/uploads\/2023\/08\/NUTREX-MASS-INFUSION-CHOCOLATE-12-LB-ZPC-Z-POWER-CENTER-600x600.webp",600,600,true],"woocommerce_gallery_thumbnail":["https:\/\/www.musclenutrition.com.mx\/wp-content\/uploads\/2023\/08\/NUTREX-MASS-INFUSION-CHOCOLATE-12-LB-ZPC-Z-POWER-CENTER-100x100.webp",100,100,true],"dgwt-wcas-product-suggestion":["https:\/\/www.musclenutrition.com.mx\/wp-content\/uploads\/2023\/08\/NUTREX-MASS-INFUSION-CHOCOLATE-12-LB-ZPC-Z-POWER-CENTER.webp",64,64,false]},"uagb_author_info":{"display_name":"benjaming","author_link":"https:\/\/www.musclenutrition.com.mx\/index.php\/author\/"},"uagb_comment_info":0,"uagb_excerpt":"NUTREX MASS INFUSION Mass infusi\u00f3n es una avanzada f\u00f3rmula de ganancia de peso el suministro de su cuerpo con 50 gramos de prote\u00edna de alta calidad por porci\u00f3n, m\u00e1s de 1120 calor\u00edas, junto con 200 gramos de hidratos de carbono. Su f\u00f3rmula densa de nutrientes es ideal para aquellos atletas que est\u00e1n tratando de ganar&hellip;","_links":{"self":[{"href":"https:\/\/www.musclenutrition.com.mx\/index.php\/wp-json\/wp\/v2\/product\/1366","targetHints":{"allow":["GET"]}}],"collection":[{"href":"https:\/\/www.musclenutrition.com.mx\/index.php\/wp-json\/wp\/v2\/product"}],"about":[{"href":"https:\/\/www.musclenutrition.com.mx\/index.php\/wp-json\/wp\/v2\/types\/product"}],"replies":[{"embeddable":true,"href":"https:\/\/www.musclenutrition.com.mx\/index.php\/wp-json\/wp\/v2\/comments?post=1366"}],"wp:featuredmedia":[{"embeddable":true,"href":"https:\/\/www.musclenutrition.com.mx\/index.php\/wp-json\/wp\/v2\/media\/1367"}],"wp:attachment":[{"href":"https:\/\/www.musclenutrition.com.mx\/index.php\/wp-json\/wp\/v2\/media?parent=1366"}],"wp:term":[{"taxonomy":"product_brand","embeddable":true,"href":"https:\/\/www.musclenutrition.com.mx\/index.php\/wp-json\/wp\/v2\/product_brand?post=1366"},{"taxonomy":"product_cat","embeddable":true,"href":"https:\/\/www.musclenutrition.com.mx\/index.php\/wp-json\/wp\/v2\/product_cat?post=1366"},{"taxonomy":"product_tag","embeddable":true,"href":"https:\/\/www.musclenutrition.com.mx\/index.php\/wp-json\/wp\/v2\/product_tag?post=1366"}],"curies":[{"name":"wp","href":"https:\/\/api.w.org\/{rel}","templated":true}]}}