{"id":1360,"date":"2023-08-27T16:38:56","date_gmt":"2023-08-27T16:38:56","guid":{"rendered":"https:\/\/musclenutrition.com.mx\/?post_type=product&#038;p=1360"},"modified":"2026-04-13T17:27:40","modified_gmt":"2026-04-13T23:27:40","slug":"mutant-mass-15lbs","status":"publish","type":"product","link":"https:\/\/www.musclenutrition.com.mx\/index.php\/producto\/mutant-mass-15lbs\/","title":{"rendered":"MUTANT MASS 15LBS"},"content":{"rendered":"<p><strong>MUTANT MASS<\/strong><\/p>\n<p>Dise\u00f1ado espec\u00edficamente para los culturistas y levantadores de pesas m\u00e1s fuertes que caminan por la tierra, MUTANT MASS ha estado desarrollando m\u00fasculo en m\u00e1s de 100 pa\u00edses! Este ganador limpio ahora est\u00e1 siendo descubierto por atletas que buscan el ganador m\u00e1s poderoso disponible comercialmente. Cada porci\u00f3n alimenta sus m\u00fasculos con 1.100 calor\u00edas masivas, 56 gramos de prote\u00edna pura, 192 gramos de carbohidratos limpios y 12 gramos de grasa. \u00a1Beba un batido gourmet despu\u00e9s del entrenamiento, entre comidas o antes de acostarse para obtener los mejores resultados! Cuando se agrega a su dieta y plan de entrenamiento, nada se acumula en masa como MUTANT MASS.<br \/>\n\u00a1El ganador n\u00famero uno en ventas de MUTANT!<br \/>\n1,100 calor\u00edas por porci\u00f3n<br \/>\nElaborado con alimentos integrales naturales (cebada, camote, copos de avena, aguacate, aceite de coco, linaza, semilla de calabaza y aceite de girasol)<br \/>\n56 g de prote\u00edna pura, 192 g de carbohidratos limpios, 12 g de grasa<br \/>\n26,1 g de EAA y 12,2 g de BCAA (presentes de forma natural)<br \/>\n\u00c1cidos grasos esenciales (AGE) y aceites naturales de coco, aguacate, linaza, semilla de calabaza y girasol<br \/>\nDise\u00f1ado en nuestras propias instalaciones de fabricaci\u00f3n de \u00faltima generaci\u00f3n para mantener la calidad est\u00e1ndar de oro<br \/>\n\u00a1Sabor gourmet!<\/p>\n","protected":false},"excerpt":{"rendered":"<p>MUTANT MASS Dise\u00f1ado espec\u00edficamente para los culturistas y levantadores de pesas m\u00e1s fuertes que caminan por la tierra, MUTANT MASS ha estado desarrollando m\u00fasculo en m\u00e1s de 100 pa\u00edses! Este ganador limpio ahora est\u00e1 siendo descubierto por atletas que buscan el ganador m\u00e1s poderoso disponible comercialmente. Cada porci\u00f3n alimenta sus m\u00fasculos con 1.100 calor\u00edas masivas, &hellip;<\/p>\n<p class=\"read-more\"> <a class=\"\" href=\"https:\/\/www.musclenutrition.com.mx\/index.php\/producto\/mutant-mass-15lbs\/\"> <span class=\"screen-reader-text\">MUTANT MASS 15LBS<\/span> Leer m\u00e1s &raquo;<\/a><\/p>\n","protected":false},"featured_media":5201,"comment_status":"open","ping_status":"closed","template":"","meta":{"_uag_custom_page_level_css":"","site-sidebar-layout":"default","site-content-layout":"default","ast-global-header-display":"","ast-banner-title-visibility":"","ast-main-header-display":"","ast-hfb-above-header-display":"","ast-hfb-below-header-display":"","ast-hfb-mobile-header-display":"","site-post-title":"","ast-breadcrumbs-content":"","ast-featured-img":"","footer-sml-layout":"","theme-transparent-header-meta":"default","adv-header-id-meta":"","stick-header-meta":"","header-above-stick-meta":"","header-main-stick-meta":"","header-below-stick-meta":""},"product_brand":[],"product_cat":[32],"product_tag":[],"class_list":{"0":"post-1360","1":"product","2":"type-product","3":"status-publish","4":"has-post-thumbnail","6":"product_cat-ganadores-de-peso","7":"desktop-align-left","8":"tablet-align-left","9":"mobile-align-left","11":"first","12":"instock","13":"shipping-taxable","14":"purchasable","15":"product-type-variable"},"ams_default_variation_id":0,"ams_product_points_reward":[],"ams_product_discount_percentage":0,"ams_price_to_display":1180,"ams_acf":[],"uagb_featured_image_src":{"full":["https:\/\/www.musclenutrition.com.mx\/wp-content\/uploads\/2023\/08\/mutant-mass-gainer-68-kg-mutant.png",1000,1000,false],"thumbnail":["https:\/\/www.musclenutrition.com.mx\/wp-content\/uploads\/2023\/08\/mutant-mass-gainer-68-kg-mutant-150x150.png",150,150,true],"medium":["https:\/\/www.musclenutrition.com.mx\/wp-content\/uploads\/2023\/08\/mutant-mass-gainer-68-kg-mutant-300x300.png",300,300,true],"medium_large":["https:\/\/www.musclenutrition.com.mx\/wp-content\/uploads\/2023\/08\/mutant-mass-gainer-68-kg-mutant-768x768.png",768,768,true],"large":["https:\/\/www.musclenutrition.com.mx\/wp-content\/uploads\/2023\/08\/mutant-mass-gainer-68-kg-mutant.png",1000,1000,false],"1536x1536":["https:\/\/www.musclenutrition.com.mx\/wp-content\/uploads\/2023\/08\/mutant-mass-gainer-68-kg-mutant.png",1000,1000,false],"2048x2048":["https:\/\/www.musclenutrition.com.mx\/wp-content\/uploads\/2023\/08\/mutant-mass-gainer-68-kg-mutant.png",1000,1000,false],"woocommerce_thumbnail":["https:\/\/www.musclenutrition.com.mx\/wp-content\/uploads\/2023\/08\/mutant-mass-gainer-68-kg-mutant-300x300.png",300,300,true],"woocommerce_single":["https:\/\/www.musclenutrition.com.mx\/wp-content\/uploads\/2023\/08\/mutant-mass-gainer-68-kg-mutant-600x600.png",600,600,true],"woocommerce_gallery_thumbnail":["https:\/\/www.musclenutrition.com.mx\/wp-content\/uploads\/2023\/08\/mutant-mass-gainer-68-kg-mutant-100x100.png",100,100,true],"dgwt-wcas-product-suggestion":["https:\/\/www.musclenutrition.com.mx\/wp-content\/uploads\/2023\/08\/mutant-mass-gainer-68-kg-mutant-64x64.png",64,64,true]},"uagb_author_info":{"display_name":"benjaming","author_link":"https:\/\/www.musclenutrition.com.mx\/index.php\/author\/"},"uagb_comment_info":0,"uagb_excerpt":"MUTANT MASS Dise\u00f1ado espec\u00edficamente para los culturistas y levantadores de pesas m\u00e1s fuertes que caminan por la tierra, MUTANT MASS ha estado desarrollando m\u00fasculo en m\u00e1s de 100 pa\u00edses! Este ganador limpio ahora est\u00e1 siendo descubierto por atletas que buscan el ganador m\u00e1s poderoso disponible comercialmente. Cada porci\u00f3n alimenta sus m\u00fasculos con 1.100 calor\u00edas masivas,&hellip;","_links":{"self":[{"href":"https:\/\/www.musclenutrition.com.mx\/index.php\/wp-json\/wp\/v2\/product\/1360","targetHints":{"allow":["GET"]}}],"collection":[{"href":"https:\/\/www.musclenutrition.com.mx\/index.php\/wp-json\/wp\/v2\/product"}],"about":[{"href":"https:\/\/www.musclenutrition.com.mx\/index.php\/wp-json\/wp\/v2\/types\/product"}],"replies":[{"embeddable":true,"href":"https:\/\/www.musclenutrition.com.mx\/index.php\/wp-json\/wp\/v2\/comments?post=1360"}],"wp:featuredmedia":[{"embeddable":true,"href":"https:\/\/www.musclenutrition.com.mx\/index.php\/wp-json\/wp\/v2\/media\/5201"}],"wp:attachment":[{"href":"https:\/\/www.musclenutrition.com.mx\/index.php\/wp-json\/wp\/v2\/media?parent=1360"}],"wp:term":[{"taxonomy":"product_brand","embeddable":true,"href":"https:\/\/www.musclenutrition.com.mx\/index.php\/wp-json\/wp\/v2\/product_brand?post=1360"},{"taxonomy":"product_cat","embeddable":true,"href":"https:\/\/www.musclenutrition.com.mx\/index.php\/wp-json\/wp\/v2\/product_cat?post=1360"},{"taxonomy":"product_tag","embeddable":true,"href":"https:\/\/www.musclenutrition.com.mx\/index.php\/wp-json\/wp\/v2\/product_tag?post=1360"}],"curies":[{"name":"wp","href":"https:\/\/api.w.org\/{rel}","templated":true}]}}