{"id":1351,"date":"2023-08-27T16:34:39","date_gmt":"2023-08-27T16:34:39","guid":{"rendered":"https:\/\/musclenutrition.com.mx\/?post_type=product&#038;p=1351"},"modified":"2025-12-26T09:23:34","modified_gmt":"2025-12-26T15:23:34","slug":"meta-mass-6lbs","status":"publish","type":"product","link":"https:\/\/www.musclenutrition.com.mx\/index.php\/producto\/meta-mass-6lbs\/","title":{"rendered":"META MASS 6 LBS"},"content":{"rendered":"<p><strong>META MASS<\/strong><br \/>\nMASS GAINER de Meta Nutrition es la f\u00f3rmula dise\u00f1ada especialmente para ganar peso y para aquellos que necesitan una dieta alta en calor\u00edas. Formulado con una combinaci\u00f3n de prote\u00ednas de suero de leche, case\u00edna en su estado natural micelar, Caseinato de Calcio, aislados de prote\u00edna de soya y carbohidratos de asimilaci\u00f3n r\u00e1pida y lenta para asegurar que el cuerpo tenga energ\u00eda disponible en cualquier momento y evitar el catabolismo.<\/p>\n","protected":false},"excerpt":{"rendered":"<p>META MASS MASS GAINER de Meta Nutrition es la f\u00f3rmula dise\u00f1ada especialmente para ganar peso y para aquellos que necesitan una dieta alta en calor\u00edas. Formulado con una combinaci\u00f3n de prote\u00ednas de suero de leche, case\u00edna en su estado natural micelar, Caseinato de Calcio, aislados de prote\u00edna de soya y carbohidratos de asimilaci\u00f3n r\u00e1pida y &hellip;<\/p>\n<p class=\"read-more\"> <a class=\"\" href=\"https:\/\/www.musclenutrition.com.mx\/index.php\/producto\/meta-mass-6lbs\/\"> <span class=\"screen-reader-text\">META MASS 6 LBS<\/span> Leer m\u00e1s &raquo;<\/a><\/p>\n","protected":false},"featured_media":2124,"comment_status":"open","ping_status":"closed","template":"","meta":{"_uag_custom_page_level_css":"","site-sidebar-layout":"default","site-content-layout":"default","ast-global-header-display":"","ast-banner-title-visibility":"","ast-main-header-display":"","ast-hfb-above-header-display":"","ast-hfb-below-header-display":"","ast-hfb-mobile-header-display":"","site-post-title":"","ast-breadcrumbs-content":"","ast-featured-img":"","footer-sml-layout":"","theme-transparent-header-meta":"default","adv-header-id-meta":"","stick-header-meta":"","header-above-stick-meta":"","header-main-stick-meta":"","header-below-stick-meta":""},"product_brand":[],"product_cat":[32],"product_tag":[],"class_list":{"0":"post-1351","1":"product","2":"type-product","3":"status-publish","4":"has-post-thumbnail","6":"product_cat-ganadores-de-peso","7":"desktop-align-left","8":"tablet-align-left","9":"mobile-align-left","11":"first","12":"instock","13":"shipping-taxable","14":"purchasable","15":"product-type-variable"},"ams_default_variation_id":0,"ams_product_points_reward":[],"ams_product_discount_percentage":0,"ams_price_to_display":600,"ams_acf":[],"uagb_featured_image_src":{"full":["https:\/\/www.musclenutrition.com.mx\/wp-content\/uploads\/2023\/08\/0c8f1f3a-3556-4a3f-bc3e-8fd326bef91c.jpg",600,600,false],"thumbnail":["https:\/\/www.musclenutrition.com.mx\/wp-content\/uploads\/2023\/08\/0c8f1f3a-3556-4a3f-bc3e-8fd326bef91c-150x150.jpg",150,150,true],"medium":["https:\/\/www.musclenutrition.com.mx\/wp-content\/uploads\/2023\/08\/0c8f1f3a-3556-4a3f-bc3e-8fd326bef91c-300x300.jpg",300,300,true],"medium_large":["https:\/\/www.musclenutrition.com.mx\/wp-content\/uploads\/2023\/08\/0c8f1f3a-3556-4a3f-bc3e-8fd326bef91c.jpg",600,600,false],"large":["https:\/\/www.musclenutrition.com.mx\/wp-content\/uploads\/2023\/08\/0c8f1f3a-3556-4a3f-bc3e-8fd326bef91c.jpg",600,600,false],"1536x1536":["https:\/\/www.musclenutrition.com.mx\/wp-content\/uploads\/2023\/08\/0c8f1f3a-3556-4a3f-bc3e-8fd326bef91c.jpg",600,600,false],"2048x2048":["https:\/\/www.musclenutrition.com.mx\/wp-content\/uploads\/2023\/08\/0c8f1f3a-3556-4a3f-bc3e-8fd326bef91c.jpg",600,600,false],"woocommerce_thumbnail":["https:\/\/www.musclenutrition.com.mx\/wp-content\/uploads\/2023\/08\/0c8f1f3a-3556-4a3f-bc3e-8fd326bef91c-300x300.jpg",300,300,true],"woocommerce_single":["https:\/\/www.musclenutrition.com.mx\/wp-content\/uploads\/2023\/08\/0c8f1f3a-3556-4a3f-bc3e-8fd326bef91c.jpg",600,600,false],"woocommerce_gallery_thumbnail":["https:\/\/www.musclenutrition.com.mx\/wp-content\/uploads\/2023\/08\/0c8f1f3a-3556-4a3f-bc3e-8fd326bef91c-100x100.jpg",100,100,true],"dgwt-wcas-product-suggestion":["https:\/\/www.musclenutrition.com.mx\/wp-content\/uploads\/2023\/08\/0c8f1f3a-3556-4a3f-bc3e-8fd326bef91c-64x64.jpg",64,64,true]},"uagb_author_info":{"display_name":"benjaming","author_link":"https:\/\/www.musclenutrition.com.mx\/index.php\/author\/"},"uagb_comment_info":0,"uagb_excerpt":"META MASS MASS GAINER de Meta Nutrition es la f\u00f3rmula dise\u00f1ada especialmente para ganar peso y para aquellos que necesitan una dieta alta en calor\u00edas. Formulado con una combinaci\u00f3n de prote\u00ednas de suero de leche, case\u00edna en su estado natural micelar, Caseinato de Calcio, aislados de prote\u00edna de soya y carbohidratos de asimilaci\u00f3n r\u00e1pida y&hellip;","_links":{"self":[{"href":"https:\/\/www.musclenutrition.com.mx\/index.php\/wp-json\/wp\/v2\/product\/1351","targetHints":{"allow":["GET"]}}],"collection":[{"href":"https:\/\/www.musclenutrition.com.mx\/index.php\/wp-json\/wp\/v2\/product"}],"about":[{"href":"https:\/\/www.musclenutrition.com.mx\/index.php\/wp-json\/wp\/v2\/types\/product"}],"replies":[{"embeddable":true,"href":"https:\/\/www.musclenutrition.com.mx\/index.php\/wp-json\/wp\/v2\/comments?post=1351"}],"wp:featuredmedia":[{"embeddable":true,"href":"https:\/\/www.musclenutrition.com.mx\/index.php\/wp-json\/wp\/v2\/media\/2124"}],"wp:attachment":[{"href":"https:\/\/www.musclenutrition.com.mx\/index.php\/wp-json\/wp\/v2\/media?parent=1351"}],"wp:term":[{"taxonomy":"product_brand","embeddable":true,"href":"https:\/\/www.musclenutrition.com.mx\/index.php\/wp-json\/wp\/v2\/product_brand?post=1351"},{"taxonomy":"product_cat","embeddable":true,"href":"https:\/\/www.musclenutrition.com.mx\/index.php\/wp-json\/wp\/v2\/product_cat?post=1351"},{"taxonomy":"product_tag","embeddable":true,"href":"https:\/\/www.musclenutrition.com.mx\/index.php\/wp-json\/wp\/v2\/product_tag?post=1351"}],"curies":[{"name":"wp","href":"https:\/\/api.w.org\/{rel}","templated":true}]}}