{"id":1344,"date":"2023-08-27T16:30:44","date_gmt":"2023-08-27T16:30:44","guid":{"rendered":"https:\/\/musclenutrition.com.mx\/?post_type=product&#038;p=1344"},"modified":"2026-02-03T16:57:55","modified_gmt":"2026-02-03T22:57:55","slug":"mass-tech-7-lbs","status":"publish","type":"product","link":"https:\/\/www.musclenutrition.com.mx\/index.php\/producto\/mass-tech-7-lbs\/","title":{"rendered":"MASS TECH EXTREME 2000 6 LBS"},"content":{"rendered":"<p><strong>MASS TECH<\/strong><br \/>\nEs un potente suplemento deportivo de f\u00f3rmula avanzada, dise\u00f1ado especialmente para personas o deportistas que quieren acelerar el crecimiento de la masa muscular\u00a0de forma inmediata.<\/p>\n<ul>\n<li>Avanzada f\u00f3rmula para acelerar el crecimiento muscular<\/li>\n<li>Contiene prote\u00ednas, hidratos de carbono, calor\u00edas, creatina, amino\u00e1cidos y vitaminas para mejores efectos positivos<\/li>\n<li>Acelera la regeneraci\u00f3n y recuperaci\u00f3n muscular post entrenamiento<\/li>\n<li>Inhibe parcialmente la producci\u00f3n de \u00e1cido l\u00e1ctico, evitando la fatiga muscular<\/li>\n<\/ul>\n<p>&nbsp;<\/p>\n","protected":false},"excerpt":{"rendered":"<p>MASS TECH Es un potente suplemento deportivo de f\u00f3rmula avanzada, dise\u00f1ado especialmente para personas o deportistas que quieren acelerar el crecimiento de la masa muscular\u00a0de forma inmediata. Avanzada f\u00f3rmula para acelerar el crecimiento muscular Contiene prote\u00ednas, hidratos de carbono, calor\u00edas, creatina, amino\u00e1cidos y vitaminas para mejores efectos positivos Acelera la regeneraci\u00f3n y recuperaci\u00f3n muscular post &hellip;<\/p>\n<p class=\"read-more\"> <a class=\"\" href=\"https:\/\/www.musclenutrition.com.mx\/index.php\/producto\/mass-tech-7-lbs\/\"> <span class=\"screen-reader-text\">MASS TECH EXTREME 2000 6 LBS<\/span> Leer m\u00e1s &raquo;<\/a><\/p>\n","protected":false},"featured_media":2068,"comment_status":"open","ping_status":"closed","template":"","meta":{"_uag_custom_page_level_css":"","site-sidebar-layout":"default","site-content-layout":"default","ast-global-header-display":"","ast-banner-title-visibility":"","ast-main-header-display":"","ast-hfb-above-header-display":"","ast-hfb-below-header-display":"","ast-hfb-mobile-header-display":"","site-post-title":"","ast-breadcrumbs-content":"","ast-featured-img":"","footer-sml-layout":"","theme-transparent-header-meta":"default","adv-header-id-meta":"","stick-header-meta":"","header-above-stick-meta":"","header-main-stick-meta":"","header-below-stick-meta":""},"product_brand":[],"product_cat":[32],"product_tag":[],"class_list":{"0":"post-1344","1":"product","2":"type-product","3":"status-publish","4":"has-post-thumbnail","6":"product_cat-ganadores-de-peso","7":"desktop-align-left","8":"tablet-align-left","9":"mobile-align-left","11":"first","12":"instock","13":"shipping-taxable","14":"purchasable","15":"product-type-variable"},"ams_default_variation_id":0,"ams_product_points_reward":[],"ams_product_discount_percentage":0,"ams_price_to_display":820,"ams_acf":[],"uagb_featured_image_src":{"full":["https:\/\/www.musclenutrition.com.mx\/wp-content\/uploads\/2023\/08\/3bcd8686-f32c-4e3a-81fe-14250a8b66e3.jpg",554,554,false],"thumbnail":["https:\/\/www.musclenutrition.com.mx\/wp-content\/uploads\/2023\/08\/3bcd8686-f32c-4e3a-81fe-14250a8b66e3-150x150.jpg",150,150,true],"medium":["https:\/\/www.musclenutrition.com.mx\/wp-content\/uploads\/2023\/08\/3bcd8686-f32c-4e3a-81fe-14250a8b66e3-300x300.jpg",300,300,true],"medium_large":["https:\/\/www.musclenutrition.com.mx\/wp-content\/uploads\/2023\/08\/3bcd8686-f32c-4e3a-81fe-14250a8b66e3.jpg",554,554,false],"large":["https:\/\/www.musclenutrition.com.mx\/wp-content\/uploads\/2023\/08\/3bcd8686-f32c-4e3a-81fe-14250a8b66e3.jpg",554,554,false],"1536x1536":["https:\/\/www.musclenutrition.com.mx\/wp-content\/uploads\/2023\/08\/3bcd8686-f32c-4e3a-81fe-14250a8b66e3.jpg",554,554,false],"2048x2048":["https:\/\/www.musclenutrition.com.mx\/wp-content\/uploads\/2023\/08\/3bcd8686-f32c-4e3a-81fe-14250a8b66e3.jpg",554,554,false],"woocommerce_thumbnail":["https:\/\/www.musclenutrition.com.mx\/wp-content\/uploads\/2023\/08\/3bcd8686-f32c-4e3a-81fe-14250a8b66e3-300x300.jpg",300,300,true],"woocommerce_single":["https:\/\/www.musclenutrition.com.mx\/wp-content\/uploads\/2023\/08\/3bcd8686-f32c-4e3a-81fe-14250a8b66e3.jpg",554,554,false],"woocommerce_gallery_thumbnail":["https:\/\/www.musclenutrition.com.mx\/wp-content\/uploads\/2023\/08\/3bcd8686-f32c-4e3a-81fe-14250a8b66e3-100x100.jpg",100,100,true],"dgwt-wcas-product-suggestion":["https:\/\/www.musclenutrition.com.mx\/wp-content\/uploads\/2023\/08\/3bcd8686-f32c-4e3a-81fe-14250a8b66e3-64x64.jpg",64,64,true]},"uagb_author_info":{"display_name":"benjaming","author_link":"https:\/\/www.musclenutrition.com.mx\/index.php\/author\/"},"uagb_comment_info":0,"uagb_excerpt":"MASS TECH Es un potente suplemento deportivo de f\u00f3rmula avanzada, dise\u00f1ado especialmente para personas o deportistas que quieren acelerar el crecimiento de la masa muscular\u00a0de forma inmediata. Avanzada f\u00f3rmula para acelerar el crecimiento muscular Contiene prote\u00ednas, hidratos de carbono, calor\u00edas, creatina, amino\u00e1cidos y vitaminas para mejores efectos positivos Acelera la regeneraci\u00f3n y recuperaci\u00f3n muscular post&hellip;","_links":{"self":[{"href":"https:\/\/www.musclenutrition.com.mx\/index.php\/wp-json\/wp\/v2\/product\/1344","targetHints":{"allow":["GET"]}}],"collection":[{"href":"https:\/\/www.musclenutrition.com.mx\/index.php\/wp-json\/wp\/v2\/product"}],"about":[{"href":"https:\/\/www.musclenutrition.com.mx\/index.php\/wp-json\/wp\/v2\/types\/product"}],"replies":[{"embeddable":true,"href":"https:\/\/www.musclenutrition.com.mx\/index.php\/wp-json\/wp\/v2\/comments?post=1344"}],"wp:featuredmedia":[{"embeddable":true,"href":"https:\/\/www.musclenutrition.com.mx\/index.php\/wp-json\/wp\/v2\/media\/2068"}],"wp:attachment":[{"href":"https:\/\/www.musclenutrition.com.mx\/index.php\/wp-json\/wp\/v2\/media?parent=1344"}],"wp:term":[{"taxonomy":"product_brand","embeddable":true,"href":"https:\/\/www.musclenutrition.com.mx\/index.php\/wp-json\/wp\/v2\/product_brand?post=1344"},{"taxonomy":"product_cat","embeddable":true,"href":"https:\/\/www.musclenutrition.com.mx\/index.php\/wp-json\/wp\/v2\/product_cat?post=1344"},{"taxonomy":"product_tag","embeddable":true,"href":"https:\/\/www.musclenutrition.com.mx\/index.php\/wp-json\/wp\/v2\/product_tag?post=1344"}],"curies":[{"name":"wp","href":"https:\/\/api.w.org\/{rel}","templated":true}]}}