{"id":1340,"date":"2023-08-27T16:29:33","date_gmt":"2023-08-27T16:29:33","guid":{"rendered":"https:\/\/musclenutrition.com.mx\/?post_type=product&#038;p=1340"},"modified":"2026-03-11T14:53:22","modified_gmt":"2026-03-11T20:53:22","slug":"gat-carbotein-3-97-lbs","status":"publish","type":"product","link":"https:\/\/www.musclenutrition.com.mx\/index.php\/producto\/gat-carbotein-3-97-lbs\/","title":{"rendered":"GAT CARBOTEIN"},"content":{"rendered":"<p>CARBOTEIN<br \/>\nEs una f\u00f3rmula de carbohidratos para recargar el gluc\u00f3geno perdido en los entrenamientos. Esto permitir\u00e1 que obtengas energ\u00eda r\u00e1pidamente, adem\u00e1s de una mejor recuperaci\u00f3n posterior al entrenamiento. Combina 6 carbohidratos de r\u00e1pida acci\u00f3n junto con amino\u00e1cidos de cadena ramificada y electrolitos. Es b\u00e1sicamente un suministro r\u00e1pido y continuo de glucosa, lo que se ve reflejado en un mejor desempe\u00f1o, recuperaci\u00f3n y por lo tanto mayor masa muscular. La reposici\u00f3n y carga de gluc\u00f3geno produce un m\u00e1ximo rendimiento.<\/p>\n<p>Contiene 6 carbohidratos especiales, una matriz que consta de dextrina c\u00edclica altamente ramificada, oligodextrina, Fibersol de ma\u00edz soluble y m\u00e1s. Y tambi\u00e9n 1,3 g de amino\u00e1cidos de cadena ramificada (BCAA), para apoyar el anabolismo muscular.<\/p>\n","protected":false},"excerpt":{"rendered":"<p>CARBOTEIN Es una f\u00f3rmula de carbohidratos para recargar el gluc\u00f3geno perdido en los entrenamientos. Esto permitir\u00e1 que obtengas energ\u00eda r\u00e1pidamente, adem\u00e1s de una mejor recuperaci\u00f3n posterior al entrenamiento. Combina 6 carbohidratos de r\u00e1pida acci\u00f3n junto con amino\u00e1cidos de cadena ramificada y electrolitos. Es b\u00e1sicamente un suministro r\u00e1pido y continuo de glucosa, lo que se ve &hellip;<\/p>\n<p class=\"read-more\"> <a class=\"\" href=\"https:\/\/www.musclenutrition.com.mx\/index.php\/producto\/gat-carbotein-3-97-lbs\/\"> <span class=\"screen-reader-text\">GAT CARBOTEIN<\/span> Leer m\u00e1s &raquo;<\/a><\/p>\n","protected":false},"featured_media":2304,"comment_status":"open","ping_status":"closed","template":"","meta":{"_uag_custom_page_level_css":"","site-sidebar-layout":"default","site-content-layout":"default","ast-global-header-display":"","ast-banner-title-visibility":"","ast-main-header-display":"","ast-hfb-above-header-display":"","ast-hfb-below-header-display":"","ast-hfb-mobile-header-display":"","site-post-title":"","ast-breadcrumbs-content":"","ast-featured-img":"","footer-sml-layout":"","theme-transparent-header-meta":"default","adv-header-id-meta":"","stick-header-meta":"","header-above-stick-meta":"","header-main-stick-meta":"","header-below-stick-meta":""},"product_brand":[],"product_cat":[32],"product_tag":[],"class_list":{"0":"post-1340","1":"product","2":"type-product","3":"status-publish","4":"has-post-thumbnail","6":"product_cat-ganadores-de-peso","7":"desktop-align-left","8":"tablet-align-left","9":"mobile-align-left","11":"first","12":"outofstock","13":"shipping-taxable","14":"purchasable","15":"product-type-variable"},"ams_default_variation_id":0,"ams_product_points_reward":[],"ams_product_discount_percentage":0,"ams_price_to_display":670,"ams_acf":[],"uagb_featured_image_src":{"full":["https:\/\/www.musclenutrition.com.mx\/wp-content\/uploads\/2023\/08\/CARBOTEIN2.webp",1000,1000,false],"thumbnail":["https:\/\/www.musclenutrition.com.mx\/wp-content\/uploads\/2023\/08\/CARBOTEIN2-150x150.webp",150,150,true],"medium":["https:\/\/www.musclenutrition.com.mx\/wp-content\/uploads\/2023\/08\/CARBOTEIN2-300x300.webp",300,300,true],"medium_large":["https:\/\/www.musclenutrition.com.mx\/wp-content\/uploads\/2023\/08\/CARBOTEIN2-768x768.webp",768,768,true],"large":["https:\/\/www.musclenutrition.com.mx\/wp-content\/uploads\/2023\/08\/CARBOTEIN2.webp",1000,1000,false],"1536x1536":["https:\/\/www.musclenutrition.com.mx\/wp-content\/uploads\/2023\/08\/CARBOTEIN2.webp",1000,1000,false],"2048x2048":["https:\/\/www.musclenutrition.com.mx\/wp-content\/uploads\/2023\/08\/CARBOTEIN2.webp",1000,1000,false],"woocommerce_thumbnail":["https:\/\/www.musclenutrition.com.mx\/wp-content\/uploads\/2023\/08\/CARBOTEIN2-300x300.webp",300,300,true],"woocommerce_single":["https:\/\/www.musclenutrition.com.mx\/wp-content\/uploads\/2023\/08\/CARBOTEIN2-600x600.webp",600,600,true],"woocommerce_gallery_thumbnail":["https:\/\/www.musclenutrition.com.mx\/wp-content\/uploads\/2023\/08\/CARBOTEIN2-100x100.webp",100,100,true],"dgwt-wcas-product-suggestion":["https:\/\/www.musclenutrition.com.mx\/wp-content\/uploads\/2023\/08\/CARBOTEIN2-64x64.webp",64,64,true]},"uagb_author_info":{"display_name":"benjaming","author_link":"https:\/\/www.musclenutrition.com.mx\/index.php\/author\/"},"uagb_comment_info":0,"uagb_excerpt":"CARBOTEIN Es una f\u00f3rmula de carbohidratos para recargar el gluc\u00f3geno perdido en los entrenamientos. Esto permitir\u00e1 que obtengas energ\u00eda r\u00e1pidamente, adem\u00e1s de una mejor recuperaci\u00f3n posterior al entrenamiento. Combina 6 carbohidratos de r\u00e1pida acci\u00f3n junto con amino\u00e1cidos de cadena ramificada y electrolitos. Es b\u00e1sicamente un suministro r\u00e1pido y continuo de glucosa, lo que se ve&hellip;","_links":{"self":[{"href":"https:\/\/www.musclenutrition.com.mx\/index.php\/wp-json\/wp\/v2\/product\/1340","targetHints":{"allow":["GET"]}}],"collection":[{"href":"https:\/\/www.musclenutrition.com.mx\/index.php\/wp-json\/wp\/v2\/product"}],"about":[{"href":"https:\/\/www.musclenutrition.com.mx\/index.php\/wp-json\/wp\/v2\/types\/product"}],"replies":[{"embeddable":true,"href":"https:\/\/www.musclenutrition.com.mx\/index.php\/wp-json\/wp\/v2\/comments?post=1340"}],"wp:featuredmedia":[{"embeddable":true,"href":"https:\/\/www.musclenutrition.com.mx\/index.php\/wp-json\/wp\/v2\/media\/2304"}],"wp:attachment":[{"href":"https:\/\/www.musclenutrition.com.mx\/index.php\/wp-json\/wp\/v2\/media?parent=1340"}],"wp:term":[{"taxonomy":"product_brand","embeddable":true,"href":"https:\/\/www.musclenutrition.com.mx\/index.php\/wp-json\/wp\/v2\/product_brand?post=1340"},{"taxonomy":"product_cat","embeddable":true,"href":"https:\/\/www.musclenutrition.com.mx\/index.php\/wp-json\/wp\/v2\/product_cat?post=1340"},{"taxonomy":"product_tag","embeddable":true,"href":"https:\/\/www.musclenutrition.com.mx\/index.php\/wp-json\/wp\/v2\/product_tag?post=1340"}],"curies":[{"name":"wp","href":"https:\/\/api.w.org\/{rel}","templated":true}]}}