{"id":1329,"date":"2023-08-27T16:24:30","date_gmt":"2023-08-27T16:24:30","guid":{"rendered":"https:\/\/musclenutrition.com.mx\/?post_type=product&#038;p=1329"},"modified":"2026-04-10T20:06:00","modified_gmt":"2026-04-11T02:06:00","slug":"carnivor-mass-chocolate-6-lbs","status":"publish","type":"product","link":"https:\/\/www.musclenutrition.com.mx\/index.php\/producto\/carnivor-mass-chocolate-6-lbs\/","title":{"rendered":"CARNIVOR MASS 6 LBS"},"content":{"rendered":"<p><strong>CARNIVOR MASS<\/strong><\/p>\n<p>El primer anabolic del mundo alto en proteina de carne y constructor de masa. Bienvenido a la nueva era de la suplementacion para desarrollo muscular.<\/p>\n<p>Nuevo! Anabolico de proteina de carne Gainer<br \/>\nAislado de proteina de carne hidrolizada<br \/>\nCarbohidratos reactivos de alto Impacto<br \/>\nLa amplificaci\u00f3n y la se\u00f1alizaci\u00f3n de insulina<br \/>\nCargado con creatina y BCAAs<br \/>\n50 Gramos de proteina! Libre de Colesterol, Libre de Azucar, Libre de lactosa.<\/p>\n","protected":false},"excerpt":{"rendered":"<p>CARNIVOR MASS El primer anabolic del mundo alto en proteina de carne y constructor de masa. Bienvenido a la nueva era de la suplementacion para desarrollo muscular. Nuevo! Anabolico de proteina de carne Gainer Aislado de proteina de carne hidrolizada Carbohidratos reactivos de alto Impacto La amplificaci\u00f3n y la se\u00f1alizaci\u00f3n de insulina Cargado con creatina &hellip;<\/p>\n<p class=\"read-more\"> <a class=\"\" href=\"https:\/\/www.musclenutrition.com.mx\/index.php\/producto\/carnivor-mass-chocolate-6-lbs\/\"> <span class=\"screen-reader-text\">CARNIVOR MASS 6 LBS<\/span> Leer m\u00e1s &raquo;<\/a><\/p>\n","protected":false},"featured_media":2302,"comment_status":"open","ping_status":"closed","template":"","meta":{"_uag_custom_page_level_css":"","site-sidebar-layout":"default","site-content-layout":"default","ast-global-header-display":"","ast-banner-title-visibility":"","ast-main-header-display":"","ast-hfb-above-header-display":"","ast-hfb-below-header-display":"","ast-hfb-mobile-header-display":"","site-post-title":"","ast-breadcrumbs-content":"","ast-featured-img":"","footer-sml-layout":"","theme-transparent-header-meta":"default","adv-header-id-meta":"","stick-header-meta":"","header-above-stick-meta":"","header-main-stick-meta":"","header-below-stick-meta":""},"product_brand":[],"product_cat":[32],"product_tag":[],"class_list":{"0":"post-1329","1":"product","2":"type-product","3":"status-publish","4":"has-post-thumbnail","6":"product_cat-ganadores-de-peso","7":"desktop-align-left","8":"tablet-align-left","9":"mobile-align-left","11":"first","12":"instock","13":"shipping-taxable","14":"purchasable","15":"product-type-variable"},"ams_default_variation_id":0,"ams_product_points_reward":[],"ams_product_discount_percentage":0,"ams_price_to_display":850,"ams_acf":[],"uagb_featured_image_src":{"full":["https:\/\/www.musclenutrition.com.mx\/wp-content\/uploads\/2023\/08\/MMD-CARNIVOR-MASS-CHOCO-FUDGE.webp",800,800,false],"thumbnail":["https:\/\/www.musclenutrition.com.mx\/wp-content\/uploads\/2023\/08\/MMD-CARNIVOR-MASS-CHOCO-FUDGE-150x150.webp",150,150,true],"medium":["https:\/\/www.musclenutrition.com.mx\/wp-content\/uploads\/2023\/08\/MMD-CARNIVOR-MASS-CHOCO-FUDGE-300x300.webp",300,300,true],"medium_large":["https:\/\/www.musclenutrition.com.mx\/wp-content\/uploads\/2023\/08\/MMD-CARNIVOR-MASS-CHOCO-FUDGE-768x768.webp",768,768,true],"large":["https:\/\/www.musclenutrition.com.mx\/wp-content\/uploads\/2023\/08\/MMD-CARNIVOR-MASS-CHOCO-FUDGE.webp",800,800,false],"1536x1536":["https:\/\/www.musclenutrition.com.mx\/wp-content\/uploads\/2023\/08\/MMD-CARNIVOR-MASS-CHOCO-FUDGE.webp",800,800,false],"2048x2048":["https:\/\/www.musclenutrition.com.mx\/wp-content\/uploads\/2023\/08\/MMD-CARNIVOR-MASS-CHOCO-FUDGE.webp",800,800,false],"woocommerce_thumbnail":["https:\/\/www.musclenutrition.com.mx\/wp-content\/uploads\/2023\/08\/MMD-CARNIVOR-MASS-CHOCO-FUDGE-300x300.webp",300,300,true],"woocommerce_single":["https:\/\/www.musclenutrition.com.mx\/wp-content\/uploads\/2023\/08\/MMD-CARNIVOR-MASS-CHOCO-FUDGE-600x600.webp",600,600,true],"woocommerce_gallery_thumbnail":["https:\/\/www.musclenutrition.com.mx\/wp-content\/uploads\/2023\/08\/MMD-CARNIVOR-MASS-CHOCO-FUDGE-100x100.webp",100,100,true],"dgwt-wcas-product-suggestion":["https:\/\/www.musclenutrition.com.mx\/wp-content\/uploads\/2023\/08\/MMD-CARNIVOR-MASS-CHOCO-FUDGE-64x64.webp",64,64,true]},"uagb_author_info":{"display_name":"benjaming","author_link":"https:\/\/www.musclenutrition.com.mx\/index.php\/author\/"},"uagb_comment_info":0,"uagb_excerpt":"CARNIVOR MASS El primer anabolic del mundo alto en proteina de carne y constructor de masa. Bienvenido a la nueva era de la suplementacion para desarrollo muscular. Nuevo! Anabolico de proteina de carne Gainer Aislado de proteina de carne hidrolizada Carbohidratos reactivos de alto Impacto La amplificaci\u00f3n y la se\u00f1alizaci\u00f3n de insulina Cargado con creatina&hellip;","_links":{"self":[{"href":"https:\/\/www.musclenutrition.com.mx\/index.php\/wp-json\/wp\/v2\/product\/1329","targetHints":{"allow":["GET"]}}],"collection":[{"href":"https:\/\/www.musclenutrition.com.mx\/index.php\/wp-json\/wp\/v2\/product"}],"about":[{"href":"https:\/\/www.musclenutrition.com.mx\/index.php\/wp-json\/wp\/v2\/types\/product"}],"replies":[{"embeddable":true,"href":"https:\/\/www.musclenutrition.com.mx\/index.php\/wp-json\/wp\/v2\/comments?post=1329"}],"wp:featuredmedia":[{"embeddable":true,"href":"https:\/\/www.musclenutrition.com.mx\/index.php\/wp-json\/wp\/v2\/media\/2302"}],"wp:attachment":[{"href":"https:\/\/www.musclenutrition.com.mx\/index.php\/wp-json\/wp\/v2\/media?parent=1329"}],"wp:term":[{"taxonomy":"product_brand","embeddable":true,"href":"https:\/\/www.musclenutrition.com.mx\/index.php\/wp-json\/wp\/v2\/product_brand?post=1329"},{"taxonomy":"product_cat","embeddable":true,"href":"https:\/\/www.musclenutrition.com.mx\/index.php\/wp-json\/wp\/v2\/product_cat?post=1329"},{"taxonomy":"product_tag","embeddable":true,"href":"https:\/\/www.musclenutrition.com.mx\/index.php\/wp-json\/wp\/v2\/product_tag?post=1329"}],"curies":[{"name":"wp","href":"https:\/\/api.w.org\/{rel}","templated":true}]}}