{"id":1316,"date":"2023-08-27T16:18:16","date_gmt":"2023-08-27T16:18:16","guid":{"rendered":"https:\/\/musclenutrition.com.mx\/?post_type=product&#038;p=1316"},"modified":"2025-09-12T15:51:41","modified_gmt":"2025-09-12T21:51:41","slug":"mutant-creakong-cx8","status":"publish","type":"product","link":"https:\/\/www.musclenutrition.com.mx\/index.php\/producto\/mutant-creakong-cx8\/","title":{"rendered":"MUTANT CREAKONG CX8"},"content":{"rendered":"<p>La f\u00f3rmula de triple amenaza de Mutant Creakong CX8 combina 4 gramos de monohidrato de creatina, malato y quelato de magnesio altamente absorbibles que han sido turbocargados con 4 gramos de BCAA, taurina y nuestra Matriz de s\u00edntesis de creatina (CSM) de amino\u00e1cidos precursores como arginina y metionina. Esta tecnolog\u00eda de nutrientes \u00fanica impulsa la producci\u00f3n interna de creatina y ATP al tiempo que aumenta la s\u00edntesis de prote\u00ednas musculares para respaldar sus esfuerzos de potencia ya amplificados.<\/p>\n","protected":false},"excerpt":{"rendered":"<p>La f\u00f3rmula de triple amenaza de Mutant Creakong CX8 combina 4 gramos de monohidrato de creatina, malato y quelato de magnesio altamente absorbibles que han sido turbocargados con 4 gramos de BCAA, taurina y nuestra Matriz de s\u00edntesis de creatina (CSM) de amino\u00e1cidos precursores como arginina y metionina. Esta tecnolog\u00eda de nutrientes \u00fanica impulsa la &hellip;<\/p>\n<p class=\"read-more\"> <a class=\"\" href=\"https:\/\/www.musclenutrition.com.mx\/index.php\/producto\/mutant-creakong-cx8\/\"> <span class=\"screen-reader-text\">MUTANT CREAKONG CX8<\/span> Leer m\u00e1s &raquo;<\/a><\/p>\n","protected":false},"featured_media":1317,"comment_status":"open","ping_status":"closed","template":"","meta":{"_uag_custom_page_level_css":"","site-sidebar-layout":"default","site-content-layout":"default","ast-global-header-display":"","ast-banner-title-visibility":"","ast-main-header-display":"","ast-hfb-above-header-display":"","ast-hfb-below-header-display":"","ast-hfb-mobile-header-display":"","site-post-title":"","ast-breadcrumbs-content":"","ast-featured-img":"","footer-sml-layout":"","theme-transparent-header-meta":"default","adv-header-id-meta":"","stick-header-meta":"","header-above-stick-meta":"","header-main-stick-meta":"","header-below-stick-meta":""},"product_brand":[],"product_cat":[31],"product_tag":[],"class_list":{"0":"post-1316","1":"product","2":"type-product","3":"status-publish","4":"has-post-thumbnail","6":"product_cat-creatinas","7":"desktop-align-left","8":"tablet-align-left","9":"mobile-align-left","11":"first","12":"outofstock","13":"shipping-taxable","14":"purchasable","15":"product-type-simple"},"ams_default_variation_id":0,"ams_product_points_reward":[],"ams_product_discount_percentage":0,"ams_price_to_display":400,"ams_acf":[],"uagb_featured_image_src":{"full":["https:\/\/www.musclenutrition.com.mx\/wp-content\/uploads\/2023\/08\/CREAKONGCX8249GRS_grande.webp",550,550,false],"thumbnail":["https:\/\/www.musclenutrition.com.mx\/wp-content\/uploads\/2023\/08\/CREAKONGCX8249GRS_grande-150x150.webp",150,150,true],"medium":["https:\/\/www.musclenutrition.com.mx\/wp-content\/uploads\/2023\/08\/CREAKONGCX8249GRS_grande-300x300.webp",300,300,true],"medium_large":["https:\/\/www.musclenutrition.com.mx\/wp-content\/uploads\/2023\/08\/CREAKONGCX8249GRS_grande.webp",550,550,false],"large":["https:\/\/www.musclenutrition.com.mx\/wp-content\/uploads\/2023\/08\/CREAKONGCX8249GRS_grande.webp",550,550,false],"1536x1536":["https:\/\/www.musclenutrition.com.mx\/wp-content\/uploads\/2023\/08\/CREAKONGCX8249GRS_grande.webp",550,550,false],"2048x2048":["https:\/\/www.musclenutrition.com.mx\/wp-content\/uploads\/2023\/08\/CREAKONGCX8249GRS_grande.webp",550,550,false],"woocommerce_thumbnail":["https:\/\/www.musclenutrition.com.mx\/wp-content\/uploads\/2023\/08\/CREAKONGCX8249GRS_grande-300x300.webp",300,300,true],"woocommerce_single":["https:\/\/www.musclenutrition.com.mx\/wp-content\/uploads\/2023\/08\/CREAKONGCX8249GRS_grande.webp",550,550,false],"woocommerce_gallery_thumbnail":["https:\/\/www.musclenutrition.com.mx\/wp-content\/uploads\/2023\/08\/CREAKONGCX8249GRS_grande-100x100.webp",100,100,true],"dgwt-wcas-product-suggestion":["https:\/\/www.musclenutrition.com.mx\/wp-content\/uploads\/2023\/08\/CREAKONGCX8249GRS_grande.webp",64,64,false]},"uagb_author_info":{"display_name":"benjaming","author_link":"https:\/\/www.musclenutrition.com.mx\/index.php\/author\/"},"uagb_comment_info":0,"uagb_excerpt":"La f\u00f3rmula de triple amenaza de Mutant Creakong CX8 combina 4 gramos de monohidrato de creatina, malato y quelato de magnesio altamente absorbibles que han sido turbocargados con 4 gramos de BCAA, taurina y nuestra Matriz de s\u00edntesis de creatina (CSM) de amino\u00e1cidos precursores como arginina y metionina. Esta tecnolog\u00eda de nutrientes \u00fanica impulsa la&hellip;","_links":{"self":[{"href":"https:\/\/www.musclenutrition.com.mx\/index.php\/wp-json\/wp\/v2\/product\/1316","targetHints":{"allow":["GET"]}}],"collection":[{"href":"https:\/\/www.musclenutrition.com.mx\/index.php\/wp-json\/wp\/v2\/product"}],"about":[{"href":"https:\/\/www.musclenutrition.com.mx\/index.php\/wp-json\/wp\/v2\/types\/product"}],"replies":[{"embeddable":true,"href":"https:\/\/www.musclenutrition.com.mx\/index.php\/wp-json\/wp\/v2\/comments?post=1316"}],"wp:featuredmedia":[{"embeddable":true,"href":"https:\/\/www.musclenutrition.com.mx\/index.php\/wp-json\/wp\/v2\/media\/1317"}],"wp:attachment":[{"href":"https:\/\/www.musclenutrition.com.mx\/index.php\/wp-json\/wp\/v2\/media?parent=1316"}],"wp:term":[{"taxonomy":"product_brand","embeddable":true,"href":"https:\/\/www.musclenutrition.com.mx\/index.php\/wp-json\/wp\/v2\/product_brand?post=1316"},{"taxonomy":"product_cat","embeddable":true,"href":"https:\/\/www.musclenutrition.com.mx\/index.php\/wp-json\/wp\/v2\/product_cat?post=1316"},{"taxonomy":"product_tag","embeddable":true,"href":"https:\/\/www.musclenutrition.com.mx\/index.php\/wp-json\/wp\/v2\/product_tag?post=1316"}],"curies":[{"name":"wp","href":"https:\/\/api.w.org\/{rel}","templated":true}]}}