{"id":1308,"date":"2023-08-27T16:15:16","date_gmt":"2023-08-27T16:15:16","guid":{"rendered":"https:\/\/musclenutrition.com.mx\/?post_type=product&#038;p=1308"},"modified":"2026-03-25T20:40:00","modified_gmt":"2026-03-26T02:40:00","slug":"meta-creatina-100-servs","status":"publish","type":"product","link":"https:\/\/www.musclenutrition.com.mx\/index.php\/producto\/meta-creatina-100-servs\/","title":{"rendered":"META CREATINA 100 SERVS"},"content":{"rendered":"<p>El Monohidrato de Creatina de Creatine+ Meta Nutrition es una de las herramientas m\u00e1s estudiadas e importantes y usadas para aumentar fuerza. La suplementaci\u00f3n con Creatina ayuda a incrementar significativamente la potencia, tama\u00f1o y fuerza muscular durante actividades de alta intensidad.<\/p>\n<p>La creatina es usada por tus c\u00e9lulas musculares para producir energ\u00eda. Durante ejercicios extenuantes, tu cuerpo la usa como fuente de energ\u00eda para resistir el entrenamiento.\u00a0Constituye un vector inmediato y directo para transportar ATP y proveer de energ\u00eda a las miofibrillas musculares.<\/p>\n","protected":false},"excerpt":{"rendered":"<p>El Monohidrato de Creatina de Creatine+ Meta Nutrition es una de las herramientas m\u00e1s estudiadas e importantes y usadas para aumentar fuerza. La suplementaci\u00f3n con Creatina ayuda a incrementar significativamente la potencia, tama\u00f1o y fuerza muscular durante actividades de alta intensidad. La creatina es usada por tus c\u00e9lulas musculares para producir energ\u00eda. Durante ejercicios extenuantes, &hellip;<\/p>\n<p class=\"read-more\"> <a class=\"\" href=\"https:\/\/www.musclenutrition.com.mx\/index.php\/producto\/meta-creatina-100-servs\/\"> <span class=\"screen-reader-text\">META CREATINA 100 SERVS<\/span> Leer m\u00e1s &raquo;<\/a><\/p>\n","protected":false},"featured_media":4726,"comment_status":"open","ping_status":"closed","template":"","meta":{"_uag_custom_page_level_css":"","site-sidebar-layout":"default","site-content-layout":"default","ast-global-header-display":"","ast-banner-title-visibility":"","ast-main-header-display":"","ast-hfb-above-header-display":"","ast-hfb-below-header-display":"","ast-hfb-mobile-header-display":"","site-post-title":"","ast-breadcrumbs-content":"","ast-featured-img":"","footer-sml-layout":"","theme-transparent-header-meta":"default","adv-header-id-meta":"","stick-header-meta":"","header-above-stick-meta":"","header-main-stick-meta":"","header-below-stick-meta":""},"product_brand":[],"product_cat":[31],"product_tag":[],"class_list":{"0":"post-1308","1":"product","2":"type-product","3":"status-publish","4":"has-post-thumbnail","6":"product_cat-creatinas","7":"desktop-align-left","8":"tablet-align-left","9":"mobile-align-left","11":"first","12":"instock","13":"shipping-taxable","14":"purchasable","15":"product-type-simple"},"ams_default_variation_id":0,"ams_product_points_reward":[],"ams_product_discount_percentage":0,"ams_price_to_display":580,"ams_acf":[],"uagb_featured_image_src":{"full":["https:\/\/www.musclenutrition.com.mx\/wp-content\/uploads\/2023\/08\/R.png",600,600,false],"thumbnail":["https:\/\/www.musclenutrition.com.mx\/wp-content\/uploads\/2023\/08\/R-150x150.png",150,150,true],"medium":["https:\/\/www.musclenutrition.com.mx\/wp-content\/uploads\/2023\/08\/R-300x300.png",300,300,true],"medium_large":["https:\/\/www.musclenutrition.com.mx\/wp-content\/uploads\/2023\/08\/R.png",600,600,false],"large":["https:\/\/www.musclenutrition.com.mx\/wp-content\/uploads\/2023\/08\/R.png",600,600,false],"1536x1536":["https:\/\/www.musclenutrition.com.mx\/wp-content\/uploads\/2023\/08\/R.png",600,600,false],"2048x2048":["https:\/\/www.musclenutrition.com.mx\/wp-content\/uploads\/2023\/08\/R.png",600,600,false],"woocommerce_thumbnail":["https:\/\/www.musclenutrition.com.mx\/wp-content\/uploads\/2023\/08\/R-300x300.png",300,300,true],"woocommerce_single":["https:\/\/www.musclenutrition.com.mx\/wp-content\/uploads\/2023\/08\/R.png",600,600,false],"woocommerce_gallery_thumbnail":["https:\/\/www.musclenutrition.com.mx\/wp-content\/uploads\/2023\/08\/R-100x100.png",100,100,true],"dgwt-wcas-product-suggestion":["https:\/\/www.musclenutrition.com.mx\/wp-content\/uploads\/2023\/08\/R-64x64.png",64,64,true]},"uagb_author_info":{"display_name":"benjaming","author_link":"https:\/\/www.musclenutrition.com.mx\/index.php\/author\/"},"uagb_comment_info":0,"uagb_excerpt":"El Monohidrato de Creatina de Creatine+ Meta Nutrition es una de las herramientas m\u00e1s estudiadas e importantes y usadas para aumentar fuerza. La suplementaci\u00f3n con Creatina ayuda a incrementar significativamente la potencia, tama\u00f1o y fuerza muscular durante actividades de alta intensidad. La creatina es usada por tus c\u00e9lulas musculares para producir energ\u00eda. Durante ejercicios extenuantes,&hellip;","_links":{"self":[{"href":"https:\/\/www.musclenutrition.com.mx\/index.php\/wp-json\/wp\/v2\/product\/1308","targetHints":{"allow":["GET"]}}],"collection":[{"href":"https:\/\/www.musclenutrition.com.mx\/index.php\/wp-json\/wp\/v2\/product"}],"about":[{"href":"https:\/\/www.musclenutrition.com.mx\/index.php\/wp-json\/wp\/v2\/types\/product"}],"replies":[{"embeddable":true,"href":"https:\/\/www.musclenutrition.com.mx\/index.php\/wp-json\/wp\/v2\/comments?post=1308"}],"wp:featuredmedia":[{"embeddable":true,"href":"https:\/\/www.musclenutrition.com.mx\/index.php\/wp-json\/wp\/v2\/media\/4726"}],"wp:attachment":[{"href":"https:\/\/www.musclenutrition.com.mx\/index.php\/wp-json\/wp\/v2\/media?parent=1308"}],"wp:term":[{"taxonomy":"product_brand","embeddable":true,"href":"https:\/\/www.musclenutrition.com.mx\/index.php\/wp-json\/wp\/v2\/product_brand?post=1308"},{"taxonomy":"product_cat","embeddable":true,"href":"https:\/\/www.musclenutrition.com.mx\/index.php\/wp-json\/wp\/v2\/product_cat?post=1308"},{"taxonomy":"product_tag","embeddable":true,"href":"https:\/\/www.musclenutrition.com.mx\/index.php\/wp-json\/wp\/v2\/product_tag?post=1308"}],"curies":[{"name":"wp","href":"https:\/\/api.w.org\/{rel}","templated":true}]}}