{"id":1302,"date":"2023-08-27T16:06:10","date_gmt":"2023-08-27T16:06:10","guid":{"rendered":"https:\/\/musclenutrition.com.mx\/?post_type=product&#038;p=1302"},"modified":"2026-04-14T09:00:39","modified_gmt":"2026-04-14T15:00:39","slug":"birdman-creatina-90-servs","status":"publish","type":"product","link":"https:\/\/www.musclenutrition.com.mx\/index.php\/producto\/birdman-creatina-90-servs\/","title":{"rendered":"BIRDMAN CREATINA 90 SERVS"},"content":{"rendered":"<p><strong>BIRDMAN CREATINA<\/strong><\/p>\n<p>La Creatina ocurre naturalmente en nuestros cuerpos y es crucial para los niveles de energ\u00eda de nuestro metabolismo. Cuando necesitamos energ\u00eda, convertimos ATP (adenosin trifosfato, el &#8220;combustible&#8221; de nuestras c\u00e9lulas) en ADP (adenosin difosfato). Eventualmente nuestro cuerpo convierte este ADP en ATP de nuevo usando la energ\u00eda que obtenemos de nuestros alimentos, pero esto toma tiempo y ah\u00ed es cuando la suplementaci\u00f3n con creatina entra en juego, haciendo este proceso mucho m\u00e1s r\u00e1pido<\/p>\n","protected":false},"excerpt":{"rendered":"<p>BIRDMAN CREATINA La Creatina ocurre naturalmente en nuestros cuerpos y es crucial para los niveles de energ\u00eda de nuestro metabolismo. Cuando necesitamos energ\u00eda, convertimos ATP (adenosin trifosfato, el &#8220;combustible&#8221; de nuestras c\u00e9lulas) en ADP (adenosin difosfato). Eventualmente nuestro cuerpo convierte este ADP en ATP de nuevo usando la energ\u00eda que obtenemos de nuestros alimentos, pero &hellip;<\/p>\n<p class=\"read-more\"> <a class=\"\" href=\"https:\/\/www.musclenutrition.com.mx\/index.php\/producto\/birdman-creatina-90-servs\/\"> <span class=\"screen-reader-text\">BIRDMAN CREATINA 90 SERVS<\/span> Leer m\u00e1s &raquo;<\/a><\/p>\n","protected":false},"featured_media":4593,"comment_status":"open","ping_status":"closed","template":"","meta":{"_uag_custom_page_level_css":"","site-sidebar-layout":"default","site-content-layout":"default","ast-global-header-display":"","ast-banner-title-visibility":"","ast-main-header-display":"","ast-hfb-above-header-display":"","ast-hfb-below-header-display":"","ast-hfb-mobile-header-display":"","site-post-title":"","ast-breadcrumbs-content":"","ast-featured-img":"","footer-sml-layout":"","theme-transparent-header-meta":"default","adv-header-id-meta":"","stick-header-meta":"","header-above-stick-meta":"","header-main-stick-meta":"","header-below-stick-meta":""},"product_brand":[],"product_cat":[31],"product_tag":[],"class_list":{"0":"post-1302","1":"product","2":"type-product","3":"status-publish","4":"has-post-thumbnail","6":"product_cat-creatinas","7":"desktop-align-left","8":"tablet-align-left","9":"mobile-align-left","11":"first","12":"instock","13":"shipping-taxable","14":"purchasable","15":"product-type-simple"},"ams_default_variation_id":0,"ams_product_points_reward":[],"ams_product_discount_percentage":0,"ams_price_to_display":600,"ams_acf":[],"uagb_featured_image_src":{"full":["https:\/\/www.musclenutrition.com.mx\/wp-content\/uploads\/2023\/08\/creatina-monohidratada-birdman-natural-450-gr-is-CREA450-1.jpg",1200,1200,false],"thumbnail":["https:\/\/www.musclenutrition.com.mx\/wp-content\/uploads\/2023\/08\/creatina-monohidratada-birdman-natural-450-gr-is-CREA450-1-150x150.jpg",150,150,true],"medium":["https:\/\/www.musclenutrition.com.mx\/wp-content\/uploads\/2023\/08\/creatina-monohidratada-birdman-natural-450-gr-is-CREA450-1-300x300.jpg",300,300,true],"medium_large":["https:\/\/www.musclenutrition.com.mx\/wp-content\/uploads\/2023\/08\/creatina-monohidratada-birdman-natural-450-gr-is-CREA450-1-768x768.jpg",768,768,true],"large":["https:\/\/www.musclenutrition.com.mx\/wp-content\/uploads\/2023\/08\/creatina-monohidratada-birdman-natural-450-gr-is-CREA450-1-1024x1024.jpg",1024,1024,true],"1536x1536":["https:\/\/www.musclenutrition.com.mx\/wp-content\/uploads\/2023\/08\/creatina-monohidratada-birdman-natural-450-gr-is-CREA450-1.jpg",1200,1200,false],"2048x2048":["https:\/\/www.musclenutrition.com.mx\/wp-content\/uploads\/2023\/08\/creatina-monohidratada-birdman-natural-450-gr-is-CREA450-1.jpg",1200,1200,false],"woocommerce_thumbnail":["https:\/\/www.musclenutrition.com.mx\/wp-content\/uploads\/2023\/08\/creatina-monohidratada-birdman-natural-450-gr-is-CREA450-1-300x300.jpg",300,300,true],"woocommerce_single":["https:\/\/www.musclenutrition.com.mx\/wp-content\/uploads\/2023\/08\/creatina-monohidratada-birdman-natural-450-gr-is-CREA450-1-600x600.jpg",600,600,true],"woocommerce_gallery_thumbnail":["https:\/\/www.musclenutrition.com.mx\/wp-content\/uploads\/2023\/08\/creatina-monohidratada-birdman-natural-450-gr-is-CREA450-1-100x100.jpg",100,100,true],"dgwt-wcas-product-suggestion":["https:\/\/www.musclenutrition.com.mx\/wp-content\/uploads\/2023\/08\/creatina-monohidratada-birdman-natural-450-gr-is-CREA450-1-64x64.jpg",64,64,true]},"uagb_author_info":{"display_name":"benjaming","author_link":"https:\/\/www.musclenutrition.com.mx\/index.php\/author\/"},"uagb_comment_info":0,"uagb_excerpt":"BIRDMAN CREATINA La Creatina ocurre naturalmente en nuestros cuerpos y es crucial para los niveles de energ\u00eda de nuestro metabolismo. Cuando necesitamos energ\u00eda, convertimos ATP (adenosin trifosfato, el &#8220;combustible&#8221; de nuestras c\u00e9lulas) en ADP (adenosin difosfato). Eventualmente nuestro cuerpo convierte este ADP en ATP de nuevo usando la energ\u00eda que obtenemos de nuestros alimentos, pero&hellip;","_links":{"self":[{"href":"https:\/\/www.musclenutrition.com.mx\/index.php\/wp-json\/wp\/v2\/product\/1302","targetHints":{"allow":["GET"]}}],"collection":[{"href":"https:\/\/www.musclenutrition.com.mx\/index.php\/wp-json\/wp\/v2\/product"}],"about":[{"href":"https:\/\/www.musclenutrition.com.mx\/index.php\/wp-json\/wp\/v2\/types\/product"}],"replies":[{"embeddable":true,"href":"https:\/\/www.musclenutrition.com.mx\/index.php\/wp-json\/wp\/v2\/comments?post=1302"}],"wp:featuredmedia":[{"embeddable":true,"href":"https:\/\/www.musclenutrition.com.mx\/index.php\/wp-json\/wp\/v2\/media\/4593"}],"wp:attachment":[{"href":"https:\/\/www.musclenutrition.com.mx\/index.php\/wp-json\/wp\/v2\/media?parent=1302"}],"wp:term":[{"taxonomy":"product_brand","embeddable":true,"href":"https:\/\/www.musclenutrition.com.mx\/index.php\/wp-json\/wp\/v2\/product_brand?post=1302"},{"taxonomy":"product_cat","embeddable":true,"href":"https:\/\/www.musclenutrition.com.mx\/index.php\/wp-json\/wp\/v2\/product_cat?post=1302"},{"taxonomy":"product_tag","embeddable":true,"href":"https:\/\/www.musclenutrition.com.mx\/index.php\/wp-json\/wp\/v2\/product_tag?post=1302"}],"curies":[{"name":"wp","href":"https:\/\/api.w.org\/{rel}","templated":true}]}}