{"id":1238,"date":"2023-08-27T15:39:38","date_gmt":"2023-08-27T15:39:38","guid":{"rendered":"https:\/\/musclenutrition.com.mx\/?post_type=product&#038;p=1238"},"modified":"2025-01-08T15:44:30","modified_gmt":"2025-01-08T21:44:30","slug":"ronnie-coleman-bcaa-xs","status":"publish","type":"product","link":"https:\/\/www.musclenutrition.com.mx\/index.php\/producto\/ronnie-coleman-bcaa-xs\/","title":{"rendered":"RONNIE COLEMAN BCAA XS"},"content":{"rendered":"<p><strong>\u00bfPOR QU\u00c9 USAR BCAA XS?<\/strong><\/p>\n<ul class=\"whylist\">\n<li>Los BCAA ayudan a crear un ambiente anab\u00f3lico dentro de tu cuerpo al estimular la s\u00edntesis de prote\u00ednas musculares, desaceleran el da\u00f1o muscular despu\u00e9s del entrenamiento y ayudan en la creaci\u00f3n de glucosa para ayudar a alimentar tus m\u00fasculos y prevenir a\u00fan m\u00e1s la degradaci\u00f3n muscular.<\/li>\n<li>Los Amino\u00e1cidos de Cadena Ramificada reciben su nombre por su estructura qu\u00edmica ramificada \u00fanica y se clasifican como amino\u00e1cidos esenciales, lo que significa que el cuerpo no puede producirlos por s\u00ed solo. Por lo tanto, estos tres BCAA, leucina, isoleucina y valina, deben adquirirse a trav\u00e9s de la dieta o mediante suplementos.<\/li>\n<\/ul>\n","protected":false},"excerpt":{"rendered":"<p>\u00bfPOR QU\u00c9 USAR BCAA XS? Los BCAA ayudan a crear un ambiente anab\u00f3lico dentro de tu cuerpo al estimular la s\u00edntesis de prote\u00ednas musculares, desaceleran el da\u00f1o muscular despu\u00e9s del entrenamiento y ayudan en la creaci\u00f3n de glucosa para ayudar a alimentar tus m\u00fasculos y prevenir a\u00fan m\u00e1s la degradaci\u00f3n muscular. Los Amino\u00e1cidos de Cadena &hellip;<\/p>\n<p class=\"read-more\"> <a class=\"\" href=\"https:\/\/www.musclenutrition.com.mx\/index.php\/producto\/ronnie-coleman-bcaa-xs\/\"> <span class=\"screen-reader-text\">RONNIE COLEMAN BCAA XS<\/span> Leer m\u00e1s &raquo;<\/a><\/p>\n","protected":false},"featured_media":1242,"comment_status":"open","ping_status":"closed","template":"","meta":{"_uag_custom_page_level_css":"","site-sidebar-layout":"default","site-content-layout":"default","ast-global-header-display":"","ast-banner-title-visibility":"","ast-main-header-display":"","ast-hfb-above-header-display":"","ast-hfb-below-header-display":"","ast-hfb-mobile-header-display":"","site-post-title":"","ast-breadcrumbs-content":"","ast-featured-img":"","footer-sml-layout":"","theme-transparent-header-meta":"default","adv-header-id-meta":"","stick-header-meta":"","header-above-stick-meta":"","header-main-stick-meta":"","header-below-stick-meta":""},"product_brand":[],"product_cat":[15],"product_tag":[],"class_list":{"0":"post-1238","1":"product","2":"type-product","3":"status-publish","4":"has-post-thumbnail","6":"product_cat-sin-categorizar","7":"desktop-align-left","8":"tablet-align-left","9":"mobile-align-left","11":"first","12":"outofstock","13":"shipping-taxable","14":"purchasable","15":"product-type-variable"},"ams_default_variation_id":0,"ams_product_points_reward":[],"ams_product_discount_percentage":0,"ams_price_to_display":350,"ams_acf":[],"uagb_featured_image_src":{"full":["https:\/\/www.musclenutrition.com.mx\/wp-content\/uploads\/2023\/08\/RONNIE-COLEMAN-BCAA-XS.webp",489,500,false],"thumbnail":["https:\/\/www.musclenutrition.com.mx\/wp-content\/uploads\/2023\/08\/RONNIE-COLEMAN-BCAA-XS-150x150.webp",150,150,true],"medium":["https:\/\/www.musclenutrition.com.mx\/wp-content\/uploads\/2023\/08\/RONNIE-COLEMAN-BCAA-XS-293x300.webp",293,300,true],"medium_large":["https:\/\/www.musclenutrition.com.mx\/wp-content\/uploads\/2023\/08\/RONNIE-COLEMAN-BCAA-XS.webp",489,500,false],"large":["https:\/\/www.musclenutrition.com.mx\/wp-content\/uploads\/2023\/08\/RONNIE-COLEMAN-BCAA-XS.webp",489,500,false],"1536x1536":["https:\/\/www.musclenutrition.com.mx\/wp-content\/uploads\/2023\/08\/RONNIE-COLEMAN-BCAA-XS.webp",489,500,false],"2048x2048":["https:\/\/www.musclenutrition.com.mx\/wp-content\/uploads\/2023\/08\/RONNIE-COLEMAN-BCAA-XS.webp",489,500,false],"woocommerce_thumbnail":["https:\/\/www.musclenutrition.com.mx\/wp-content\/uploads\/2023\/08\/RONNIE-COLEMAN-BCAA-XS-300x300.webp",300,300,true],"woocommerce_single":["https:\/\/www.musclenutrition.com.mx\/wp-content\/uploads\/2023\/08\/RONNIE-COLEMAN-BCAA-XS.webp",489,500,false],"woocommerce_gallery_thumbnail":["https:\/\/www.musclenutrition.com.mx\/wp-content\/uploads\/2023\/08\/RONNIE-COLEMAN-BCAA-XS-100x100.webp",100,100,true],"dgwt-wcas-product-suggestion":["https:\/\/www.musclenutrition.com.mx\/wp-content\/uploads\/2023\/08\/RONNIE-COLEMAN-BCAA-XS.webp",64,65,false]},"uagb_author_info":{"display_name":"benjaming","author_link":"https:\/\/www.musclenutrition.com.mx\/index.php\/author\/"},"uagb_comment_info":0,"uagb_excerpt":"\u00bfPOR QU\u00c9 USAR BCAA XS? Los BCAA ayudan a crear un ambiente anab\u00f3lico dentro de tu cuerpo al estimular la s\u00edntesis de prote\u00ednas musculares, desaceleran el da\u00f1o muscular despu\u00e9s del entrenamiento y ayudan en la creaci\u00f3n de glucosa para ayudar a alimentar tus m\u00fasculos y prevenir a\u00fan m\u00e1s la degradaci\u00f3n muscular. Los Amino\u00e1cidos de Cadena&hellip;","_links":{"self":[{"href":"https:\/\/www.musclenutrition.com.mx\/index.php\/wp-json\/wp\/v2\/product\/1238","targetHints":{"allow":["GET"]}}],"collection":[{"href":"https:\/\/www.musclenutrition.com.mx\/index.php\/wp-json\/wp\/v2\/product"}],"about":[{"href":"https:\/\/www.musclenutrition.com.mx\/index.php\/wp-json\/wp\/v2\/types\/product"}],"replies":[{"embeddable":true,"href":"https:\/\/www.musclenutrition.com.mx\/index.php\/wp-json\/wp\/v2\/comments?post=1238"}],"wp:featuredmedia":[{"embeddable":true,"href":"https:\/\/www.musclenutrition.com.mx\/index.php\/wp-json\/wp\/v2\/media\/1242"}],"wp:attachment":[{"href":"https:\/\/www.musclenutrition.com.mx\/index.php\/wp-json\/wp\/v2\/media?parent=1238"}],"wp:term":[{"taxonomy":"product_brand","embeddable":true,"href":"https:\/\/www.musclenutrition.com.mx\/index.php\/wp-json\/wp\/v2\/product_brand?post=1238"},{"taxonomy":"product_cat","embeddable":true,"href":"https:\/\/www.musclenutrition.com.mx\/index.php\/wp-json\/wp\/v2\/product_cat?post=1238"},{"taxonomy":"product_tag","embeddable":true,"href":"https:\/\/www.musclenutrition.com.mx\/index.php\/wp-json\/wp\/v2\/product_tag?post=1238"}],"curies":[{"name":"wp","href":"https:\/\/api.w.org\/{rel}","templated":true}]}}