{"id":1218,"date":"2023-08-27T15:33:57","date_gmt":"2023-08-27T15:33:57","guid":{"rendered":"https:\/\/musclenutrition.com.mx\/?post_type=product&#038;p=1218"},"modified":"2026-03-30T18:32:12","modified_gmt":"2026-03-31T00:32:12","slug":"on-amino-energy-30-serv","status":"publish","type":"product","link":"https:\/\/www.musclenutrition.com.mx\/index.php\/producto\/on-amino-energy-30-serv\/","title":{"rendered":"ON AMINO ENERGY 30 SERV"},"content":{"rendered":"<p><strong>ON AMINO ENERGY<\/strong><\/p>\n<p>Para ayudar a satisfacer estas demandas, hemos creado Amino Energy.<br \/>\nAmino Energy de ON combina una proporci\u00f3n \u00f3ptima de la forma libre de amino\u00e1cidos de r\u00e1pida absorci\u00f3n (incluyendo los constructores musculares BCAA y la arginina para conseguir bombeos vasculares m\u00e1s intensos) con energizantes naturales, beta Alanina e ingredientes potenciadores de \u00d3xido N\u00edtrico para ayudarte a alcanzar el siguiente nivel.<br \/>\nPropiedades EssentialAmino Energy<\/p>\n<p>\u00b7 Proporciona amino\u00e1cidos esenciales<br \/>\n\u00b7 Aumenta la producci\u00f3n de \u00d3xido N\u00edtrico<br \/>\n\u00b7 Acelera la recuperaci\u00f3n muscular<br \/>\n\u00b7 Mejora la energ\u00eda y la concentraci\u00f3n<\/p>\n<p>Principales caracter\u00edsticasde Essential Amino Energy<\/p>\n<p>\u00b7 5 g de Amino\u00e1cidos micronizados<br \/>\n\u00b7 Beta-Alanina<br \/>\n\u00b7 100 mg de Cafe\u00edna del T\u00e9 Verde<br \/>\n\u00b7 Extracto de T\u00e9 Verde<br \/>\n\u00b7 Extracto de Caf\u00e9 Verde<br \/>\n\u00b7 S\u00f3lo 10 Calor\u00edas<br \/>\n\u00b7 Sin grasas ni az\u00facar<\/p>\n","protected":false},"excerpt":{"rendered":"<p>ON AMINO ENERGY Para ayudar a satisfacer estas demandas, hemos creado Amino Energy. Amino Energy de ON combina una proporci\u00f3n \u00f3ptima de la forma libre de amino\u00e1cidos de r\u00e1pida absorci\u00f3n (incluyendo los constructores musculares BCAA y la arginina para conseguir bombeos vasculares m\u00e1s intensos) con energizantes naturales, beta Alanina e ingredientes potenciadores de \u00d3xido N\u00edtrico &hellip;<\/p>\n<p class=\"read-more\"> <a class=\"\" href=\"https:\/\/www.musclenutrition.com.mx\/index.php\/producto\/on-amino-energy-30-serv\/\"> <span class=\"screen-reader-text\">ON AMINO ENERGY 30 SERV<\/span> Leer m\u00e1s &raquo;<\/a><\/p>\n","protected":false},"featured_media":2299,"comment_status":"open","ping_status":"closed","template":"","meta":{"_uag_custom_page_level_css":"","site-sidebar-layout":"default","site-content-layout":"default","ast-global-header-display":"","ast-banner-title-visibility":"","ast-main-header-display":"","ast-hfb-above-header-display":"","ast-hfb-below-header-display":"","ast-hfb-mobile-header-display":"","site-post-title":"","ast-breadcrumbs-content":"","ast-featured-img":"","footer-sml-layout":"","theme-transparent-header-meta":"default","adv-header-id-meta":"","stick-header-meta":"","header-above-stick-meta":"","header-main-stick-meta":"","header-below-stick-meta":""},"product_brand":[],"product_cat":[33],"product_tag":[],"class_list":{"0":"post-1218","1":"product","2":"type-product","3":"status-publish","4":"has-post-thumbnail","6":"product_cat-aminoacidos","7":"desktop-align-left","8":"tablet-align-left","9":"mobile-align-left","11":"first","12":"instock","13":"shipping-taxable","14":"purchasable","15":"product-type-variable"},"ams_default_variation_id":0,"ams_product_points_reward":[],"ams_product_discount_percentage":0,"ams_price_to_display":490,"ams_acf":[],"uagb_featured_image_src":{"full":["https:\/\/www.musclenutrition.com.mx\/wp-content\/uploads\/2023\/08\/AMINO-ENERGY.webp",800,800,false],"thumbnail":["https:\/\/www.musclenutrition.com.mx\/wp-content\/uploads\/2023\/08\/AMINO-ENERGY-150x150.webp",150,150,true],"medium":["https:\/\/www.musclenutrition.com.mx\/wp-content\/uploads\/2023\/08\/AMINO-ENERGY-300x300.webp",300,300,true],"medium_large":["https:\/\/www.musclenutrition.com.mx\/wp-content\/uploads\/2023\/08\/AMINO-ENERGY-768x768.webp",768,768,true],"large":["https:\/\/www.musclenutrition.com.mx\/wp-content\/uploads\/2023\/08\/AMINO-ENERGY.webp",800,800,false],"1536x1536":["https:\/\/www.musclenutrition.com.mx\/wp-content\/uploads\/2023\/08\/AMINO-ENERGY.webp",800,800,false],"2048x2048":["https:\/\/www.musclenutrition.com.mx\/wp-content\/uploads\/2023\/08\/AMINO-ENERGY.webp",800,800,false],"woocommerce_thumbnail":["https:\/\/www.musclenutrition.com.mx\/wp-content\/uploads\/2023\/08\/AMINO-ENERGY-300x300.webp",300,300,true],"woocommerce_single":["https:\/\/www.musclenutrition.com.mx\/wp-content\/uploads\/2023\/08\/AMINO-ENERGY-600x600.webp",600,600,true],"woocommerce_gallery_thumbnail":["https:\/\/www.musclenutrition.com.mx\/wp-content\/uploads\/2023\/08\/AMINO-ENERGY-100x100.webp",100,100,true],"dgwt-wcas-product-suggestion":["https:\/\/www.musclenutrition.com.mx\/wp-content\/uploads\/2023\/08\/AMINO-ENERGY-64x64.webp",64,64,true]},"uagb_author_info":{"display_name":"benjaming","author_link":"https:\/\/www.musclenutrition.com.mx\/index.php\/author\/"},"uagb_comment_info":0,"uagb_excerpt":"ON AMINO ENERGY Para ayudar a satisfacer estas demandas, hemos creado Amino Energy. Amino Energy de ON combina una proporci\u00f3n \u00f3ptima de la forma libre de amino\u00e1cidos de r\u00e1pida absorci\u00f3n (incluyendo los constructores musculares BCAA y la arginina para conseguir bombeos vasculares m\u00e1s intensos) con energizantes naturales, beta Alanina e ingredientes potenciadores de \u00d3xido N\u00edtrico&hellip;","_links":{"self":[{"href":"https:\/\/www.musclenutrition.com.mx\/index.php\/wp-json\/wp\/v2\/product\/1218","targetHints":{"allow":["GET"]}}],"collection":[{"href":"https:\/\/www.musclenutrition.com.mx\/index.php\/wp-json\/wp\/v2\/product"}],"about":[{"href":"https:\/\/www.musclenutrition.com.mx\/index.php\/wp-json\/wp\/v2\/types\/product"}],"replies":[{"embeddable":true,"href":"https:\/\/www.musclenutrition.com.mx\/index.php\/wp-json\/wp\/v2\/comments?post=1218"}],"wp:featuredmedia":[{"embeddable":true,"href":"https:\/\/www.musclenutrition.com.mx\/index.php\/wp-json\/wp\/v2\/media\/2299"}],"wp:attachment":[{"href":"https:\/\/www.musclenutrition.com.mx\/index.php\/wp-json\/wp\/v2\/media?parent=1218"}],"wp:term":[{"taxonomy":"product_brand","embeddable":true,"href":"https:\/\/www.musclenutrition.com.mx\/index.php\/wp-json\/wp\/v2\/product_brand?post=1218"},{"taxonomy":"product_cat","embeddable":true,"href":"https:\/\/www.musclenutrition.com.mx\/index.php\/wp-json\/wp\/v2\/product_cat?post=1218"},{"taxonomy":"product_tag","embeddable":true,"href":"https:\/\/www.musclenutrition.com.mx\/index.php\/wp-json\/wp\/v2\/product_tag?post=1218"}],"curies":[{"name":"wp","href":"https:\/\/api.w.org\/{rel}","templated":true}]}}