{"id":1216,"date":"2023-08-27T15:28:36","date_gmt":"2023-08-27T15:28:36","guid":{"rendered":"https:\/\/musclenutrition.com.mx\/?post_type=product&#038;p=1216"},"modified":"2026-02-03T16:41:35","modified_gmt":"2026-02-03T22:41:35","slug":"nutrex-hmb","status":"publish","type":"product","link":"https:\/\/www.musclenutrition.com.mx\/index.php\/producto\/nutrex-hmb\/","title":{"rendered":"NUTREX HMB"},"content":{"rendered":"<p>Reconocido como la piedra angular de la protecci\u00f3n muscular, el HMB (\u03b2-hidroxi \u03b2-metilbutirato) es un potente agente anticatab\u00f3lico dise\u00f1ado por expertos para minimizar la descomposici\u00f3n de las prote\u00ednas musculares, especialmente durante sesiones rigurosas de entrenamiento.<\/p>\n<p>HMB es un metabolito del amino\u00e1cido esencial m\u00e1s anab\u00f3lico, la leucina.<\/p>\n<dl>\n<dt>Reduce la degradaci\u00f3n muscular:<\/dt>\n<dd>El HMB (\u03b2-hidroxi \u03b2-metilbutirato) es conocido entre los atletas y culturistas como una herramienta anticatab\u00f3lica. El consumo regular de HMB ayuda a promover un mayor crecimiento muscular al reducir la descomposici\u00f3n de las prote\u00ednas musculares.<\/dd>\n<dt>Promueve la reparaci\u00f3n del tejido muscular:<\/dt>\n<dd>Cuanto m\u00e1s duro e intenso entrenes, mayores ser\u00e1n los beneficios. El HMB ayuda a la proliferaci\u00f3n de c\u00e9lulas sat\u00e9lite, promoviendo as\u00ed la reparaci\u00f3n del tejido muscular y ayudando a proteger los m\u00fasculos durante el entrenamiento.<\/dd>\n<dt>Aumenta las ganancias musculares:<\/dt>\n<dd>El HMB promueve la s\u00edntesis de prote\u00ednas musculares al estimular el objetivo de la rapamicina en los mam\u00edferos (mTOR), lo que regula el crecimiento y la diferenciaci\u00f3n celular. Adem\u00e1s, estudios muestran que el HMB ayuda a aumentar la secreci\u00f3n de la Hormona de Crecimiento y del factor de Crecimiento 1 de insulina, aumentando a\u00fan m\u00e1s la s\u00edntesis de prote\u00ednas.<\/dd>\n<\/dl>\n<p>HMB 1000 contiene 1000mg de \u03b2-hidroxi \u03b2-metilbutirato activo por servicio. Deber\u00eda estar en la base del plan de recuperaci\u00f3n y desarrollo muscular de cualquier atleta. Si te esfuerzas en el gimnasio 3 o 4 veces o m\u00e1s por semana, definitivamente deber\u00edas tomar HMB para ayudarte a aumentar tu ganancias musculares.<\/p>\n","protected":false},"excerpt":{"rendered":"<p>Reconocido como la piedra angular de la protecci\u00f3n muscular, el HMB (\u03b2-hidroxi \u03b2-metilbutirato) es un potente agente anticatab\u00f3lico dise\u00f1ado por expertos para minimizar la descomposici\u00f3n de las prote\u00ednas musculares, especialmente durante sesiones rigurosas de entrenamiento. HMB es un metabolito del amino\u00e1cido esencial m\u00e1s anab\u00f3lico, la leucina. Reduce la degradaci\u00f3n muscular: El HMB (\u03b2-hidroxi \u03b2-metilbutirato) es &hellip;<\/p>\n<p class=\"read-more\"> <a class=\"\" href=\"https:\/\/www.musclenutrition.com.mx\/index.php\/producto\/nutrex-hmb\/\"> <span class=\"screen-reader-text\">NUTREX HMB<\/span> Leer m\u00e1s &raquo;<\/a><\/p>\n","protected":false},"featured_media":4081,"comment_status":"open","ping_status":"closed","template":"","meta":{"_uag_custom_page_level_css":"","site-sidebar-layout":"default","site-content-layout":"default","ast-global-header-display":"","ast-banner-title-visibility":"","ast-main-header-display":"","ast-hfb-above-header-display":"","ast-hfb-below-header-display":"","ast-hfb-mobile-header-display":"","site-post-title":"","ast-breadcrumbs-content":"","ast-featured-img":"","footer-sml-layout":"","theme-transparent-header-meta":"default","adv-header-id-meta":"","stick-header-meta":"","header-above-stick-meta":"","header-main-stick-meta":"","header-below-stick-meta":""},"product_brand":[],"product_cat":[33],"product_tag":[],"class_list":{"0":"post-1216","1":"product","2":"type-product","3":"status-publish","4":"has-post-thumbnail","6":"product_cat-aminoacidos","7":"desktop-align-left","8":"tablet-align-left","9":"mobile-align-left","11":"first","12":"instock","13":"shipping-taxable","14":"purchasable","15":"product-type-simple"},"ams_default_variation_id":0,"ams_product_points_reward":[],"ams_product_discount_percentage":0,"ams_price_to_display":380,"ams_acf":[],"uagb_featured_image_src":{"full":["https:\/\/www.musclenutrition.com.mx\/wp-content\/uploads\/2023\/08\/nutrex-hmb-2.png",480,484,false],"thumbnail":["https:\/\/www.musclenutrition.com.mx\/wp-content\/uploads\/2023\/08\/nutrex-hmb-2-150x150.png",150,150,true],"medium":["https:\/\/www.musclenutrition.com.mx\/wp-content\/uploads\/2023\/08\/nutrex-hmb-2-298x300.png",298,300,true],"medium_large":["https:\/\/www.musclenutrition.com.mx\/wp-content\/uploads\/2023\/08\/nutrex-hmb-2.png",480,484,false],"large":["https:\/\/www.musclenutrition.com.mx\/wp-content\/uploads\/2023\/08\/nutrex-hmb-2.png",480,484,false],"1536x1536":["https:\/\/www.musclenutrition.com.mx\/wp-content\/uploads\/2023\/08\/nutrex-hmb-2.png",480,484,false],"2048x2048":["https:\/\/www.musclenutrition.com.mx\/wp-content\/uploads\/2023\/08\/nutrex-hmb-2.png",480,484,false],"woocommerce_thumbnail":["https:\/\/www.musclenutrition.com.mx\/wp-content\/uploads\/2023\/08\/nutrex-hmb-2-300x300.png",300,300,true],"woocommerce_single":["https:\/\/www.musclenutrition.com.mx\/wp-content\/uploads\/2023\/08\/nutrex-hmb-2.png",480,484,false],"woocommerce_gallery_thumbnail":["https:\/\/www.musclenutrition.com.mx\/wp-content\/uploads\/2023\/08\/nutrex-hmb-2-100x100.png",100,100,true],"dgwt-wcas-product-suggestion":["https:\/\/www.musclenutrition.com.mx\/wp-content\/uploads\/2023\/08\/nutrex-hmb-2-64x65.png",64,65,true]},"uagb_author_info":{"display_name":"benjaming","author_link":"https:\/\/www.musclenutrition.com.mx\/index.php\/author\/"},"uagb_comment_info":0,"uagb_excerpt":"Reconocido como la piedra angular de la protecci\u00f3n muscular, el HMB (\u03b2-hidroxi \u03b2-metilbutirato) es un potente agente anticatab\u00f3lico dise\u00f1ado por expertos para minimizar la descomposici\u00f3n de las prote\u00ednas musculares, especialmente durante sesiones rigurosas de entrenamiento. HMB es un metabolito del amino\u00e1cido esencial m\u00e1s anab\u00f3lico, la leucina. Reduce la degradaci\u00f3n muscular: El HMB (\u03b2-hidroxi \u03b2-metilbutirato) es&hellip;","_links":{"self":[{"href":"https:\/\/www.musclenutrition.com.mx\/index.php\/wp-json\/wp\/v2\/product\/1216","targetHints":{"allow":["GET"]}}],"collection":[{"href":"https:\/\/www.musclenutrition.com.mx\/index.php\/wp-json\/wp\/v2\/product"}],"about":[{"href":"https:\/\/www.musclenutrition.com.mx\/index.php\/wp-json\/wp\/v2\/types\/product"}],"replies":[{"embeddable":true,"href":"https:\/\/www.musclenutrition.com.mx\/index.php\/wp-json\/wp\/v2\/comments?post=1216"}],"wp:featuredmedia":[{"embeddable":true,"href":"https:\/\/www.musclenutrition.com.mx\/index.php\/wp-json\/wp\/v2\/media\/4081"}],"wp:attachment":[{"href":"https:\/\/www.musclenutrition.com.mx\/index.php\/wp-json\/wp\/v2\/media?parent=1216"}],"wp:term":[{"taxonomy":"product_brand","embeddable":true,"href":"https:\/\/www.musclenutrition.com.mx\/index.php\/wp-json\/wp\/v2\/product_brand?post=1216"},{"taxonomy":"product_cat","embeddable":true,"href":"https:\/\/www.musclenutrition.com.mx\/index.php\/wp-json\/wp\/v2\/product_cat?post=1216"},{"taxonomy":"product_tag","embeddable":true,"href":"https:\/\/www.musclenutrition.com.mx\/index.php\/wp-json\/wp\/v2\/product_tag?post=1216"}],"curies":[{"name":"wp","href":"https:\/\/api.w.org\/{rel}","templated":true}]}}