{"id":1204,"date":"2023-08-27T15:24:04","date_gmt":"2023-08-27T15:24:04","guid":{"rendered":"https:\/\/musclenutrition.com.mx\/?post_type=product&#038;p=1204"},"modified":"2026-03-05T10:34:05","modified_gmt":"2026-03-05T16:34:05","slug":"mutant-bcaa-200-caps","status":"publish","type":"product","link":"https:\/\/www.musclenutrition.com.mx\/index.php\/producto\/mutant-bcaa-200-caps\/","title":{"rendered":"MUTANT HARDCORE BCAA"},"content":{"rendered":"<blockquote><p><strong>MUTANT BCAA<\/strong><\/p><\/blockquote>\n<p>MUTANT BCAAs proporciona 9,7 gramos de amino\u00e1cidos en s\u00f3lo 1 cucharada de concentrado. Nuestros BCAA est\u00e1n en el ratio preferido 2: 1: 1 y es instantaneo para superior solubilidad; con agregado micronizado de Soporte Amino; y, finalmente, magnesio fortificada para ayudar a contribuir a la s\u00edntesis de prote\u00ednas. MUTANT BCAAs \u2014 ma\u00e1s all\u00e1 de las BCAAs comunes!<br \/>\nDetalles<br \/>\n\u2022 9.7 gramos de mezcla de BCAA completamente instantanizado<br \/>\n\u2022 8 de electrolitos para mantener los m\u00fasculos hidratados<br \/>\n\u2022 Terminamos con un acelerador de absorci\u00f3n probado y patentado<\/p>\n<p>instrucciones<br \/>\nComo complemento alimenticio, mezcle 1 cucharada (11,6 g) con 250-500 ml de agua fr\u00eda. Revuelva o agite y consuma durante el ejercicio en los d\u00edas de entrenamiento, o a cualquier hora en los d\u00edas de no entrenamiento.<\/p>\n","protected":false},"excerpt":{"rendered":"<p>MUTANT BCAA MUTANT BCAAs proporciona 9,7 gramos de amino\u00e1cidos en s\u00f3lo 1 cucharada de concentrado. Nuestros BCAA est\u00e1n en el ratio preferido 2: 1: 1 y es instantaneo para superior solubilidad; con agregado micronizado de Soporte Amino; y, finalmente, magnesio fortificada para ayudar a contribuir a la s\u00edntesis de prote\u00ednas. MUTANT BCAAs \u2014 ma\u00e1s all\u00e1 &hellip;<\/p>\n<p class=\"read-more\"> <a class=\"\" href=\"https:\/\/www.musclenutrition.com.mx\/index.php\/producto\/mutant-bcaa-200-caps\/\"> <span class=\"screen-reader-text\">MUTANT HARDCORE BCAA<\/span> Leer m\u00e1s &raquo;<\/a><\/p>\n","protected":false},"featured_media":4471,"comment_status":"open","ping_status":"closed","template":"","meta":{"_uag_custom_page_level_css":"","site-sidebar-layout":"default","site-content-layout":"default","ast-global-header-display":"","ast-banner-title-visibility":"","ast-main-header-display":"","ast-hfb-above-header-display":"","ast-hfb-below-header-display":"","ast-hfb-mobile-header-display":"","site-post-title":"","ast-breadcrumbs-content":"","ast-featured-img":"","footer-sml-layout":"","theme-transparent-header-meta":"default","adv-header-id-meta":"","stick-header-meta":"","header-above-stick-meta":"","header-main-stick-meta":"","header-below-stick-meta":""},"product_brand":[],"product_cat":[33],"product_tag":[],"class_list":{"0":"post-1204","1":"product","2":"type-product","3":"status-publish","4":"has-post-thumbnail","6":"product_cat-aminoacidos","7":"desktop-align-left","8":"tablet-align-left","9":"mobile-align-left","11":"first","12":"instock","13":"shipping-taxable","14":"purchasable","15":"product-type-variable"},"ams_default_variation_id":0,"ams_product_points_reward":[],"ams_product_discount_percentage":0,"ams_price_to_display":420,"ams_acf":[],"uagb_featured_image_src":{"full":["https:\/\/www.musclenutrition.com.mx\/wp-content\/uploads\/2023\/08\/Mutant-Hardcore-BCAA-30-Blue-Raspberry_1024x1024.webp",1024,1024,false],"thumbnail":["https:\/\/www.musclenutrition.com.mx\/wp-content\/uploads\/2023\/08\/Mutant-Hardcore-BCAA-30-Blue-Raspberry_1024x1024-150x150.webp",150,150,true],"medium":["https:\/\/www.musclenutrition.com.mx\/wp-content\/uploads\/2023\/08\/Mutant-Hardcore-BCAA-30-Blue-Raspberry_1024x1024-300x300.webp",300,300,true],"medium_large":["https:\/\/www.musclenutrition.com.mx\/wp-content\/uploads\/2023\/08\/Mutant-Hardcore-BCAA-30-Blue-Raspberry_1024x1024-768x768.webp",768,768,true],"large":["https:\/\/www.musclenutrition.com.mx\/wp-content\/uploads\/2023\/08\/Mutant-Hardcore-BCAA-30-Blue-Raspberry_1024x1024.webp",1024,1024,false],"1536x1536":["https:\/\/www.musclenutrition.com.mx\/wp-content\/uploads\/2023\/08\/Mutant-Hardcore-BCAA-30-Blue-Raspberry_1024x1024.webp",1024,1024,false],"2048x2048":["https:\/\/www.musclenutrition.com.mx\/wp-content\/uploads\/2023\/08\/Mutant-Hardcore-BCAA-30-Blue-Raspberry_1024x1024.webp",1024,1024,false],"woocommerce_thumbnail":["https:\/\/www.musclenutrition.com.mx\/wp-content\/uploads\/2023\/08\/Mutant-Hardcore-BCAA-30-Blue-Raspberry_1024x1024-300x300.webp",300,300,true],"woocommerce_single":["https:\/\/www.musclenutrition.com.mx\/wp-content\/uploads\/2023\/08\/Mutant-Hardcore-BCAA-30-Blue-Raspberry_1024x1024-600x600.webp",600,600,true],"woocommerce_gallery_thumbnail":["https:\/\/www.musclenutrition.com.mx\/wp-content\/uploads\/2023\/08\/Mutant-Hardcore-BCAA-30-Blue-Raspberry_1024x1024-100x100.webp",100,100,true],"dgwt-wcas-product-suggestion":["https:\/\/www.musclenutrition.com.mx\/wp-content\/uploads\/2023\/08\/Mutant-Hardcore-BCAA-30-Blue-Raspberry_1024x1024-64x64.webp",64,64,true]},"uagb_author_info":{"display_name":"benjaming","author_link":"https:\/\/www.musclenutrition.com.mx\/index.php\/author\/"},"uagb_comment_info":0,"uagb_excerpt":"MUTANT BCAA MUTANT BCAAs proporciona 9,7 gramos de amino\u00e1cidos en s\u00f3lo 1 cucharada de concentrado. Nuestros BCAA est\u00e1n en el ratio preferido 2: 1: 1 y es instantaneo para superior solubilidad; con agregado micronizado de Soporte Amino; y, finalmente, magnesio fortificada para ayudar a contribuir a la s\u00edntesis de prote\u00ednas. MUTANT BCAAs \u2014 ma\u00e1s all\u00e1&hellip;","_links":{"self":[{"href":"https:\/\/www.musclenutrition.com.mx\/index.php\/wp-json\/wp\/v2\/product\/1204","targetHints":{"allow":["GET"]}}],"collection":[{"href":"https:\/\/www.musclenutrition.com.mx\/index.php\/wp-json\/wp\/v2\/product"}],"about":[{"href":"https:\/\/www.musclenutrition.com.mx\/index.php\/wp-json\/wp\/v2\/types\/product"}],"replies":[{"embeddable":true,"href":"https:\/\/www.musclenutrition.com.mx\/index.php\/wp-json\/wp\/v2\/comments?post=1204"}],"wp:featuredmedia":[{"embeddable":true,"href":"https:\/\/www.musclenutrition.com.mx\/index.php\/wp-json\/wp\/v2\/media\/4471"}],"wp:attachment":[{"href":"https:\/\/www.musclenutrition.com.mx\/index.php\/wp-json\/wp\/v2\/media?parent=1204"}],"wp:term":[{"taxonomy":"product_brand","embeddable":true,"href":"https:\/\/www.musclenutrition.com.mx\/index.php\/wp-json\/wp\/v2\/product_brand?post=1204"},{"taxonomy":"product_cat","embeddable":true,"href":"https:\/\/www.musclenutrition.com.mx\/index.php\/wp-json\/wp\/v2\/product_cat?post=1204"},{"taxonomy":"product_tag","embeddable":true,"href":"https:\/\/www.musclenutrition.com.mx\/index.php\/wp-json\/wp\/v2\/product_tag?post=1204"}],"curies":[{"name":"wp","href":"https:\/\/api.w.org\/{rel}","templated":true}]}}