{"id":1201,"date":"2023-08-27T15:22:29","date_gmt":"2023-08-27T15:22:29","guid":{"rendered":"https:\/\/musclenutrition.com.mx\/?post_type=product&#038;p=1201"},"modified":"2026-03-30T18:29:24","modified_gmt":"2026-03-31T00:29:24","slug":"muscletech-multivitamin-90-tabs","status":"publish","type":"product","link":"https:\/\/www.musclenutrition.com.mx\/index.php\/producto\/muscletech-multivitamin-90-tabs\/","title":{"rendered":"MUSCLETECH MULTIVITAMIN (90 TABS)"},"content":{"rendered":"<p><strong>MUSCLETECH MULTIVITAMINICO<\/strong><\/p>\n<p>Esta f\u00f3rmula contiene vitaminas A, C, E, B6 y B12 para ayudarlo a cumplir con el 100% o m\u00e1s de sus necesidades diarias de vitaminas.<\/p>\n<p>Apoye su estilo de vida activo con 18 vitaminas y minerales, adem\u00e1s de los beneficios adicionales del apoyo amino.<\/p>\n","protected":false},"excerpt":{"rendered":"<p>MUSCLETECH MULTIVITAMINICO Esta f\u00f3rmula contiene vitaminas A, C, E, B6 y B12 para ayudarlo a cumplir con el 100% o m\u00e1s de sus necesidades diarias de vitaminas. Apoye su estilo de vida activo con 18 vitaminas y minerales, adem\u00e1s de los beneficios adicionales del apoyo amino.<\/p>\n","protected":false},"featured_media":1202,"comment_status":"open","ping_status":"closed","template":"","meta":{"_uag_custom_page_level_css":"","site-sidebar-layout":"default","site-content-layout":"default","ast-global-header-display":"","ast-banner-title-visibility":"","ast-main-header-display":"","ast-hfb-above-header-display":"","ast-hfb-below-header-display":"","ast-hfb-mobile-header-display":"","site-post-title":"","ast-breadcrumbs-content":"","ast-featured-img":"","footer-sml-layout":"","theme-transparent-header-meta":"default","adv-header-id-meta":"","stick-header-meta":"","header-above-stick-meta":"","header-main-stick-meta":"","header-below-stick-meta":""},"product_brand":[],"product_cat":[43],"product_tag":[],"class_list":{"0":"post-1201","1":"product","2":"type-product","3":"status-publish","4":"has-post-thumbnail","6":"product_cat-multivitaminico","7":"desktop-align-left","8":"tablet-align-left","9":"mobile-align-left","11":"first","12":"instock","13":"shipping-taxable","14":"purchasable","15":"product-type-simple"},"ams_default_variation_id":0,"ams_product_points_reward":[],"ams_product_discount_percentage":0,"ams_price_to_display":360,"ams_acf":[],"uagb_featured_image_src":{"full":["https:\/\/www.musclenutrition.com.mx\/wp-content\/uploads\/2023\/08\/MUSCLETECH-MULTIVITAMIN-90-TABS.webp",600,600,false],"thumbnail":["https:\/\/www.musclenutrition.com.mx\/wp-content\/uploads\/2023\/08\/MUSCLETECH-MULTIVITAMIN-90-TABS-150x150.webp",150,150,true],"medium":["https:\/\/www.musclenutrition.com.mx\/wp-content\/uploads\/2023\/08\/MUSCLETECH-MULTIVITAMIN-90-TABS-300x300.webp",300,300,true],"medium_large":["https:\/\/www.musclenutrition.com.mx\/wp-content\/uploads\/2023\/08\/MUSCLETECH-MULTIVITAMIN-90-TABS.webp",600,600,false],"large":["https:\/\/www.musclenutrition.com.mx\/wp-content\/uploads\/2023\/08\/MUSCLETECH-MULTIVITAMIN-90-TABS.webp",600,600,false],"1536x1536":["https:\/\/www.musclenutrition.com.mx\/wp-content\/uploads\/2023\/08\/MUSCLETECH-MULTIVITAMIN-90-TABS.webp",600,600,false],"2048x2048":["https:\/\/www.musclenutrition.com.mx\/wp-content\/uploads\/2023\/08\/MUSCLETECH-MULTIVITAMIN-90-TABS.webp",600,600,false],"woocommerce_thumbnail":["https:\/\/www.musclenutrition.com.mx\/wp-content\/uploads\/2023\/08\/MUSCLETECH-MULTIVITAMIN-90-TABS-300x300.webp",300,300,true],"woocommerce_single":["https:\/\/www.musclenutrition.com.mx\/wp-content\/uploads\/2023\/08\/MUSCLETECH-MULTIVITAMIN-90-TABS.webp",600,600,false],"woocommerce_gallery_thumbnail":["https:\/\/www.musclenutrition.com.mx\/wp-content\/uploads\/2023\/08\/MUSCLETECH-MULTIVITAMIN-90-TABS-100x100.webp",100,100,true],"dgwt-wcas-product-suggestion":["https:\/\/www.musclenutrition.com.mx\/wp-content\/uploads\/2023\/08\/MUSCLETECH-MULTIVITAMIN-90-TABS.webp",64,64,false]},"uagb_author_info":{"display_name":"benjaming","author_link":"https:\/\/www.musclenutrition.com.mx\/index.php\/author\/"},"uagb_comment_info":0,"uagb_excerpt":"MUSCLETECH MULTIVITAMINICO Esta f\u00f3rmula contiene vitaminas A, C, E, B6 y B12 para ayudarlo a cumplir con el 100% o m\u00e1s de sus necesidades diarias de vitaminas. Apoye su estilo de vida activo con 18 vitaminas y minerales, adem\u00e1s de los beneficios adicionales del apoyo amino.","_links":{"self":[{"href":"https:\/\/www.musclenutrition.com.mx\/index.php\/wp-json\/wp\/v2\/product\/1201","targetHints":{"allow":["GET"]}}],"collection":[{"href":"https:\/\/www.musclenutrition.com.mx\/index.php\/wp-json\/wp\/v2\/product"}],"about":[{"href":"https:\/\/www.musclenutrition.com.mx\/index.php\/wp-json\/wp\/v2\/types\/product"}],"replies":[{"embeddable":true,"href":"https:\/\/www.musclenutrition.com.mx\/index.php\/wp-json\/wp\/v2\/comments?post=1201"}],"wp:featuredmedia":[{"embeddable":true,"href":"https:\/\/www.musclenutrition.com.mx\/index.php\/wp-json\/wp\/v2\/media\/1202"}],"wp:attachment":[{"href":"https:\/\/www.musclenutrition.com.mx\/index.php\/wp-json\/wp\/v2\/media?parent=1201"}],"wp:term":[{"taxonomy":"product_brand","embeddable":true,"href":"https:\/\/www.musclenutrition.com.mx\/index.php\/wp-json\/wp\/v2\/product_brand?post=1201"},{"taxonomy":"product_cat","embeddable":true,"href":"https:\/\/www.musclenutrition.com.mx\/index.php\/wp-json\/wp\/v2\/product_cat?post=1201"},{"taxonomy":"product_tag","embeddable":true,"href":"https:\/\/www.musclenutrition.com.mx\/index.php\/wp-json\/wp\/v2\/product_tag?post=1201"}],"curies":[{"name":"wp","href":"https:\/\/api.w.org\/{rel}","templated":true}]}}