{"id":1174,"date":"2023-08-27T15:12:18","date_gmt":"2023-08-27T15:12:18","guid":{"rendered":"https:\/\/musclenutrition.com.mx\/?post_type=product&#038;p=1174"},"modified":"2026-02-21T09:55:49","modified_gmt":"2026-02-21T15:55:49","slug":"bpi-best-bcaa","status":"publish","type":"product","link":"https:\/\/www.musclenutrition.com.mx\/index.php\/producto\/bpi-best-bcaa\/","title":{"rendered":"BPI BEST BCAA"},"content":{"rendered":"<p><strong>BEST BCAA<\/strong><\/p>\n<p>BEST BCAA P\u00e9ptidos de Amino\u00e1cidos Ramificados enriquecidos con CLA y Agmatina.<br \/>\nLos amino\u00e1cidos ramificados son el ingrediente estrella en la alimentaci\u00f3n de los deportistas gracias a su capacidad anticatab\u00f3lica y de estimulaci\u00f3n de la s\u00edntesis proteica. Su tecnolog\u00eda en forma de p\u00e9ptidos de amino\u00e1cido favorece una mejor y m\u00e1s r\u00e1pida absorci\u00f3n que la suplementaci\u00f3n convencional con amino\u00e1cidos libres. Best BCAA puede ser consumido antes, durante o despu\u00e9s del entrenamiento seg\u00fan las necesidades de cada deportista y de su protocolo de suplementaci\u00f3n. Adem\u00e1s este producto ha sido formulado con CLA, para ayudar a reducir la masa grasa durante la actividad f\u00edsica y con Agmatina, que act\u00faan preservando la masa muscular y favoreciendo la p\u00e9rdida de grasa. Best BCAA. Caracter\u00edsticas principales: 2.500 mg de p\u00e9ptidos de L-leucina por dosis*. 1250 mg de p\u00e9ptidos de L-isoleucina por dosis*. 1250 mg de p\u00e9ptidos de L-valina por dosis*. Proporci\u00f3n de BCAAs 2:1:1. 5.000 mg de p\u00e9ptidos de BCAAs por dosis. Enriquecido con CLA y Agmatina. 300 g de producto por envase (30 dosis). * Dosis 10 gramos. Best BCAA. Efectos principales: Mantiene la masa muscular, estimula la s\u00edntesis proteica y favorece el desarrollo muscular. Incrementa la fuerza y la potencia muscular. Favorece la p\u00e9rdida de masa grasa. Best BCAA. La ciencia detr\u00e1s: Los amino\u00e1cidos ramificados (leucina, isoleucina y valina) son considerados amino\u00e1cidos esenciales y forman casi la tercera parte de los amino\u00e1cidos presentes en las prote\u00ednas musculares. Consumir amino\u00e1cidos durante el entrenamiento o competici\u00f3n presenta diferentes ventajas como prevenir el catabolismo, favorece la recuperaci\u00f3n y potencia la s\u00edntesis proteica posterior durante la recuperaci\u00f3n. Best BCAA al tratarse de un producto en polvo, puede ser utilizado en cualquier momento del d\u00eda, incluso durante el entrenamiento. Lo m\u00e1s recomendable es tomarlo antes o durante del entrenamiento para prevenir el catabolismo, mientras que si se consume despu\u00e9s tiene como objetivo favorecer la recuperaci\u00f3n.<\/p>\n","protected":false},"excerpt":{"rendered":"<p>BEST BCAA BEST BCAA P\u00e9ptidos de Amino\u00e1cidos Ramificados enriquecidos con CLA y Agmatina. Los amino\u00e1cidos ramificados son el ingrediente estrella en la alimentaci\u00f3n de los deportistas gracias a su capacidad anticatab\u00f3lica y de estimulaci\u00f3n de la s\u00edntesis proteica. Su tecnolog\u00eda en forma de p\u00e9ptidos de amino\u00e1cido favorece una mejor y m\u00e1s r\u00e1pida absorci\u00f3n que la &hellip;<\/p>\n<p class=\"read-more\"> <a class=\"\" href=\"https:\/\/www.musclenutrition.com.mx\/index.php\/producto\/bpi-best-bcaa\/\"> <span class=\"screen-reader-text\">BPI BEST BCAA<\/span> Leer m\u00e1s &raquo;<\/a><\/p>\n","protected":false},"featured_media":1181,"comment_status":"open","ping_status":"closed","template":"","meta":{"_uag_custom_page_level_css":"","site-sidebar-layout":"default","site-content-layout":"default","ast-global-header-display":"","ast-banner-title-visibility":"","ast-main-header-display":"","ast-hfb-above-header-display":"","ast-hfb-below-header-display":"","ast-hfb-mobile-header-display":"","site-post-title":"","ast-breadcrumbs-content":"","ast-featured-img":"","footer-sml-layout":"","theme-transparent-header-meta":"default","adv-header-id-meta":"","stick-header-meta":"","header-above-stick-meta":"","header-main-stick-meta":"","header-below-stick-meta":""},"product_brand":[],"product_cat":[33],"product_tag":[],"class_list":{"0":"post-1174","1":"product","2":"type-product","3":"status-publish","4":"has-post-thumbnail","6":"product_cat-aminoacidos","7":"desktop-align-left","8":"tablet-align-left","9":"mobile-align-left","11":"first","12":"instock","13":"shipping-taxable","14":"purchasable","15":"product-type-variable"},"ams_default_variation_id":0,"ams_product_points_reward":[],"ams_product_discount_percentage":0,"ams_price_to_display":420,"ams_acf":[],"uagb_featured_image_src":{"full":["https:\/\/www.musclenutrition.com.mx\/wp-content\/uploads\/2023\/08\/BEST-BCAA-SHREDDED-CL-IM-OPT_2000x-1.webp",800,800,false],"thumbnail":["https:\/\/www.musclenutrition.com.mx\/wp-content\/uploads\/2023\/08\/BEST-BCAA-SHREDDED-CL-IM-OPT_2000x-1-150x150.webp",150,150,true],"medium":["https:\/\/www.musclenutrition.com.mx\/wp-content\/uploads\/2023\/08\/BEST-BCAA-SHREDDED-CL-IM-OPT_2000x-1-300x300.webp",300,300,true],"medium_large":["https:\/\/www.musclenutrition.com.mx\/wp-content\/uploads\/2023\/08\/BEST-BCAA-SHREDDED-CL-IM-OPT_2000x-1-768x768.webp",768,768,true],"large":["https:\/\/www.musclenutrition.com.mx\/wp-content\/uploads\/2023\/08\/BEST-BCAA-SHREDDED-CL-IM-OPT_2000x-1.webp",800,800,false],"1536x1536":["https:\/\/www.musclenutrition.com.mx\/wp-content\/uploads\/2023\/08\/BEST-BCAA-SHREDDED-CL-IM-OPT_2000x-1.webp",800,800,false],"2048x2048":["https:\/\/www.musclenutrition.com.mx\/wp-content\/uploads\/2023\/08\/BEST-BCAA-SHREDDED-CL-IM-OPT_2000x-1.webp",800,800,false],"woocommerce_thumbnail":["https:\/\/www.musclenutrition.com.mx\/wp-content\/uploads\/2023\/08\/BEST-BCAA-SHREDDED-CL-IM-OPT_2000x-1-300x300.webp",300,300,true],"woocommerce_single":["https:\/\/www.musclenutrition.com.mx\/wp-content\/uploads\/2023\/08\/BEST-BCAA-SHREDDED-CL-IM-OPT_2000x-1-600x600.webp",600,600,true],"woocommerce_gallery_thumbnail":["https:\/\/www.musclenutrition.com.mx\/wp-content\/uploads\/2023\/08\/BEST-BCAA-SHREDDED-CL-IM-OPT_2000x-1-100x100.webp",100,100,true],"dgwt-wcas-product-suggestion":["https:\/\/www.musclenutrition.com.mx\/wp-content\/uploads\/2023\/08\/BEST-BCAA-SHREDDED-CL-IM-OPT_2000x-1.webp",64,64,false]},"uagb_author_info":{"display_name":"benjaming","author_link":"https:\/\/www.musclenutrition.com.mx\/index.php\/author\/"},"uagb_comment_info":0,"uagb_excerpt":"BEST BCAA BEST BCAA P\u00e9ptidos de Amino\u00e1cidos Ramificados enriquecidos con CLA y Agmatina. Los amino\u00e1cidos ramificados son el ingrediente estrella en la alimentaci\u00f3n de los deportistas gracias a su capacidad anticatab\u00f3lica y de estimulaci\u00f3n de la s\u00edntesis proteica. Su tecnolog\u00eda en forma de p\u00e9ptidos de amino\u00e1cido favorece una mejor y m\u00e1s r\u00e1pida absorci\u00f3n que la&hellip;","_links":{"self":[{"href":"https:\/\/www.musclenutrition.com.mx\/index.php\/wp-json\/wp\/v2\/product\/1174","targetHints":{"allow":["GET"]}}],"collection":[{"href":"https:\/\/www.musclenutrition.com.mx\/index.php\/wp-json\/wp\/v2\/product"}],"about":[{"href":"https:\/\/www.musclenutrition.com.mx\/index.php\/wp-json\/wp\/v2\/types\/product"}],"replies":[{"embeddable":true,"href":"https:\/\/www.musclenutrition.com.mx\/index.php\/wp-json\/wp\/v2\/comments?post=1174"}],"wp:featuredmedia":[{"embeddable":true,"href":"https:\/\/www.musclenutrition.com.mx\/index.php\/wp-json\/wp\/v2\/media\/1181"}],"wp:attachment":[{"href":"https:\/\/www.musclenutrition.com.mx\/index.php\/wp-json\/wp\/v2\/media?parent=1174"}],"wp:term":[{"taxonomy":"product_brand","embeddable":true,"href":"https:\/\/www.musclenutrition.com.mx\/index.php\/wp-json\/wp\/v2\/product_brand?post=1174"},{"taxonomy":"product_cat","embeddable":true,"href":"https:\/\/www.musclenutrition.com.mx\/index.php\/wp-json\/wp\/v2\/product_cat?post=1174"},{"taxonomy":"product_tag","embeddable":true,"href":"https:\/\/www.musclenutrition.com.mx\/index.php\/wp-json\/wp\/v2\/product_tag?post=1174"}],"curies":[{"name":"wp","href":"https:\/\/api.w.org\/{rel}","templated":true}]}}