{"id":1146,"date":"2023-08-27T14:57:22","date_gmt":"2023-08-27T14:57:22","guid":{"rendered":"https:\/\/musclenutrition.com.mx\/?post_type=product&#038;p=1146"},"modified":"2025-09-23T17:05:27","modified_gmt":"2025-09-23T23:05:27","slug":"raw-cbum-protein","status":"publish","type":"product","link":"https:\/\/www.musclenutrition.com.mx\/index.php\/producto\/raw-cbum-protein\/","title":{"rendered":"RAW CBUM PROTEIN"},"content":{"rendered":"<p><strong>RAW CBUM PROTEIN<\/strong><\/p>\n<p>Chris Bumstead formul\u00f3 y condiment\u00f3 personalmente esta prote\u00edna para que su rutina posterior al entrenamiento sea lo m\u00e1s Thavage posible. CBUM ISO Protein es 100 % aislado de suero micofiltrado que contiene 25 g de prote\u00edna de la m\u00e1s alta calidad por cucharada para asegurarse de que est\u00e1 alcanzando el m\u00e1ximo potencial. Esta prote\u00edna viene en dos incre\u00edbles sabores nuevos: galleta de avena y vainilla y cereal crujiente de canela.<\/p>\n","protected":false},"excerpt":{"rendered":"<p>RAW CBUM PROTEIN Chris Bumstead formul\u00f3 y condiment\u00f3 personalmente esta prote\u00edna para que su rutina posterior al entrenamiento sea lo m\u00e1s Thavage posible. CBUM ISO Protein es 100 % aislado de suero micofiltrado que contiene 25 g de prote\u00edna de la m\u00e1s alta calidad por cucharada para asegurarse de que est\u00e1 alcanzando el m\u00e1ximo potencial. &hellip;<\/p>\n<p class=\"read-more\"> <a class=\"\" href=\"https:\/\/www.musclenutrition.com.mx\/index.php\/producto\/raw-cbum-protein\/\"> <span class=\"screen-reader-text\">RAW CBUM PROTEIN<\/span> Leer m\u00e1s &raquo;<\/a><\/p>\n","protected":false},"featured_media":1149,"comment_status":"open","ping_status":"closed","template":"","meta":{"_uag_custom_page_level_css":"","site-sidebar-layout":"default","site-content-layout":"default","ast-global-header-display":"","ast-banner-title-visibility":"","ast-main-header-display":"","ast-hfb-above-header-display":"","ast-hfb-below-header-display":"","ast-hfb-mobile-header-display":"","site-post-title":"","ast-breadcrumbs-content":"","ast-featured-img":"","footer-sml-layout":"","theme-transparent-header-meta":"default","adv-header-id-meta":"","stick-header-meta":"","header-above-stick-meta":"","header-main-stick-meta":"","header-below-stick-meta":""},"product_brand":[],"product_cat":[15],"product_tag":[],"class_list":{"0":"post-1146","1":"product","2":"type-product","3":"status-publish","4":"has-post-thumbnail","6":"product_cat-sin-categorizar","7":"desktop-align-left","8":"tablet-align-left","9":"mobile-align-left","11":"first","12":"outofstock","13":"shipping-taxable","14":"purchasable","15":"product-type-variable"},"ams_default_variation_id":0,"ams_product_points_reward":[],"ams_product_discount_percentage":0,"ams_price_to_display":700,"ams_acf":[],"uagb_featured_image_src":{"full":["https:\/\/www.musclenutrition.com.mx\/wp-content\/uploads\/2023\/08\/22_25db6380-0778-41a6-a4f7-44a5e6b4ff41.webp",416,416,false],"thumbnail":["https:\/\/www.musclenutrition.com.mx\/wp-content\/uploads\/2023\/08\/22_25db6380-0778-41a6-a4f7-44a5e6b4ff41-150x150.webp",150,150,true],"medium":["https:\/\/www.musclenutrition.com.mx\/wp-content\/uploads\/2023\/08\/22_25db6380-0778-41a6-a4f7-44a5e6b4ff41-300x300.webp",300,300,true],"medium_large":["https:\/\/www.musclenutrition.com.mx\/wp-content\/uploads\/2023\/08\/22_25db6380-0778-41a6-a4f7-44a5e6b4ff41.webp",416,416,false],"large":["https:\/\/www.musclenutrition.com.mx\/wp-content\/uploads\/2023\/08\/22_25db6380-0778-41a6-a4f7-44a5e6b4ff41.webp",416,416,false],"1536x1536":["https:\/\/www.musclenutrition.com.mx\/wp-content\/uploads\/2023\/08\/22_25db6380-0778-41a6-a4f7-44a5e6b4ff41.webp",416,416,false],"2048x2048":["https:\/\/www.musclenutrition.com.mx\/wp-content\/uploads\/2023\/08\/22_25db6380-0778-41a6-a4f7-44a5e6b4ff41.webp",416,416,false],"woocommerce_thumbnail":["https:\/\/www.musclenutrition.com.mx\/wp-content\/uploads\/2023\/08\/22_25db6380-0778-41a6-a4f7-44a5e6b4ff41-300x300.webp",300,300,true],"woocommerce_single":["https:\/\/www.musclenutrition.com.mx\/wp-content\/uploads\/2023\/08\/22_25db6380-0778-41a6-a4f7-44a5e6b4ff41.webp",416,416,false],"woocommerce_gallery_thumbnail":["https:\/\/www.musclenutrition.com.mx\/wp-content\/uploads\/2023\/08\/22_25db6380-0778-41a6-a4f7-44a5e6b4ff41-100x100.webp",100,100,true],"dgwt-wcas-product-suggestion":["https:\/\/www.musclenutrition.com.mx\/wp-content\/uploads\/2023\/08\/22_25db6380-0778-41a6-a4f7-44a5e6b4ff41.webp",64,64,false]},"uagb_author_info":{"display_name":"benjaming","author_link":"https:\/\/www.musclenutrition.com.mx\/index.php\/author\/"},"uagb_comment_info":0,"uagb_excerpt":"RAW CBUM PROTEIN Chris Bumstead formul\u00f3 y condiment\u00f3 personalmente esta prote\u00edna para que su rutina posterior al entrenamiento sea lo m\u00e1s Thavage posible. CBUM ISO Protein es 100 % aislado de suero micofiltrado que contiene 25 g de prote\u00edna de la m\u00e1s alta calidad por cucharada para asegurarse de que est\u00e1 alcanzando el m\u00e1ximo potencial.&hellip;","_links":{"self":[{"href":"https:\/\/www.musclenutrition.com.mx\/index.php\/wp-json\/wp\/v2\/product\/1146","targetHints":{"allow":["GET"]}}],"collection":[{"href":"https:\/\/www.musclenutrition.com.mx\/index.php\/wp-json\/wp\/v2\/product"}],"about":[{"href":"https:\/\/www.musclenutrition.com.mx\/index.php\/wp-json\/wp\/v2\/types\/product"}],"replies":[{"embeddable":true,"href":"https:\/\/www.musclenutrition.com.mx\/index.php\/wp-json\/wp\/v2\/comments?post=1146"}],"wp:featuredmedia":[{"embeddable":true,"href":"https:\/\/www.musclenutrition.com.mx\/index.php\/wp-json\/wp\/v2\/media\/1149"}],"wp:attachment":[{"href":"https:\/\/www.musclenutrition.com.mx\/index.php\/wp-json\/wp\/v2\/media?parent=1146"}],"wp:term":[{"taxonomy":"product_brand","embeddable":true,"href":"https:\/\/www.musclenutrition.com.mx\/index.php\/wp-json\/wp\/v2\/product_brand?post=1146"},{"taxonomy":"product_cat","embeddable":true,"href":"https:\/\/www.musclenutrition.com.mx\/index.php\/wp-json\/wp\/v2\/product_cat?post=1146"},{"taxonomy":"product_tag","embeddable":true,"href":"https:\/\/www.musclenutrition.com.mx\/index.php\/wp-json\/wp\/v2\/product_tag?post=1146"}],"curies":[{"name":"wp","href":"https:\/\/api.w.org\/{rel}","templated":true}]}}