{"id":1134,"date":"2023-08-27T14:55:10","date_gmt":"2023-08-27T14:55:10","guid":{"rendered":"https:\/\/musclenutrition.com.mx\/?post_type=product&#038;p=1134"},"modified":"2026-04-14T09:00:40","modified_gmt":"2026-04-14T15:00:40","slug":"on-gold-standar-whey-5lb","status":"publish","type":"product","link":"https:\/\/www.musclenutrition.com.mx\/index.php\/producto\/on-gold-standar-whey-5lb\/","title":{"rendered":"ON GOLD STANDARD WHEY 5LB"},"content":{"rendered":"<p><strong>ON GOLD STANDARD WHEY<\/strong><\/p>\n<p>Esta es la m\u00e1s pura y cara forma de prote\u00edna que existe. Este es el ingrediente que puedes leer en la etiqueta de 100% Whey Gold Standard.<\/p>\n<p>El Aislado de suero (whey protein isolate) es la fuente primaria de 100% Whey Gold Standard con 24 gramos de esta prote\u00edna creadora de masa muscular por toma, con un mucho menos de grasa, colesterol, lactosa y otras sustancias que no deseas.<\/p>\n<p>Ventajas de 100% Whey Gold Standard, sobre otros batidos de prote\u00ednas.<br \/>\nM\u00e1s aislado de prote\u00edna de suero, la fuente m\u00e1s pura y costosa de prote\u00edna de suero disponible en el mercado.<br \/>\nMayor porcentaje de prote\u00edna, siendo 100% Whey Gold Standard. l\u00edder en ese aspecto, con 24 gramos de prote\u00edna por toma, \u00a1siendo el 79% de peso de la toma!<br \/>\nSe han a\u00f1adido m\u00e1s hidrolizados de p\u00e9ptidos de suero Hydrowhey\u00a9 que al ser de menor peso molecular son m\u00e1s asimilables.<br \/>\n100% Whey Gold Standard. contiene lactasas y otras enzimas digestivas como la mezcla patentada que realza la absorci\u00f3n y es apta para los intolerantes a la lactosa.<\/p>\n<p>100% Whey Gold Standard se disuelve instantaneamente y f\u00e1cilmente con una cuchara o pocas agitaciones de tu mezclador.<br \/>\nCada servicio de 100% Whey Gold Standard. incluye m\u00e1s microfracciones de prote\u00edna de suero biologicamente activas como alfa-lactoalb\u00faminas, glicomacrop\u00e9ptidos, beta-lactoglobulinas, inmunoglobulina G, lactoferrrinas, lactoperoxidasas y varios activadores del crecimiento.<br \/>\n100% Whey Gold Standard contiene 4 gramos de glutamina y precursores.<br \/>\n100% Whey Gold Standard. tambi\u00e9n contiene 5 gramos de BCAAs (amino\u00e1cidos ramificados: Leucina, Isoleucina, y Valina) en cada toma.<\/p>\n","protected":false},"excerpt":{"rendered":"<p>ON GOLD STANDARD WHEY Esta es la m\u00e1s pura y cara forma de prote\u00edna que existe. Este es el ingrediente que puedes leer en la etiqueta de 100% Whey Gold Standard. El Aislado de suero (whey protein isolate) es la fuente primaria de 100% Whey Gold Standard con 24 gramos de esta prote\u00edna creadora de &hellip;<\/p>\n<p class=\"read-more\"> <a class=\"\" href=\"https:\/\/www.musclenutrition.com.mx\/index.php\/producto\/on-gold-standar-whey-5lb\/\"> <span class=\"screen-reader-text\">ON GOLD STANDARD WHEY 5LB<\/span> Leer m\u00e1s &raquo;<\/a><\/p>\n","protected":false},"featured_media":2294,"comment_status":"open","ping_status":"closed","template":"","meta":{"_uag_custom_page_level_css":"","site-sidebar-layout":"default","site-content-layout":"default","ast-global-header-display":"","ast-banner-title-visibility":"","ast-main-header-display":"","ast-hfb-above-header-display":"","ast-hfb-below-header-display":"","ast-hfb-mobile-header-display":"","site-post-title":"","ast-breadcrumbs-content":"","ast-featured-img":"","footer-sml-layout":"","theme-transparent-header-meta":"default","adv-header-id-meta":"","stick-header-meta":"","header-above-stick-meta":"","header-main-stick-meta":"","header-below-stick-meta":""},"product_brand":[],"product_cat":[27],"product_tag":[],"class_list":{"0":"post-1134","1":"product","2":"type-product","3":"status-publish","4":"has-post-thumbnail","6":"product_cat-proteina","7":"desktop-align-left","8":"tablet-align-left","9":"mobile-align-left","11":"first","12":"instock","13":"shipping-taxable","14":"purchasable","15":"product-type-variable"},"ams_default_variation_id":0,"ams_product_points_reward":[],"ams_product_discount_percentage":0,"ams_price_to_display":1350,"ams_acf":[],"uagb_featured_image_src":{"full":["https:\/\/www.musclenutrition.com.mx\/wp-content\/uploads\/2023\/08\/GOLD.jpg",1134,1134,false],"thumbnail":["https:\/\/www.musclenutrition.com.mx\/wp-content\/uploads\/2023\/08\/GOLD-150x150.jpg",150,150,true],"medium":["https:\/\/www.musclenutrition.com.mx\/wp-content\/uploads\/2023\/08\/GOLD-300x300.jpg",300,300,true],"medium_large":["https:\/\/www.musclenutrition.com.mx\/wp-content\/uploads\/2023\/08\/GOLD-768x768.jpg",768,768,true],"large":["https:\/\/www.musclenutrition.com.mx\/wp-content\/uploads\/2023\/08\/GOLD-1024x1024.jpg",1024,1024,true],"1536x1536":["https:\/\/www.musclenutrition.com.mx\/wp-content\/uploads\/2023\/08\/GOLD.jpg",1134,1134,false],"2048x2048":["https:\/\/www.musclenutrition.com.mx\/wp-content\/uploads\/2023\/08\/GOLD.jpg",1134,1134,false],"woocommerce_thumbnail":["https:\/\/www.musclenutrition.com.mx\/wp-content\/uploads\/2023\/08\/GOLD-300x300.jpg",300,300,true],"woocommerce_single":["https:\/\/www.musclenutrition.com.mx\/wp-content\/uploads\/2023\/08\/GOLD-600x600.jpg",600,600,true],"woocommerce_gallery_thumbnail":["https:\/\/www.musclenutrition.com.mx\/wp-content\/uploads\/2023\/08\/GOLD-100x100.jpg",100,100,true],"dgwt-wcas-product-suggestion":["https:\/\/www.musclenutrition.com.mx\/wp-content\/uploads\/2023\/08\/GOLD-64x64.jpg",64,64,true]},"uagb_author_info":{"display_name":"benjaming","author_link":"https:\/\/www.musclenutrition.com.mx\/index.php\/author\/"},"uagb_comment_info":6,"uagb_excerpt":"ON GOLD STANDARD WHEY Esta es la m\u00e1s pura y cara forma de prote\u00edna que existe. Este es el ingrediente que puedes leer en la etiqueta de 100% Whey Gold Standard. El Aislado de suero (whey protein isolate) es la fuente primaria de 100% Whey Gold Standard con 24 gramos de esta prote\u00edna creadora de&hellip;","_links":{"self":[{"href":"https:\/\/www.musclenutrition.com.mx\/index.php\/wp-json\/wp\/v2\/product\/1134","targetHints":{"allow":["GET"]}}],"collection":[{"href":"https:\/\/www.musclenutrition.com.mx\/index.php\/wp-json\/wp\/v2\/product"}],"about":[{"href":"https:\/\/www.musclenutrition.com.mx\/index.php\/wp-json\/wp\/v2\/types\/product"}],"replies":[{"embeddable":true,"href":"https:\/\/www.musclenutrition.com.mx\/index.php\/wp-json\/wp\/v2\/comments?post=1134"}],"wp:featuredmedia":[{"embeddable":true,"href":"https:\/\/www.musclenutrition.com.mx\/index.php\/wp-json\/wp\/v2\/media\/2294"}],"wp:attachment":[{"href":"https:\/\/www.musclenutrition.com.mx\/index.php\/wp-json\/wp\/v2\/media?parent=1134"}],"wp:term":[{"taxonomy":"product_brand","embeddable":true,"href":"https:\/\/www.musclenutrition.com.mx\/index.php\/wp-json\/wp\/v2\/product_brand?post=1134"},{"taxonomy":"product_cat","embeddable":true,"href":"https:\/\/www.musclenutrition.com.mx\/index.php\/wp-json\/wp\/v2\/product_cat?post=1134"},{"taxonomy":"product_tag","embeddable":true,"href":"https:\/\/www.musclenutrition.com.mx\/index.php\/wp-json\/wp\/v2\/product_tag?post=1134"}],"curies":[{"name":"wp","href":"https:\/\/api.w.org\/{rel}","templated":true}]}}