{"id":1130,"date":"2023-08-27T14:50:19","date_gmt":"2023-08-27T14:50:19","guid":{"rendered":"https:\/\/musclenutrition.com.mx\/?post_type=product&#038;p=1130"},"modified":"2025-06-04T16:46:07","modified_gmt":"2025-06-04T22:46:07","slug":"on-gold-caseina","status":"publish","type":"product","link":"https:\/\/www.musclenutrition.com.mx\/index.php\/producto\/on-gold-caseina\/","title":{"rendered":"ON GOLD CASEIN"},"content":{"rendered":"<p><strong>ON GOLD CASEIN<\/strong><\/p>\n<p>Bajos carbohidratos de asimilaci\u00f3n lenta, prote\u00edna micelar anti-catab\u00f3lica con glutamina.<br \/>\nA veces la lentitud es mejor, especialmente cuando se trata del \u00edndice de digesti\u00f3n de prote\u00ednas. Mientras que una r\u00e1pida absorci\u00f3n de prote\u00ednas es lo deseable inmediatamente antes y despu\u00e9s del ejercicio, un efecto retardado es probablemente m\u00e1s beneficioso para el resto del d\u00eda.<br \/>\nLas prote\u00ednas de case\u00edna tienen un pH sensible y son \u201ccompatibles\u201d con el entorno \u00e1cido del est\u00f3mago. Como resultado, esto puede hacer que las cadenas de case\u00edna se mantengan incluso m\u00e1s del doble de tiempo que el suero y otras prote\u00ednas, hasta que se rompen en subcomponentes de amino-\u00e1cidos. Dadas sus cualidades \u00fanicas de acci\u00f3n-retardada, la case\u00edna se puede describir como prote\u00edna anti-catab\u00f3lica o m\u00fasculo-protectora.<br \/>\nPropiedades<br \/>\n24 g de Mezcla instant\u00e1nea de la prote\u00edna Case\u00edna de lenta absorci\u00f3n.<br \/>\nCase\u00edna micelar anti-catab\u00f3lica rica y de alta calidad.<br \/>\nCerca de 9 g de amino-\u00e1cidos, glutamina y precursores de glutamina por servicio.<br \/>\nS\u00f3lo 3-4 g de carbohidratos.<br \/>\nUso recomendado: Utilizar ON 100% Casein Protein al levantarse, justo antes de acostarse, en reemplazo de las peque\u00f1as comidas y\/o en cualquier momento en el que necesite absorber prote\u00ednas.<\/p>\n","protected":false},"excerpt":{"rendered":"<p>ON GOLD CASEIN Bajos carbohidratos de asimilaci\u00f3n lenta, prote\u00edna micelar anti-catab\u00f3lica con glutamina. A veces la lentitud es mejor, especialmente cuando se trata del \u00edndice de digesti\u00f3n de prote\u00ednas. Mientras que una r\u00e1pida absorci\u00f3n de prote\u00ednas es lo deseable inmediatamente antes y despu\u00e9s del ejercicio, un efecto retardado es probablemente m\u00e1s beneficioso para el resto &hellip;<\/p>\n<p class=\"read-more\"> <a class=\"\" href=\"https:\/\/www.musclenutrition.com.mx\/index.php\/producto\/on-gold-caseina\/\"> <span class=\"screen-reader-text\">ON GOLD CASEIN<\/span> Leer m\u00e1s &raquo;<\/a><\/p>\n","protected":false},"featured_media":2285,"comment_status":"open","ping_status":"closed","template":"","meta":{"_uag_custom_page_level_css":"","site-sidebar-layout":"default","site-content-layout":"default","ast-global-header-display":"","ast-banner-title-visibility":"","ast-main-header-display":"","ast-hfb-above-header-display":"","ast-hfb-below-header-display":"","ast-hfb-mobile-header-display":"","site-post-title":"","ast-breadcrumbs-content":"","ast-featured-img":"","footer-sml-layout":"","theme-transparent-header-meta":"default","adv-header-id-meta":"","stick-header-meta":"","header-above-stick-meta":"","header-main-stick-meta":"","header-below-stick-meta":""},"product_brand":[],"product_cat":[15],"product_tag":[],"class_list":{"0":"post-1130","1":"product","2":"type-product","3":"status-publish","4":"has-post-thumbnail","6":"product_cat-sin-categorizar","7":"desktop-align-left","8":"tablet-align-left","9":"mobile-align-left","11":"first","12":"outofstock","13":"sale","14":"shipping-taxable","15":"purchasable","16":"product-type-variable"},"ams_default_variation_id":0,"ams_product_points_reward":[],"ams_product_discount_percentage":0,"ams_price_to_display":990,"ams_acf":[],"uagb_featured_image_src":{"full":["https:\/\/www.musclenutrition.com.mx\/wp-content\/uploads\/2023\/08\/ON-CASEINA.webp",800,800,false],"thumbnail":["https:\/\/www.musclenutrition.com.mx\/wp-content\/uploads\/2023\/08\/ON-CASEINA-150x150.webp",150,150,true],"medium":["https:\/\/www.musclenutrition.com.mx\/wp-content\/uploads\/2023\/08\/ON-CASEINA-300x300.webp",300,300,true],"medium_large":["https:\/\/www.musclenutrition.com.mx\/wp-content\/uploads\/2023\/08\/ON-CASEINA-768x768.webp",768,768,true],"large":["https:\/\/www.musclenutrition.com.mx\/wp-content\/uploads\/2023\/08\/ON-CASEINA.webp",800,800,false],"1536x1536":["https:\/\/www.musclenutrition.com.mx\/wp-content\/uploads\/2023\/08\/ON-CASEINA.webp",800,800,false],"2048x2048":["https:\/\/www.musclenutrition.com.mx\/wp-content\/uploads\/2023\/08\/ON-CASEINA.webp",800,800,false],"woocommerce_thumbnail":["https:\/\/www.musclenutrition.com.mx\/wp-content\/uploads\/2023\/08\/ON-CASEINA-300x300.webp",300,300,true],"woocommerce_single":["https:\/\/www.musclenutrition.com.mx\/wp-content\/uploads\/2023\/08\/ON-CASEINA-600x600.webp",600,600,true],"woocommerce_gallery_thumbnail":["https:\/\/www.musclenutrition.com.mx\/wp-content\/uploads\/2023\/08\/ON-CASEINA-100x100.webp",100,100,true],"dgwt-wcas-product-suggestion":["https:\/\/www.musclenutrition.com.mx\/wp-content\/uploads\/2023\/08\/ON-CASEINA-64x64.webp",64,64,true]},"uagb_author_info":{"display_name":"benjaming","author_link":"https:\/\/www.musclenutrition.com.mx\/index.php\/author\/"},"uagb_comment_info":0,"uagb_excerpt":"ON GOLD CASEIN Bajos carbohidratos de asimilaci\u00f3n lenta, prote\u00edna micelar anti-catab\u00f3lica con glutamina. A veces la lentitud es mejor, especialmente cuando se trata del \u00edndice de digesti\u00f3n de prote\u00ednas. Mientras que una r\u00e1pida absorci\u00f3n de prote\u00ednas es lo deseable inmediatamente antes y despu\u00e9s del ejercicio, un efecto retardado es probablemente m\u00e1s beneficioso para el resto&hellip;","_links":{"self":[{"href":"https:\/\/www.musclenutrition.com.mx\/index.php\/wp-json\/wp\/v2\/product\/1130","targetHints":{"allow":["GET"]}}],"collection":[{"href":"https:\/\/www.musclenutrition.com.mx\/index.php\/wp-json\/wp\/v2\/product"}],"about":[{"href":"https:\/\/www.musclenutrition.com.mx\/index.php\/wp-json\/wp\/v2\/types\/product"}],"replies":[{"embeddable":true,"href":"https:\/\/www.musclenutrition.com.mx\/index.php\/wp-json\/wp\/v2\/comments?post=1130"}],"wp:featuredmedia":[{"embeddable":true,"href":"https:\/\/www.musclenutrition.com.mx\/index.php\/wp-json\/wp\/v2\/media\/2285"}],"wp:attachment":[{"href":"https:\/\/www.musclenutrition.com.mx\/index.php\/wp-json\/wp\/v2\/media?parent=1130"}],"wp:term":[{"taxonomy":"product_brand","embeddable":true,"href":"https:\/\/www.musclenutrition.com.mx\/index.php\/wp-json\/wp\/v2\/product_brand?post=1130"},{"taxonomy":"product_cat","embeddable":true,"href":"https:\/\/www.musclenutrition.com.mx\/index.php\/wp-json\/wp\/v2\/product_cat?post=1130"},{"taxonomy":"product_tag","embeddable":true,"href":"https:\/\/www.musclenutrition.com.mx\/index.php\/wp-json\/wp\/v2\/product_tag?post=1130"}],"curies":[{"name":"wp","href":"https:\/\/api.w.org\/{rel}","templated":true}]}}