{"id":1126,"date":"2023-08-27T14:48:34","date_gmt":"2023-08-27T14:48:34","guid":{"rendered":"https:\/\/musclenutrition.com.mx\/?post_type=product&#038;p=1126"},"modified":"2025-01-08T15:39:23","modified_gmt":"2025-01-08T21:39:23","slug":"nutrex-muscle-infusion","status":"publish","type":"product","link":"https:\/\/www.musclenutrition.com.mx\/index.php\/producto\/nutrex-muscle-infusion\/","title":{"rendered":"NUTREX MUSCLE INFUSION"},"content":{"rendered":"<p><strong>NUTREX MUSCLE INFUSION<\/strong><\/p>\n<p>Esta f\u00f3rmula atrevida es una mezcla \u00fanica de las siete fracciones de prote\u00ednas multifuncionales.<br \/>\nEsta mezcla de prote\u00edna de gran alcance es de acci\u00f3n r\u00e1pida pero de larga duraci\u00f3n.Se desencadena una avalancha anab\u00f3lica r\u00e1pida seguida de actividades sostenibles de construcci\u00f3n muscular. Tras la ingesti\u00f3n, sus fracciones de prote\u00edna de varias capas van a trabajar. Ellos contin\u00faan haci\u00e9ndolo durante varias horas, la alimentaci\u00f3n de los m\u00fasculos con el m\u00fasculo de la capacidad y los amino\u00e1cidos disponibles.<\/p>\n<p>Para mejorar a\u00fan m\u00e1s las propiedades del m\u00fasculo-edificio de Muscle Infusion Black, esta f\u00f3rmula malvada est\u00e1 cargado con grandes cantidades de BCAA y glutamina. Enzimas especiales, se han a\u00f1adido para ayudar a su cuerpo a absorber las enormes cantidades de prote\u00ednas necesarias para ser grande. Cada porci\u00f3n de Muscle Infusion Black est\u00e1 lleno de un amplio espectro de vitaminas esenciales y minerales. Muscle Infusion Black, viene con muy bajos carbohidratos y grasas.<\/p>\n","protected":false},"excerpt":{"rendered":"<p>NUTREX MUSCLE INFUSION Esta f\u00f3rmula atrevida es una mezcla \u00fanica de las siete fracciones de prote\u00ednas multifuncionales. Esta mezcla de prote\u00edna de gran alcance es de acci\u00f3n r\u00e1pida pero de larga duraci\u00f3n.Se desencadena una avalancha anab\u00f3lica r\u00e1pida seguida de actividades sostenibles de construcci\u00f3n muscular. Tras la ingesti\u00f3n, sus fracciones de prote\u00edna de varias capas van &hellip;<\/p>\n<p class=\"read-more\"> <a class=\"\" href=\"https:\/\/www.musclenutrition.com.mx\/index.php\/producto\/nutrex-muscle-infusion\/\"> <span class=\"screen-reader-text\">NUTREX MUSCLE INFUSION<\/span> Leer m\u00e1s &raquo;<\/a><\/p>\n","protected":false},"featured_media":2322,"comment_status":"open","ping_status":"closed","template":"","meta":{"_uag_custom_page_level_css":"","site-sidebar-layout":"default","site-content-layout":"default","ast-global-header-display":"","ast-banner-title-visibility":"","ast-main-header-display":"","ast-hfb-above-header-display":"","ast-hfb-below-header-display":"","ast-hfb-mobile-header-display":"","site-post-title":"","ast-breadcrumbs-content":"","ast-featured-img":"","footer-sml-layout":"","theme-transparent-header-meta":"default","adv-header-id-meta":"","stick-header-meta":"","header-above-stick-meta":"","header-main-stick-meta":"","header-below-stick-meta":""},"product_brand":[],"product_cat":[15],"product_tag":[],"class_list":{"0":"post-1126","1":"product","2":"type-product","3":"status-publish","4":"has-post-thumbnail","6":"product_cat-sin-categorizar","7":"desktop-align-left","8":"tablet-align-left","9":"mobile-align-left","11":"first","12":"outofstock","13":"shipping-taxable","14":"purchasable","15":"product-type-variable"},"ams_default_variation_id":0,"ams_product_points_reward":[],"ams_product_discount_percentage":0,"ams_price_to_display":850,"ams_acf":[],"uagb_featured_image_src":{"full":["https:\/\/www.musclenutrition.com.mx\/wp-content\/uploads\/2023\/08\/MUSCLE-INFUSION.png",382,482,false],"thumbnail":["https:\/\/www.musclenutrition.com.mx\/wp-content\/uploads\/2023\/08\/MUSCLE-INFUSION-150x150.png",150,150,true],"medium":["https:\/\/www.musclenutrition.com.mx\/wp-content\/uploads\/2023\/08\/MUSCLE-INFUSION-238x300.png",238,300,true],"medium_large":["https:\/\/www.musclenutrition.com.mx\/wp-content\/uploads\/2023\/08\/MUSCLE-INFUSION.png",382,482,false],"large":["https:\/\/www.musclenutrition.com.mx\/wp-content\/uploads\/2023\/08\/MUSCLE-INFUSION.png",382,482,false],"1536x1536":["https:\/\/www.musclenutrition.com.mx\/wp-content\/uploads\/2023\/08\/MUSCLE-INFUSION.png",382,482,false],"2048x2048":["https:\/\/www.musclenutrition.com.mx\/wp-content\/uploads\/2023\/08\/MUSCLE-INFUSION.png",382,482,false],"woocommerce_thumbnail":["https:\/\/www.musclenutrition.com.mx\/wp-content\/uploads\/2023\/08\/MUSCLE-INFUSION-300x300.png",300,300,true],"woocommerce_single":["https:\/\/www.musclenutrition.com.mx\/wp-content\/uploads\/2023\/08\/MUSCLE-INFUSION.png",382,482,false],"woocommerce_gallery_thumbnail":["https:\/\/www.musclenutrition.com.mx\/wp-content\/uploads\/2023\/08\/MUSCLE-INFUSION-100x100.png",100,100,true],"dgwt-wcas-product-suggestion":["https:\/\/www.musclenutrition.com.mx\/wp-content\/uploads\/2023\/08\/MUSCLE-INFUSION-64x81.png",64,81,true]},"uagb_author_info":{"display_name":"benjaming","author_link":"https:\/\/www.musclenutrition.com.mx\/index.php\/author\/"},"uagb_comment_info":0,"uagb_excerpt":"NUTREX MUSCLE INFUSION Esta f\u00f3rmula atrevida es una mezcla \u00fanica de las siete fracciones de prote\u00ednas multifuncionales. Esta mezcla de prote\u00edna de gran alcance es de acci\u00f3n r\u00e1pida pero de larga duraci\u00f3n.Se desencadena una avalancha anab\u00f3lica r\u00e1pida seguida de actividades sostenibles de construcci\u00f3n muscular. Tras la ingesti\u00f3n, sus fracciones de prote\u00edna de varias capas van&hellip;","_links":{"self":[{"href":"https:\/\/www.musclenutrition.com.mx\/index.php\/wp-json\/wp\/v2\/product\/1126","targetHints":{"allow":["GET"]}}],"collection":[{"href":"https:\/\/www.musclenutrition.com.mx\/index.php\/wp-json\/wp\/v2\/product"}],"about":[{"href":"https:\/\/www.musclenutrition.com.mx\/index.php\/wp-json\/wp\/v2\/types\/product"}],"replies":[{"embeddable":true,"href":"https:\/\/www.musclenutrition.com.mx\/index.php\/wp-json\/wp\/v2\/comments?post=1126"}],"wp:featuredmedia":[{"embeddable":true,"href":"https:\/\/www.musclenutrition.com.mx\/index.php\/wp-json\/wp\/v2\/media\/2322"}],"wp:attachment":[{"href":"https:\/\/www.musclenutrition.com.mx\/index.php\/wp-json\/wp\/v2\/media?parent=1126"}],"wp:term":[{"taxonomy":"product_brand","embeddable":true,"href":"https:\/\/www.musclenutrition.com.mx\/index.php\/wp-json\/wp\/v2\/product_brand?post=1126"},{"taxonomy":"product_cat","embeddable":true,"href":"https:\/\/www.musclenutrition.com.mx\/index.php\/wp-json\/wp\/v2\/product_cat?post=1126"},{"taxonomy":"product_tag","embeddable":true,"href":"https:\/\/www.musclenutrition.com.mx\/index.php\/wp-json\/wp\/v2\/product_tag?post=1126"}],"curies":[{"name":"wp","href":"https:\/\/api.w.org\/{rel}","templated":true}]}}