{"id":1119,"date":"2023-08-27T14:46:43","date_gmt":"2023-08-27T14:46:43","guid":{"rendered":"https:\/\/musclenutrition.com.mx\/?post_type=product&#038;p=1119"},"modified":"2026-04-13T16:49:19","modified_gmt":"2026-04-13T22:49:19","slug":"nutrex-isofit-5-lbs","status":"publish","type":"product","link":"https:\/\/www.musclenutrition.com.mx\/index.php\/producto\/nutrex-isofit-5-lbs\/","title":{"rendered":"NUTREX ISOFIT 5 LBS"},"content":{"rendered":"<p><strong>NUTREX ISO FIT<\/strong><\/p>\n<p>ELEVA TUS EXPECTATIVAS y lleva tu experiencia con aislado de prote\u00edna de suero a otro nivel. Nuestra declaraci\u00f3n audaz para usted: ISOFIT es el aislado de suero con MEJOR SABOR que puede encontrar.<br \/>\nISOFIT es el \u00fanico aislado de suero que tiene verdaderos sabores gourmet. Es tan inigualable, con un sabor tan delicioso que nunca creer\u00e1s que su prote\u00edna proviene exclusivamente de 100 % aislado de suero de leche. Se mezcla f\u00e1cilmente y tiene una sensaci\u00f3n en boca magn\u00edficamente suave.<\/p>\n<p>Puedes pensar que tal bondad no puede ser real y sacrificas la calidad? No. ISOFIT contiene 25 g de aislado de suero 100 % puro por raci\u00f3n. Est\u00e1 microfiltrado de flujo cruzado y totalmente instant\u00e1neo.<br \/>\nEs de r\u00e1pida digesti\u00f3n y est\u00e1 repleto de m\u00e1s de 12 g de EAA naturales junto con casi 6 g de BCAA por porci\u00f3n. No hay aumento de amino en marcha.<br \/>\nISOFIT es simplemente ultrapuro. Para brindarle la mejor experiencia de aislado de suero de leche, utilizamos polvo de aceite MCT y fibra de inulina org\u00e1nica en lugar de agentes espesantes inferiores.<br \/>\nPruebe ISOFIT usted mismo, y estamos absolutamente seguros de que ha encontrado su NUEVO aislado de prote\u00edna de suero FAVORITO.<\/p>\n<p>ISOFIT es puro combustible para el desarrollo muscular. Cada porci\u00f3n proporciona 25 g de aislado de prote\u00edna de suero junto con 12 g de EAA (amino\u00e1cidos esenciales) y 5,9 g de BCAA (amino\u00e1cidos de cadena ramificada).<\/p>\n","protected":false},"excerpt":{"rendered":"<p>NUTREX ISO FIT ELEVA TUS EXPECTATIVAS y lleva tu experiencia con aislado de prote\u00edna de suero a otro nivel. Nuestra declaraci\u00f3n audaz para usted: ISOFIT es el aislado de suero con MEJOR SABOR que puede encontrar. ISOFIT es el \u00fanico aislado de suero que tiene verdaderos sabores gourmet. Es tan inigualable, con un sabor tan &hellip;<\/p>\n<p class=\"read-more\"> <a class=\"\" href=\"https:\/\/www.musclenutrition.com.mx\/index.php\/producto\/nutrex-isofit-5-lbs\/\"> <span class=\"screen-reader-text\">NUTREX ISOFIT 5 LBS<\/span> Leer m\u00e1s &raquo;<\/a><\/p>\n","protected":false},"featured_media":2280,"comment_status":"open","ping_status":"closed","template":"","meta":{"_uag_custom_page_level_css":"","site-sidebar-layout":"default","site-content-layout":"default","ast-global-header-display":"","ast-banner-title-visibility":"","ast-main-header-display":"","ast-hfb-above-header-display":"","ast-hfb-below-header-display":"","ast-hfb-mobile-header-display":"","site-post-title":"","ast-breadcrumbs-content":"","ast-featured-img":"","footer-sml-layout":"","theme-transparent-header-meta":"default","adv-header-id-meta":"","stick-header-meta":"","header-above-stick-meta":"","header-main-stick-meta":"","header-below-stick-meta":""},"product_brand":[],"product_cat":[51,27],"product_tag":[],"class_list":{"0":"post-1119","1":"product","2":"type-product","3":"status-publish","4":"has-post-thumbnail","6":"product_cat-ofertas","7":"product_cat-proteina","8":"desktop-align-left","9":"tablet-align-left","10":"mobile-align-left","12":"first","13":"instock","14":"sale","15":"shipping-taxable","16":"purchasable","17":"product-type-variable"},"ams_default_variation_id":0,"ams_product_points_reward":[],"ams_product_discount_percentage":0,"ams_price_to_display":1150,"ams_acf":[],"uagb_featured_image_src":{"full":["https:\/\/www.musclenutrition.com.mx\/wp-content\/uploads\/2023\/08\/isofit.jpg",1000,1000,false],"thumbnail":["https:\/\/www.musclenutrition.com.mx\/wp-content\/uploads\/2023\/08\/isofit-150x150.jpg",150,150,true],"medium":["https:\/\/www.musclenutrition.com.mx\/wp-content\/uploads\/2023\/08\/isofit-300x300.jpg",300,300,true],"medium_large":["https:\/\/www.musclenutrition.com.mx\/wp-content\/uploads\/2023\/08\/isofit-768x768.jpg",768,768,true],"large":["https:\/\/www.musclenutrition.com.mx\/wp-content\/uploads\/2023\/08\/isofit.jpg",1000,1000,false],"1536x1536":["https:\/\/www.musclenutrition.com.mx\/wp-content\/uploads\/2023\/08\/isofit.jpg",1000,1000,false],"2048x2048":["https:\/\/www.musclenutrition.com.mx\/wp-content\/uploads\/2023\/08\/isofit.jpg",1000,1000,false],"woocommerce_thumbnail":["https:\/\/www.musclenutrition.com.mx\/wp-content\/uploads\/2023\/08\/isofit-300x300.jpg",300,300,true],"woocommerce_single":["https:\/\/www.musclenutrition.com.mx\/wp-content\/uploads\/2023\/08\/isofit-600x600.jpg",600,600,true],"woocommerce_gallery_thumbnail":["https:\/\/www.musclenutrition.com.mx\/wp-content\/uploads\/2023\/08\/isofit-100x100.jpg",100,100,true],"dgwt-wcas-product-suggestion":["https:\/\/www.musclenutrition.com.mx\/wp-content\/uploads\/2023\/08\/isofit-64x64.jpg",64,64,true]},"uagb_author_info":{"display_name":"benjaming","author_link":"https:\/\/www.musclenutrition.com.mx\/index.php\/author\/"},"uagb_comment_info":0,"uagb_excerpt":"NUTREX ISO FIT ELEVA TUS EXPECTATIVAS y lleva tu experiencia con aislado de prote\u00edna de suero a otro nivel. Nuestra declaraci\u00f3n audaz para usted: ISOFIT es el aislado de suero con MEJOR SABOR que puede encontrar. ISOFIT es el \u00fanico aislado de suero que tiene verdaderos sabores gourmet. Es tan inigualable, con un sabor tan&hellip;","_links":{"self":[{"href":"https:\/\/www.musclenutrition.com.mx\/index.php\/wp-json\/wp\/v2\/product\/1119","targetHints":{"allow":["GET"]}}],"collection":[{"href":"https:\/\/www.musclenutrition.com.mx\/index.php\/wp-json\/wp\/v2\/product"}],"about":[{"href":"https:\/\/www.musclenutrition.com.mx\/index.php\/wp-json\/wp\/v2\/types\/product"}],"replies":[{"embeddable":true,"href":"https:\/\/www.musclenutrition.com.mx\/index.php\/wp-json\/wp\/v2\/comments?post=1119"}],"wp:featuredmedia":[{"embeddable":true,"href":"https:\/\/www.musclenutrition.com.mx\/index.php\/wp-json\/wp\/v2\/media\/2280"}],"wp:attachment":[{"href":"https:\/\/www.musclenutrition.com.mx\/index.php\/wp-json\/wp\/v2\/media?parent=1119"}],"wp:term":[{"taxonomy":"product_brand","embeddable":true,"href":"https:\/\/www.musclenutrition.com.mx\/index.php\/wp-json\/wp\/v2\/product_brand?post=1119"},{"taxonomy":"product_cat","embeddable":true,"href":"https:\/\/www.musclenutrition.com.mx\/index.php\/wp-json\/wp\/v2\/product_cat?post=1119"},{"taxonomy":"product_tag","embeddable":true,"href":"https:\/\/www.musclenutrition.com.mx\/index.php\/wp-json\/wp\/v2\/product_tag?post=1119"}],"curies":[{"name":"wp","href":"https:\/\/api.w.org\/{rel}","templated":true}]}}