{"id":1107,"date":"2023-08-27T14:34:05","date_gmt":"2023-08-27T14:34:05","guid":{"rendered":"https:\/\/musclenutrition.com.mx\/?post_type=product&#038;p=1107"},"modified":"2026-02-21T09:55:49","modified_gmt":"2026-02-21T15:55:49","slug":"nitro-tech-ripped","status":"publish","type":"product","link":"https:\/\/www.musclenutrition.com.mx\/index.php\/producto\/nitro-tech-ripped\/","title":{"rendered":"NITRO TECH RIPPED"},"content":{"rendered":"<p><strong>NITRO TECH RIPPED<\/strong><\/p>\n<p>NITRO-TECH RIPPED Compuesta de P\u00e9ptidos de prote\u00edna de suero superiores para la construcci\u00f3n de m\u00fasculo magro mejorada con una p\u00e9rdida de peso cient\u00edficamente probado compleja f\u00f3rmula avanzada con L-Carnitina y CLA<br \/>\nProte\u00edna + P\u00e9rdida de Peso<br \/>\nMuscleTech una f\u00f3rmula capaz de brindar prote\u00ednas de la m\u00e1s alta calidad y adem\u00e1s ayuda a la perdida de peso con resultados reales. A diferencia de la competencia, cada porci\u00f3n de NITRO-TECH RIPPED libera una dosis estudiado cient\u00edficamente de su ingrediente clave de la p\u00e9rdida de peso, C. canephora robusta, que est\u00e1 respaldado por dos estudios comprobados, y en que se puede confiar!<br \/>\nNITRO-TECH RIPPED en primera proporciona una mezcla de 30 g de p\u00e9ptidos de suero y a\u00edsla de la digestibilidad, facilitar la mezcla y altos niveles de amino\u00e1cidos de cadena ramificada (BCAA esenciales). investigadores de MuscleTech no se detuvo all\u00ed, sin embargo, ya que cada dos cucharada sirviendo de esta incre\u00edble nueva f\u00f3rmula de prote\u00edna de 7-en-1 tambi\u00e9n proporciona CLA, MCT, L-carnitina L-tartrato, extracto de t\u00e9 verde, extracto de rosa y algas en polvo de la cadera &#8211; adem\u00e1s de C. canephora robusta para la p\u00e9rdida de peso!<\/p>\n","protected":false},"excerpt":{"rendered":"<p>NITRO TECH RIPPED NITRO-TECH RIPPED Compuesta de P\u00e9ptidos de prote\u00edna de suero superiores para la construcci\u00f3n de m\u00fasculo magro mejorada con una p\u00e9rdida de peso cient\u00edficamente probado compleja f\u00f3rmula avanzada con L-Carnitina y CLA Prote\u00edna + P\u00e9rdida de Peso MuscleTech una f\u00f3rmula capaz de brindar prote\u00ednas de la m\u00e1s alta calidad y adem\u00e1s ayuda a &hellip;<\/p>\n<p class=\"read-more\"> <a class=\"\" href=\"https:\/\/www.musclenutrition.com.mx\/index.php\/producto\/nitro-tech-ripped\/\"> <span class=\"screen-reader-text\">NITRO TECH RIPPED<\/span> Leer m\u00e1s &raquo;<\/a><\/p>\n","protected":false},"featured_media":2320,"comment_status":"open","ping_status":"closed","template":"","meta":{"_uag_custom_page_level_css":"","site-sidebar-layout":"default","site-content-layout":"default","ast-global-header-display":"","ast-banner-title-visibility":"","ast-main-header-display":"","ast-hfb-above-header-display":"","ast-hfb-below-header-display":"","ast-hfb-mobile-header-display":"","site-post-title":"","ast-breadcrumbs-content":"","ast-featured-img":"","footer-sml-layout":"","theme-transparent-header-meta":"default","adv-header-id-meta":"","stick-header-meta":"","header-above-stick-meta":"","header-main-stick-meta":"","header-below-stick-meta":""},"product_brand":[],"product_cat":[27],"product_tag":[],"class_list":{"0":"post-1107","1":"product","2":"type-product","3":"status-publish","4":"has-post-thumbnail","6":"product_cat-proteina","7":"desktop-align-left","8":"tablet-align-left","9":"mobile-align-left","11":"first","12":"outofstock","13":"shipping-taxable","14":"purchasable","15":"product-type-variable"},"ams_default_variation_id":0,"ams_product_points_reward":[],"ams_product_discount_percentage":0,"ams_price_to_display":980,"ams_acf":[],"uagb_featured_image_src":{"full":["https:\/\/www.musclenutrition.com.mx\/wp-content\/uploads\/2023\/08\/NITRO-RIPPED.jpg",1200,1372,false],"thumbnail":["https:\/\/www.musclenutrition.com.mx\/wp-content\/uploads\/2023\/08\/NITRO-RIPPED-150x150.jpg",150,150,true],"medium":["https:\/\/www.musclenutrition.com.mx\/wp-content\/uploads\/2023\/08\/NITRO-RIPPED-262x300.jpg",262,300,true],"medium_large":["https:\/\/www.musclenutrition.com.mx\/wp-content\/uploads\/2023\/08\/NITRO-RIPPED-768x878.jpg",768,878,true],"large":["https:\/\/www.musclenutrition.com.mx\/wp-content\/uploads\/2023\/08\/NITRO-RIPPED-896x1024.jpg",896,1024,true],"1536x1536":["https:\/\/www.musclenutrition.com.mx\/wp-content\/uploads\/2023\/08\/NITRO-RIPPED.jpg",1200,1372,false],"2048x2048":["https:\/\/www.musclenutrition.com.mx\/wp-content\/uploads\/2023\/08\/NITRO-RIPPED.jpg",1200,1372,false],"woocommerce_thumbnail":["https:\/\/www.musclenutrition.com.mx\/wp-content\/uploads\/2023\/08\/NITRO-RIPPED-300x300.jpg",300,300,true],"woocommerce_single":["https:\/\/www.musclenutrition.com.mx\/wp-content\/uploads\/2023\/08\/NITRO-RIPPED-600x686.jpg",600,686,true],"woocommerce_gallery_thumbnail":["https:\/\/www.musclenutrition.com.mx\/wp-content\/uploads\/2023\/08\/NITRO-RIPPED-100x100.jpg",100,100,true],"dgwt-wcas-product-suggestion":["https:\/\/www.musclenutrition.com.mx\/wp-content\/uploads\/2023\/08\/NITRO-RIPPED-64x73.jpg",64,73,true]},"uagb_author_info":{"display_name":"benjaming","author_link":"https:\/\/www.musclenutrition.com.mx\/index.php\/author\/"},"uagb_comment_info":0,"uagb_excerpt":"NITRO TECH RIPPED NITRO-TECH RIPPED Compuesta de P\u00e9ptidos de prote\u00edna de suero superiores para la construcci\u00f3n de m\u00fasculo magro mejorada con una p\u00e9rdida de peso cient\u00edficamente probado compleja f\u00f3rmula avanzada con L-Carnitina y CLA Prote\u00edna + P\u00e9rdida de Peso MuscleTech una f\u00f3rmula capaz de brindar prote\u00ednas de la m\u00e1s alta calidad y adem\u00e1s ayuda a&hellip;","_links":{"self":[{"href":"https:\/\/www.musclenutrition.com.mx\/index.php\/wp-json\/wp\/v2\/product\/1107","targetHints":{"allow":["GET"]}}],"collection":[{"href":"https:\/\/www.musclenutrition.com.mx\/index.php\/wp-json\/wp\/v2\/product"}],"about":[{"href":"https:\/\/www.musclenutrition.com.mx\/index.php\/wp-json\/wp\/v2\/types\/product"}],"replies":[{"embeddable":true,"href":"https:\/\/www.musclenutrition.com.mx\/index.php\/wp-json\/wp\/v2\/comments?post=1107"}],"wp:featuredmedia":[{"embeddable":true,"href":"https:\/\/www.musclenutrition.com.mx\/index.php\/wp-json\/wp\/v2\/media\/2320"}],"wp:attachment":[{"href":"https:\/\/www.musclenutrition.com.mx\/index.php\/wp-json\/wp\/v2\/media?parent=1107"}],"wp:term":[{"taxonomy":"product_brand","embeddable":true,"href":"https:\/\/www.musclenutrition.com.mx\/index.php\/wp-json\/wp\/v2\/product_brand?post=1107"},{"taxonomy":"product_cat","embeddable":true,"href":"https:\/\/www.musclenutrition.com.mx\/index.php\/wp-json\/wp\/v2\/product_cat?post=1107"},{"taxonomy":"product_tag","embeddable":true,"href":"https:\/\/www.musclenutrition.com.mx\/index.php\/wp-json\/wp\/v2\/product_tag?post=1107"}],"curies":[{"name":"wp","href":"https:\/\/api.w.org\/{rel}","templated":true}]}}