{"id":1094,"date":"2023-08-27T14:27:06","date_gmt":"2023-08-27T14:27:06","guid":{"rendered":"https:\/\/musclenutrition.com.mx\/?post_type=product&#038;p=1094"},"modified":"2026-04-13T16:43:21","modified_gmt":"2026-04-13T22:43:21","slug":"mutant-whey-5lb","status":"publish","type":"product","link":"https:\/\/www.musclenutrition.com.mx\/index.php\/producto\/mutant-whey-5lb\/","title":{"rendered":"MUTANT WHEY 5LB"},"content":{"rendered":"<p><strong>Mutant WHEY 5 lbs<\/strong><\/p>\n<p>MUTANT WHEY ha sido desarrollada tras muchos meses de ardua investigaci\u00f3n. Es la primera prote\u00edna del mundo que contiene prote\u00ednas especialmente seleccionadas, cada una con un \u00edndice de absorci\u00f3n \u00fanico. Esta f\u00f3rmula con 5 tipos de prote\u00edna permite que cada fuente llegue en momentos distintos a los receptores de prote\u00edna del sistema digestivo, de n\u00famero muy reducido. \u00bfEsto qu\u00e9 significa? &#8211; Que no se malgasta nada de prote\u00edna, y tiene una absorci\u00f3n del 100%. Cada una de estas cinco fuentes son 100% completas y ricas en amino\u00e1cidos de cadena ramificada (BCAA) y glutamina, para acelerar la recuperaci\u00f3n.<br \/>\n&#8211; Prote\u00edna de suero de leche con 5 fuentes<br \/>\n&#8211; Aporta 44 gramos de prote\u00edna de suero por dosis.<br \/>\n&#8211; Incluye m\u00e1s de 17 gramos de amino\u00e1cidos de cadena ramificada y glutamina.<br \/>\n&#8211; La mitad de colesterol que las prote\u00ednas de la competencia.<br \/>\n&#8211; Muy baja en lactosa.<br \/>\n&#8211; Totalmente libre de aspartamo, endulzado con sucralosa.<br \/>\n&#8211; Buen sabor<\/p>\n","protected":false},"excerpt":{"rendered":"<p>Mutant WHEY 5 lbs MUTANT WHEY ha sido desarrollada tras muchos meses de ardua investigaci\u00f3n. Es la primera prote\u00edna del mundo que contiene prote\u00ednas especialmente seleccionadas, cada una con un \u00edndice de absorci\u00f3n \u00fanico. Esta f\u00f3rmula con 5 tipos de prote\u00edna permite que cada fuente llegue en momentos distintos a los receptores de prote\u00edna del &hellip;<\/p>\n<p class=\"read-more\"> <a class=\"\" href=\"https:\/\/www.musclenutrition.com.mx\/index.php\/producto\/mutant-whey-5lb\/\"> <span class=\"screen-reader-text\">MUTANT WHEY 5LB<\/span> Leer m\u00e1s &raquo;<\/a><\/p>\n","protected":false},"featured_media":5202,"comment_status":"open","ping_status":"closed","template":"","meta":{"_uag_custom_page_level_css":"","site-sidebar-layout":"default","site-content-layout":"default","ast-global-header-display":"","ast-banner-title-visibility":"","ast-main-header-display":"","ast-hfb-above-header-display":"","ast-hfb-below-header-display":"","ast-hfb-mobile-header-display":"","site-post-title":"","ast-breadcrumbs-content":"","ast-featured-img":"","footer-sml-layout":"","theme-transparent-header-meta":"default","adv-header-id-meta":"","stick-header-meta":"","header-above-stick-meta":"","header-main-stick-meta":"","header-below-stick-meta":""},"product_brand":[],"product_cat":[27],"product_tag":[],"class_list":{"0":"post-1094","1":"product","2":"type-product","3":"status-publish","4":"has-post-thumbnail","6":"product_cat-proteina","7":"desktop-align-left","8":"tablet-align-left","9":"mobile-align-left","11":"first","12":"instock","13":"shipping-taxable","14":"purchasable","15":"product-type-variable"},"ams_default_variation_id":0,"ams_product_points_reward":[],"ams_product_discount_percentage":0,"ams_price_to_display":890,"ams_acf":[],"uagb_featured_image_src":{"full":["https:\/\/www.musclenutrition.com.mx\/wp-content\/uploads\/2023\/08\/MUTANT-WHEY-5LBS-S-Photoroom.webp",1646,1646,false],"thumbnail":["https:\/\/www.musclenutrition.com.mx\/wp-content\/uploads\/2023\/08\/MUTANT-WHEY-5LBS-S-Photoroom-150x150.webp",150,150,true],"medium":["https:\/\/www.musclenutrition.com.mx\/wp-content\/uploads\/2023\/08\/MUTANT-WHEY-5LBS-S-Photoroom-300x300.webp",300,300,true],"medium_large":["https:\/\/www.musclenutrition.com.mx\/wp-content\/uploads\/2023\/08\/MUTANT-WHEY-5LBS-S-Photoroom-768x768.webp",768,768,true],"large":["https:\/\/www.musclenutrition.com.mx\/wp-content\/uploads\/2023\/08\/MUTANT-WHEY-5LBS-S-Photoroom-1024x1024.webp",1024,1024,true],"1536x1536":["https:\/\/www.musclenutrition.com.mx\/wp-content\/uploads\/2023\/08\/MUTANT-WHEY-5LBS-S-Photoroom-1536x1536.webp",1536,1536,true],"2048x2048":["https:\/\/www.musclenutrition.com.mx\/wp-content\/uploads\/2023\/08\/MUTANT-WHEY-5LBS-S-Photoroom.webp",1646,1646,false],"woocommerce_thumbnail":["https:\/\/www.musclenutrition.com.mx\/wp-content\/uploads\/2023\/08\/MUTANT-WHEY-5LBS-S-Photoroom-300x300.webp",300,300,true],"woocommerce_single":["https:\/\/www.musclenutrition.com.mx\/wp-content\/uploads\/2023\/08\/MUTANT-WHEY-5LBS-S-Photoroom-600x600.webp",600,600,true],"woocommerce_gallery_thumbnail":["https:\/\/www.musclenutrition.com.mx\/wp-content\/uploads\/2023\/08\/MUTANT-WHEY-5LBS-S-Photoroom-100x100.webp",100,100,true],"dgwt-wcas-product-suggestion":["https:\/\/www.musclenutrition.com.mx\/wp-content\/uploads\/2023\/08\/MUTANT-WHEY-5LBS-S-Photoroom-64x64.webp",64,64,true]},"uagb_author_info":{"display_name":"benjaming","author_link":"https:\/\/www.musclenutrition.com.mx\/index.php\/author\/"},"uagb_comment_info":1,"uagb_excerpt":"Mutant WHEY 5 lbs MUTANT WHEY ha sido desarrollada tras muchos meses de ardua investigaci\u00f3n. Es la primera prote\u00edna del mundo que contiene prote\u00ednas especialmente seleccionadas, cada una con un \u00edndice de absorci\u00f3n \u00fanico. Esta f\u00f3rmula con 5 tipos de prote\u00edna permite que cada fuente llegue en momentos distintos a los receptores de prote\u00edna del&hellip;","_links":{"self":[{"href":"https:\/\/www.musclenutrition.com.mx\/index.php\/wp-json\/wp\/v2\/product\/1094","targetHints":{"allow":["GET"]}}],"collection":[{"href":"https:\/\/www.musclenutrition.com.mx\/index.php\/wp-json\/wp\/v2\/product"}],"about":[{"href":"https:\/\/www.musclenutrition.com.mx\/index.php\/wp-json\/wp\/v2\/types\/product"}],"replies":[{"embeddable":true,"href":"https:\/\/www.musclenutrition.com.mx\/index.php\/wp-json\/wp\/v2\/comments?post=1094"}],"wp:featuredmedia":[{"embeddable":true,"href":"https:\/\/www.musclenutrition.com.mx\/index.php\/wp-json\/wp\/v2\/media\/5202"}],"wp:attachment":[{"href":"https:\/\/www.musclenutrition.com.mx\/index.php\/wp-json\/wp\/v2\/media?parent=1094"}],"wp:term":[{"taxonomy":"product_brand","embeddable":true,"href":"https:\/\/www.musclenutrition.com.mx\/index.php\/wp-json\/wp\/v2\/product_brand?post=1094"},{"taxonomy":"product_cat","embeddable":true,"href":"https:\/\/www.musclenutrition.com.mx\/index.php\/wp-json\/wp\/v2\/product_cat?post=1094"},{"taxonomy":"product_tag","embeddable":true,"href":"https:\/\/www.musclenutrition.com.mx\/index.php\/wp-json\/wp\/v2\/product_tag?post=1094"}],"curies":[{"name":"wp","href":"https:\/\/api.w.org\/{rel}","templated":true}]}}