{"id":1052,"date":"2023-08-06T01:44:24","date_gmt":"2023-08-06T01:44:24","guid":{"rendered":"https:\/\/musclenutrition.com.mx\/?post_type=product&#038;p=1052"},"modified":"2026-04-13T17:25:23","modified_gmt":"2026-04-13T23:25:23","slug":"iso-100-5-lbs","status":"publish","type":"product","link":"https:\/\/www.musclenutrition.com.mx\/index.php\/producto\/iso-100-5-lbs\/","title":{"rendered":"ISO 100 5 LBS"},"content":{"rendered":"<p><strong>ISO 100<\/strong> es simplemente combustible de construcci\u00f3n muscular.<\/p>\n<p>Cada servicio contiene 25g de Prote\u00edna y 5.5g de BCAAs incluyendo 2.7g de L-Leucina.<\/p>\n<p>Conocido en todo el mundo por su calidad, sabor y pureza, ISO100 se produce seg\u00fan nuestros m\u00e1s altos est\u00e1ndares de calidad. ISO100 est\u00e1 formulado usando microfiltraci\u00f3n de flujo cruzado, un proceso de purificaci\u00f3n de m\u00faltiples pasos que preserva importantes fracciones de prote\u00edna que aumentan el m\u00fasculo y elimina el exceso de Carbohidratos, Grasa, Lactosa y colesterol. ISO100 est\u00e1 hecho con fuentes de prote\u00ednas prehidrolizadas para garantizar una r\u00e1pida digesti\u00f3n y absorci\u00f3n.<\/p>\n","protected":false},"excerpt":{"rendered":"<p>ISO 100 es simplemente combustible de construcci\u00f3n muscular. Cada servicio contiene 25g de Prote\u00edna y 5.5g de BCAAs incluyendo 2.7g de L-Leucina. Conocido en todo el mundo por su calidad, sabor y pureza, ISO100 se produce seg\u00fan nuestros m\u00e1s altos est\u00e1ndares de calidad. ISO100 est\u00e1 formulado usando microfiltraci\u00f3n de flujo cruzado, un proceso de purificaci\u00f3n &hellip;<\/p>\n<p class=\"read-more\"> <a class=\"\" href=\"https:\/\/www.musclenutrition.com.mx\/index.php\/producto\/iso-100-5-lbs\/\"> <span class=\"screen-reader-text\">ISO 100 5 LBS<\/span> Leer m\u00e1s &raquo;<\/a><\/p>\n","protected":false},"featured_media":2585,"comment_status":"open","ping_status":"closed","template":"","meta":{"_uag_custom_page_level_css":"","site-sidebar-layout":"default","site-content-layout":"default","ast-global-header-display":"","ast-banner-title-visibility":"","ast-main-header-display":"disabled","ast-hfb-above-header-display":"","ast-hfb-below-header-display":"","ast-hfb-mobile-header-display":"","site-post-title":"","ast-breadcrumbs-content":"","ast-featured-img":"","footer-sml-layout":"","theme-transparent-header-meta":"default","adv-header-id-meta":"","stick-header-meta":"","header-above-stick-meta":"","header-main-stick-meta":"","header-below-stick-meta":""},"product_brand":[],"product_cat":[27],"product_tag":[],"class_list":{"0":"post-1052","1":"product","2":"type-product","3":"status-publish","4":"has-post-thumbnail","6":"product_cat-proteina","7":"desktop-align-left","8":"tablet-align-left","9":"mobile-align-left","11":"first","12":"instock","13":"shipping-taxable","14":"purchasable","15":"product-type-variable"},"ams_default_variation_id":0,"ams_product_points_reward":[],"ams_product_discount_percentage":0,"ams_price_to_display":1690,"ams_acf":[],"uagb_featured_image_src":{"full":["https:\/\/www.musclenutrition.com.mx\/wp-content\/uploads\/2023\/08\/ISO100new.png",782,871,false],"thumbnail":["https:\/\/www.musclenutrition.com.mx\/wp-content\/uploads\/2023\/08\/ISO100new-150x150.png",150,150,true],"medium":["https:\/\/www.musclenutrition.com.mx\/wp-content\/uploads\/2023\/08\/ISO100new-269x300.png",269,300,true],"medium_large":["https:\/\/www.musclenutrition.com.mx\/wp-content\/uploads\/2023\/08\/ISO100new-768x855.png",768,855,true],"large":["https:\/\/www.musclenutrition.com.mx\/wp-content\/uploads\/2023\/08\/ISO100new.png",782,871,false],"1536x1536":["https:\/\/www.musclenutrition.com.mx\/wp-content\/uploads\/2023\/08\/ISO100new.png",782,871,false],"2048x2048":["https:\/\/www.musclenutrition.com.mx\/wp-content\/uploads\/2023\/08\/ISO100new.png",782,871,false],"woocommerce_thumbnail":["https:\/\/www.musclenutrition.com.mx\/wp-content\/uploads\/2023\/08\/ISO100new-300x300.png",300,300,true],"woocommerce_single":["https:\/\/www.musclenutrition.com.mx\/wp-content\/uploads\/2023\/08\/ISO100new-600x668.png",600,668,true],"woocommerce_gallery_thumbnail":["https:\/\/www.musclenutrition.com.mx\/wp-content\/uploads\/2023\/08\/ISO100new-100x100.png",100,100,true],"dgwt-wcas-product-suggestion":["https:\/\/www.musclenutrition.com.mx\/wp-content\/uploads\/2023\/08\/ISO100new-64x71.png",64,71,true]},"uagb_author_info":{"display_name":"benjaming","author_link":"https:\/\/www.musclenutrition.com.mx\/index.php\/author\/"},"uagb_comment_info":0,"uagb_excerpt":"ISO 100 es simplemente combustible de construcci\u00f3n muscular. Cada servicio contiene 25g de Prote\u00edna y 5.5g de BCAAs incluyendo 2.7g de L-Leucina. Conocido en todo el mundo por su calidad, sabor y pureza, ISO100 se produce seg\u00fan nuestros m\u00e1s altos est\u00e1ndares de calidad. ISO100 est\u00e1 formulado usando microfiltraci\u00f3n de flujo cruzado, un proceso de purificaci\u00f3n&hellip;","_links":{"self":[{"href":"https:\/\/www.musclenutrition.com.mx\/index.php\/wp-json\/wp\/v2\/product\/1052","targetHints":{"allow":["GET"]}}],"collection":[{"href":"https:\/\/www.musclenutrition.com.mx\/index.php\/wp-json\/wp\/v2\/product"}],"about":[{"href":"https:\/\/www.musclenutrition.com.mx\/index.php\/wp-json\/wp\/v2\/types\/product"}],"replies":[{"embeddable":true,"href":"https:\/\/www.musclenutrition.com.mx\/index.php\/wp-json\/wp\/v2\/comments?post=1052"}],"wp:featuredmedia":[{"embeddable":true,"href":"https:\/\/www.musclenutrition.com.mx\/index.php\/wp-json\/wp\/v2\/media\/2585"}],"wp:attachment":[{"href":"https:\/\/www.musclenutrition.com.mx\/index.php\/wp-json\/wp\/v2\/media?parent=1052"}],"wp:term":[{"taxonomy":"product_brand","embeddable":true,"href":"https:\/\/www.musclenutrition.com.mx\/index.php\/wp-json\/wp\/v2\/product_brand?post=1052"},{"taxonomy":"product_cat","embeddable":true,"href":"https:\/\/www.musclenutrition.com.mx\/index.php\/wp-json\/wp\/v2\/product_cat?post=1052"},{"taxonomy":"product_tag","embeddable":true,"href":"https:\/\/www.musclenutrition.com.mx\/index.php\/wp-json\/wp\/v2\/product_tag?post=1052"}],"curies":[{"name":"wp","href":"https:\/\/api.w.org\/{rel}","templated":true}]}}