{"id":1044,"date":"2023-08-06T01:37:55","date_gmt":"2023-08-06T01:37:55","guid":{"rendered":"https:\/\/musclenutrition.com.mx\/?post_type=product&#038;p=1044"},"modified":"2025-03-24T20:25:13","modified_gmt":"2025-03-25T02:25:13","slug":"insane-whey-4-5-lbs","status":"publish","type":"product","link":"https:\/\/www.musclenutrition.com.mx\/index.php\/producto\/insane-whey-4-5-lbs\/","title":{"rendered":"INSANE WHEY 4.5 LBS"},"content":{"rendered":"<p><strong>INSANE WHEY<\/strong><\/p>\n<p>Insane Labz Insane Whey promueve ganancias musculares magras con una dosis completa de 25 g de prote\u00edna despu\u00e9s de que termine su entrenamiento. Con un perfil de amino\u00e1cidos BCAA de origen natural, Insane Whey aumenta el tiempo de recuperaci\u00f3n y, al mismo tiempo, desarrolla el m\u00fasculo magro que necesita para convertirse en una bestia monstruosa gen\u00e9tica.<\/p>\n","protected":false},"excerpt":{"rendered":"<p>INSANE WHEY Insane Labz Insane Whey promueve ganancias musculares magras con una dosis completa de 25 g de prote\u00edna despu\u00e9s de que termine su entrenamiento. Con un perfil de amino\u00e1cidos BCAA de origen natural, Insane Whey aumenta el tiempo de recuperaci\u00f3n y, al mismo tiempo, desarrolla el m\u00fasculo magro que necesita para convertirse en una &hellip;<\/p>\n<p class=\"read-more\"> <a class=\"\" href=\"https:\/\/www.musclenutrition.com.mx\/index.php\/producto\/insane-whey-4-5-lbs\/\"> <span class=\"screen-reader-text\">INSANE WHEY 4.5 LBS<\/span> Leer m\u00e1s &raquo;<\/a><\/p>\n","protected":false},"featured_media":2319,"comment_status":"open","ping_status":"closed","template":"","meta":{"_uag_custom_page_level_css":"","site-sidebar-layout":"default","site-content-layout":"default","ast-global-header-display":"","ast-banner-title-visibility":"","ast-main-header-display":"","ast-hfb-above-header-display":"","ast-hfb-below-header-display":"","ast-hfb-mobile-header-display":"","site-post-title":"","ast-breadcrumbs-content":"","ast-featured-img":"","footer-sml-layout":"","theme-transparent-header-meta":"default","adv-header-id-meta":"","stick-header-meta":"","header-above-stick-meta":"","header-main-stick-meta":"","header-below-stick-meta":""},"product_brand":[],"product_cat":[15],"product_tag":[],"class_list":{"0":"post-1044","1":"product","2":"type-product","3":"status-publish","4":"has-post-thumbnail","6":"product_cat-sin-categorizar","7":"desktop-align-left","8":"tablet-align-left","9":"mobile-align-left","11":"first","12":"outofstock","13":"shipping-taxable","14":"purchasable","15":"product-type-variable"},"ams_default_variation_id":0,"ams_product_points_reward":[],"ams_product_discount_percentage":0,"ams_price_to_display":800,"ams_acf":[],"uagb_featured_image_src":{"full":["https:\/\/www.musclenutrition.com.mx\/wp-content\/uploads\/2023\/08\/INSANE-WHEY.png",600,600,false],"thumbnail":["https:\/\/www.musclenutrition.com.mx\/wp-content\/uploads\/2023\/08\/INSANE-WHEY-150x150.png",150,150,true],"medium":["https:\/\/www.musclenutrition.com.mx\/wp-content\/uploads\/2023\/08\/INSANE-WHEY-300x300.png",300,300,true],"medium_large":["https:\/\/www.musclenutrition.com.mx\/wp-content\/uploads\/2023\/08\/INSANE-WHEY.png",600,600,false],"large":["https:\/\/www.musclenutrition.com.mx\/wp-content\/uploads\/2023\/08\/INSANE-WHEY.png",600,600,false],"1536x1536":["https:\/\/www.musclenutrition.com.mx\/wp-content\/uploads\/2023\/08\/INSANE-WHEY.png",600,600,false],"2048x2048":["https:\/\/www.musclenutrition.com.mx\/wp-content\/uploads\/2023\/08\/INSANE-WHEY.png",600,600,false],"woocommerce_thumbnail":["https:\/\/www.musclenutrition.com.mx\/wp-content\/uploads\/2023\/08\/INSANE-WHEY-300x300.png",300,300,true],"woocommerce_single":["https:\/\/www.musclenutrition.com.mx\/wp-content\/uploads\/2023\/08\/INSANE-WHEY.png",600,600,false],"woocommerce_gallery_thumbnail":["https:\/\/www.musclenutrition.com.mx\/wp-content\/uploads\/2023\/08\/INSANE-WHEY-100x100.png",100,100,true],"dgwt-wcas-product-suggestion":["https:\/\/www.musclenutrition.com.mx\/wp-content\/uploads\/2023\/08\/INSANE-WHEY-64x64.png",64,64,true]},"uagb_author_info":{"display_name":"benjaming","author_link":"https:\/\/www.musclenutrition.com.mx\/index.php\/author\/"},"uagb_comment_info":0,"uagb_excerpt":"INSANE WHEY Insane Labz Insane Whey promueve ganancias musculares magras con una dosis completa de 25 g de prote\u00edna despu\u00e9s de que termine su entrenamiento. Con un perfil de amino\u00e1cidos BCAA de origen natural, Insane Whey aumenta el tiempo de recuperaci\u00f3n y, al mismo tiempo, desarrolla el m\u00fasculo magro que necesita para convertirse en una&hellip;","_links":{"self":[{"href":"https:\/\/www.musclenutrition.com.mx\/index.php\/wp-json\/wp\/v2\/product\/1044","targetHints":{"allow":["GET"]}}],"collection":[{"href":"https:\/\/www.musclenutrition.com.mx\/index.php\/wp-json\/wp\/v2\/product"}],"about":[{"href":"https:\/\/www.musclenutrition.com.mx\/index.php\/wp-json\/wp\/v2\/types\/product"}],"replies":[{"embeddable":true,"href":"https:\/\/www.musclenutrition.com.mx\/index.php\/wp-json\/wp\/v2\/comments?post=1044"}],"wp:featuredmedia":[{"embeddable":true,"href":"https:\/\/www.musclenutrition.com.mx\/index.php\/wp-json\/wp\/v2\/media\/2319"}],"wp:attachment":[{"href":"https:\/\/www.musclenutrition.com.mx\/index.php\/wp-json\/wp\/v2\/media?parent=1044"}],"wp:term":[{"taxonomy":"product_brand","embeddable":true,"href":"https:\/\/www.musclenutrition.com.mx\/index.php\/wp-json\/wp\/v2\/product_brand?post=1044"},{"taxonomy":"product_cat","embeddable":true,"href":"https:\/\/www.musclenutrition.com.mx\/index.php\/wp-json\/wp\/v2\/product_cat?post=1044"},{"taxonomy":"product_tag","embeddable":true,"href":"https:\/\/www.musclenutrition.com.mx\/index.php\/wp-json\/wp\/v2\/product_tag?post=1044"}],"curies":[{"name":"wp","href":"https:\/\/api.w.org\/{rel}","templated":true}]}}