{"id":1018,"date":"2023-08-06T01:24:08","date_gmt":"2023-08-06T01:24:08","guid":{"rendered":"https:\/\/musclenutrition.com.mx\/?post_type=product&#038;p=1018"},"modified":"2025-07-22T15:57:48","modified_gmt":"2025-07-22T21:57:48","slug":"dymatize-elite-whey-5-lbs","status":"publish","type":"product","link":"https:\/\/www.musclenutrition.com.mx\/index.php\/producto\/dymatize-elite-whey-5-lbs\/","title":{"rendered":"DYMATIZE ELITE WHEY 5 LBS"},"content":{"rendered":"<p><strong>ELITE WHEY<\/strong><\/p>\n<p>Elite Whey de Dymatize es un suplemento nutricional que estimula la s\u00edntesis proteica, promueve el desarrollo muscular, ayuda a perder peso y mejora la recuperaci\u00f3n.<br \/>\nCon nuevos sabores deliciosos. Proporciona \u00f3ptimas proporciones de prote\u00ednas de alta calidad para mantener la musculatura y la salud, Prote\u00edna de suero concentrado y Prote\u00edna de suero aislado, una perfecta combinaci\u00f3n que permite un producto con menos grasa y carbohidratos.<br \/>\nContiene Aislado y Concentrado de Prote\u00edna de suero de alta calidad, alto contenido en BCAAs y \u00e1cido glut\u00e1mico, precursor de Glutamina. Con muy poca grasa, sin \u00e1zucar, sin aspartamo y con enzimas digestivas Zytrix\u00ae para mejorar su biodisponibilidad.<br \/>\nElite Whey de Dymatize se compone de Prote\u00edna de suero concentrado y Prote\u00edna de suero aislado. Esta combinaci\u00f3n permite obtener un producto con menor contenido de grasa y carbohidratos. La prote\u00edna de suero proporciona los amino\u00e1cidos esenciales y ramificados necesarios para el desarrollo muscular y para la recuperaci\u00f3n luego del entrenamiento. Esta prote\u00edna cuenta con r\u00e1pida absorci\u00f3n y f\u00e1cil digesti\u00f3n, la que se mejora sustancialmente con las enzimas digestivas.<br \/>\nNo contiene az\u00facares a\u00f1adidos. Aporta un bajo contenido en az\u00facares de forma natural (1 gramo por dosis).<br \/>\nRecomendado para deportistas que deseen desarrollar su musculatura y acelerar su recuperaci\u00f3n, as\u00ed como personas activas que deseen mejorar su composici\u00f3n muscular y proteger su musculatura.<\/p>\n","protected":false},"excerpt":{"rendered":"<p>ELITE WHEY Elite Whey de Dymatize es un suplemento nutricional que estimula la s\u00edntesis proteica, promueve el desarrollo muscular, ayuda a perder peso y mejora la recuperaci\u00f3n. Con nuevos sabores deliciosos. Proporciona \u00f3ptimas proporciones de prote\u00ednas de alta calidad para mantener la musculatura y la salud, Prote\u00edna de suero concentrado y Prote\u00edna de suero aislado, &hellip;<\/p>\n<p class=\"read-more\"> <a class=\"\" href=\"https:\/\/www.musclenutrition.com.mx\/index.php\/producto\/dymatize-elite-whey-5-lbs\/\"> <span class=\"screen-reader-text\">DYMATIZE ELITE WHEY 5 LBS<\/span> Leer m\u00e1s &raquo;<\/a><\/p>\n","protected":false},"featured_media":1022,"comment_status":"open","ping_status":"closed","template":"","meta":{"_uag_custom_page_level_css":"","site-sidebar-layout":"default","site-content-layout":"default","ast-global-header-display":"","ast-banner-title-visibility":"","ast-main-header-display":"","ast-hfb-above-header-display":"","ast-hfb-below-header-display":"","ast-hfb-mobile-header-display":"","site-post-title":"","ast-breadcrumbs-content":"","ast-featured-img":"","footer-sml-layout":"","theme-transparent-header-meta":"default","adv-header-id-meta":"","stick-header-meta":"","header-above-stick-meta":"","header-main-stick-meta":"","header-below-stick-meta":""},"product_brand":[],"product_cat":[15],"product_tag":[],"class_list":{"0":"post-1018","1":"product","2":"type-product","3":"status-publish","4":"has-post-thumbnail","6":"product_cat-sin-categorizar","7":"desktop-align-left","8":"tablet-align-left","9":"mobile-align-left","11":"first","12":"outofstock","13":"shipping-taxable","14":"purchasable","15":"product-type-variable"},"ams_default_variation_id":0,"ams_product_points_reward":[],"ams_product_discount_percentage":0,"ams_price_to_display":1080,"ams_acf":[],"uagb_featured_image_src":{"full":["https:\/\/www.musclenutrition.com.mx\/wp-content\/uploads\/2023\/08\/71pZ8ecCLoL.jpg",1978,2560,false],"thumbnail":["https:\/\/www.musclenutrition.com.mx\/wp-content\/uploads\/2023\/08\/71pZ8ecCLoL-150x150.jpg",150,150,true],"medium":["https:\/\/www.musclenutrition.com.mx\/wp-content\/uploads\/2023\/08\/71pZ8ecCLoL-232x300.jpg",232,300,true],"medium_large":["https:\/\/www.musclenutrition.com.mx\/wp-content\/uploads\/2023\/08\/71pZ8ecCLoL-768x994.jpg",768,994,true],"large":["https:\/\/www.musclenutrition.com.mx\/wp-content\/uploads\/2023\/08\/71pZ8ecCLoL-791x1024.jpg",791,1024,true],"1536x1536":["https:\/\/www.musclenutrition.com.mx\/wp-content\/uploads\/2023\/08\/71pZ8ecCLoL-1187x1536.jpg",1187,1536,true],"2048x2048":["https:\/\/www.musclenutrition.com.mx\/wp-content\/uploads\/2023\/08\/71pZ8ecCLoL-1582x2048.jpg",1582,2048,true],"woocommerce_thumbnail":["https:\/\/www.musclenutrition.com.mx\/wp-content\/uploads\/2023\/08\/71pZ8ecCLoL-300x300.jpg",300,300,true],"woocommerce_single":["https:\/\/www.musclenutrition.com.mx\/wp-content\/uploads\/2023\/08\/71pZ8ecCLoL-600x777.jpg",600,777,true],"woocommerce_gallery_thumbnail":["https:\/\/www.musclenutrition.com.mx\/wp-content\/uploads\/2023\/08\/71pZ8ecCLoL-100x100.jpg",100,100,true],"dgwt-wcas-product-suggestion":["https:\/\/www.musclenutrition.com.mx\/wp-content\/uploads\/2023\/08\/71pZ8ecCLoL.jpg",64,83,false]},"uagb_author_info":{"display_name":"benjaming","author_link":"https:\/\/www.musclenutrition.com.mx\/index.php\/author\/"},"uagb_comment_info":0,"uagb_excerpt":"ELITE WHEY Elite Whey de Dymatize es un suplemento nutricional que estimula la s\u00edntesis proteica, promueve el desarrollo muscular, ayuda a perder peso y mejora la recuperaci\u00f3n. Con nuevos sabores deliciosos. Proporciona \u00f3ptimas proporciones de prote\u00ednas de alta calidad para mantener la musculatura y la salud, Prote\u00edna de suero concentrado y Prote\u00edna de suero aislado,&hellip;","_links":{"self":[{"href":"https:\/\/www.musclenutrition.com.mx\/index.php\/wp-json\/wp\/v2\/product\/1018","targetHints":{"allow":["GET"]}}],"collection":[{"href":"https:\/\/www.musclenutrition.com.mx\/index.php\/wp-json\/wp\/v2\/product"}],"about":[{"href":"https:\/\/www.musclenutrition.com.mx\/index.php\/wp-json\/wp\/v2\/types\/product"}],"replies":[{"embeddable":true,"href":"https:\/\/www.musclenutrition.com.mx\/index.php\/wp-json\/wp\/v2\/comments?post=1018"}],"wp:featuredmedia":[{"embeddable":true,"href":"https:\/\/www.musclenutrition.com.mx\/index.php\/wp-json\/wp\/v2\/media\/1022"}],"wp:attachment":[{"href":"https:\/\/www.musclenutrition.com.mx\/index.php\/wp-json\/wp\/v2\/media?parent=1018"}],"wp:term":[{"taxonomy":"product_brand","embeddable":true,"href":"https:\/\/www.musclenutrition.com.mx\/index.php\/wp-json\/wp\/v2\/product_brand?post=1018"},{"taxonomy":"product_cat","embeddable":true,"href":"https:\/\/www.musclenutrition.com.mx\/index.php\/wp-json\/wp\/v2\/product_cat?post=1018"},{"taxonomy":"product_tag","embeddable":true,"href":"https:\/\/www.musclenutrition.com.mx\/index.php\/wp-json\/wp\/v2\/product_tag?post=1018"}],"curies":[{"name":"wp","href":"https:\/\/api.w.org\/{rel}","templated":true}]}}