{"id":1015,"date":"2023-08-06T01:20:54","date_gmt":"2023-08-06T01:20:54","guid":{"rendered":"https:\/\/musclenutrition.com.mx\/?post_type=product&#038;p=1015"},"modified":"2025-01-08T15:38:40","modified_gmt":"2025-01-08T21:38:40","slug":"dymatize-elite-casein-55-serv","status":"publish","type":"product","link":"https:\/\/www.musclenutrition.com.mx\/index.php\/producto\/dymatize-elite-casein-55-serv\/","title":{"rendered":"DYMATIZE ELITE CASEIN 55 SERV"},"content":{"rendered":"<p><strong>ELITE CASEIN<\/strong><\/p>\n<p>Elite Casein provee 24 gramos por servicio de prote\u00edna Case\u00edna de digesti\u00f3n lenta. La Elite Casein de Dymatize ha sido espec\u00edficamente dise\u00f1ada para ser digerida por el cuerpo m\u00e1s lentamente que otras fuentes de prote\u00ednas de r\u00e1pida liberaci\u00f3n como es el suero. Esta lenta digesti\u00f3n es el resultado de la sensibilidad natural del pH de la Case\u00edna en el aparato digestivo. De hecho, la digesti\u00f3n resultante puede durar m\u00e1s del doble que otras formas de prote\u00edna.<br \/>\nEsta digesti\u00f3n retardada a veces puede ser deseada, especialmente a la hora de dormir o en eses per\u00edodos en los que el cuerpo pasa muchas horas son alimentarse.<br \/>\nPropiedades de Elite Casein<br \/>\nProte\u00edna de liberaci\u00f3n lenta<br \/>\n24g de Caseina pura<br \/>\n10g de BCAA<br \/>\nGlutamina y precursores<\/p>\n","protected":false},"excerpt":{"rendered":"<p>ELITE CASEIN Elite Casein provee 24 gramos por servicio de prote\u00edna Case\u00edna de digesti\u00f3n lenta. La Elite Casein de Dymatize ha sido espec\u00edficamente dise\u00f1ada para ser digerida por el cuerpo m\u00e1s lentamente que otras fuentes de prote\u00ednas de r\u00e1pida liberaci\u00f3n como es el suero. Esta lenta digesti\u00f3n es el resultado de la sensibilidad natural del &hellip;<\/p>\n<p class=\"read-more\"> <a class=\"\" href=\"https:\/\/www.musclenutrition.com.mx\/index.php\/producto\/dymatize-elite-casein-55-serv\/\"> <span class=\"screen-reader-text\">DYMATIZE ELITE CASEIN 55 SERV<\/span> Leer m\u00e1s &raquo;<\/a><\/p>\n","protected":false},"featured_media":1703,"comment_status":"open","ping_status":"closed","template":"","meta":{"_uag_custom_page_level_css":"","site-sidebar-layout":"default","site-content-layout":"default","ast-global-header-display":"","ast-banner-title-visibility":"","ast-main-header-display":"","ast-hfb-above-header-display":"","ast-hfb-below-header-display":"","ast-hfb-mobile-header-display":"","site-post-title":"","ast-breadcrumbs-content":"","ast-featured-img":"","footer-sml-layout":"","theme-transparent-header-meta":"default","adv-header-id-meta":"","stick-header-meta":"","header-above-stick-meta":"","header-main-stick-meta":"","header-below-stick-meta":""},"product_brand":[],"product_cat":[15],"product_tag":[],"class_list":{"0":"post-1015","1":"product","2":"type-product","3":"status-publish","4":"has-post-thumbnail","6":"product_cat-sin-categorizar","7":"desktop-align-left","8":"tablet-align-left","9":"mobile-align-left","11":"first","12":"outofstock","13":"shipping-taxable","14":"purchasable","15":"product-type-simple"},"ams_default_variation_id":0,"ams_product_points_reward":[],"ams_product_discount_percentage":0,"ams_price_to_display":1150,"ams_acf":[],"uagb_featured_image_src":{"full":["https:\/\/www.musclenutrition.com.mx\/wp-content\/uploads\/2023\/08\/Elite-casein.jpg",964,1500,false],"thumbnail":["https:\/\/www.musclenutrition.com.mx\/wp-content\/uploads\/2023\/08\/Elite-casein-150x150.jpg",150,150,true],"medium":["https:\/\/www.musclenutrition.com.mx\/wp-content\/uploads\/2023\/08\/Elite-casein-193x300.jpg",193,300,true],"medium_large":["https:\/\/www.musclenutrition.com.mx\/wp-content\/uploads\/2023\/08\/Elite-casein-768x1195.jpg",768,1195,true],"large":["https:\/\/www.musclenutrition.com.mx\/wp-content\/uploads\/2023\/08\/Elite-casein-658x1024.jpg",658,1024,true],"1536x1536":["https:\/\/www.musclenutrition.com.mx\/wp-content\/uploads\/2023\/08\/Elite-casein.jpg",964,1500,false],"2048x2048":["https:\/\/www.musclenutrition.com.mx\/wp-content\/uploads\/2023\/08\/Elite-casein.jpg",964,1500,false],"woocommerce_thumbnail":["https:\/\/www.musclenutrition.com.mx\/wp-content\/uploads\/2023\/08\/Elite-casein-300x300.jpg",300,300,true],"woocommerce_single":["https:\/\/www.musclenutrition.com.mx\/wp-content\/uploads\/2023\/08\/Elite-casein-600x934.jpg",600,934,true],"woocommerce_gallery_thumbnail":["https:\/\/www.musclenutrition.com.mx\/wp-content\/uploads\/2023\/08\/Elite-casein-100x100.jpg",100,100,true],"dgwt-wcas-product-suggestion":["https:\/\/www.musclenutrition.com.mx\/wp-content\/uploads\/2023\/08\/Elite-casein-64x100.jpg",64,100,true]},"uagb_author_info":{"display_name":"benjaming","author_link":"https:\/\/www.musclenutrition.com.mx\/index.php\/author\/"},"uagb_comment_info":0,"uagb_excerpt":"ELITE CASEIN Elite Casein provee 24 gramos por servicio de prote\u00edna Case\u00edna de digesti\u00f3n lenta. La Elite Casein de Dymatize ha sido espec\u00edficamente dise\u00f1ada para ser digerida por el cuerpo m\u00e1s lentamente que otras fuentes de prote\u00ednas de r\u00e1pida liberaci\u00f3n como es el suero. Esta lenta digesti\u00f3n es el resultado de la sensibilidad natural del&hellip;","_links":{"self":[{"href":"https:\/\/www.musclenutrition.com.mx\/index.php\/wp-json\/wp\/v2\/product\/1015","targetHints":{"allow":["GET"]}}],"collection":[{"href":"https:\/\/www.musclenutrition.com.mx\/index.php\/wp-json\/wp\/v2\/product"}],"about":[{"href":"https:\/\/www.musclenutrition.com.mx\/index.php\/wp-json\/wp\/v2\/types\/product"}],"replies":[{"embeddable":true,"href":"https:\/\/www.musclenutrition.com.mx\/index.php\/wp-json\/wp\/v2\/comments?post=1015"}],"wp:featuredmedia":[{"embeddable":true,"href":"https:\/\/www.musclenutrition.com.mx\/index.php\/wp-json\/wp\/v2\/media\/1703"}],"wp:attachment":[{"href":"https:\/\/www.musclenutrition.com.mx\/index.php\/wp-json\/wp\/v2\/media?parent=1015"}],"wp:term":[{"taxonomy":"product_brand","embeddable":true,"href":"https:\/\/www.musclenutrition.com.mx\/index.php\/wp-json\/wp\/v2\/product_brand?post=1015"},{"taxonomy":"product_cat","embeddable":true,"href":"https:\/\/www.musclenutrition.com.mx\/index.php\/wp-json\/wp\/v2\/product_cat?post=1015"},{"taxonomy":"product_tag","embeddable":true,"href":"https:\/\/www.musclenutrition.com.mx\/index.php\/wp-json\/wp\/v2\/product_tag?post=1015"}],"curies":[{"name":"wp","href":"https:\/\/api.w.org\/{rel}","templated":true}]}}