{"id":1007,"date":"2023-08-06T01:17:17","date_gmt":"2023-08-06T01:17:17","guid":{"rendered":"https:\/\/musclenutrition.com.mx\/?post_type=product&#038;p=1007"},"modified":"2026-04-14T09:00:40","modified_gmt":"2026-04-14T15:00:40","slug":"carnivor-4-5-lbs","status":"publish","type":"product","link":"https:\/\/www.musclenutrition.com.mx\/index.php\/producto\/carnivor-4-5-lbs\/","title":{"rendered":"CARNIVOR 4.5 LBS"},"content":{"rendered":"<p><strong>CARNIVOR<\/strong><\/p>\n<p>CARNIVOR Beef Protein Isolate brinda todo el poder de desarrollo muscular de la carne de res con mayores niveles de amino\u00e1cidos que otras fuentes de prote\u00ednas utilizadas en suplementos, incluidos el suero de leche, la soya, la leche y el huevo. CARNIVOR Beef Protein Isolate (BPI) es incluso un 350 % m\u00e1s concentrado en amino\u00e1cidos anab\u00f3licos para el desarrollo muscular que un filete de solomillo de primera calidad. \u00a1Adem\u00e1s, es sin az\u00facar, sin grasa, sin lactosa y sin colesterol! \u00a1Sin mencionar que CARNIVOR es uno de los batidos de prote\u00ednas m\u00e1s deliciosos que jam\u00e1s haya probado!<\/p>\n","protected":false},"excerpt":{"rendered":"<p>CARNIVOR CARNIVOR Beef Protein Isolate brinda todo el poder de desarrollo muscular de la carne de res con mayores niveles de amino\u00e1cidos que otras fuentes de prote\u00ednas utilizadas en suplementos, incluidos el suero de leche, la soya, la leche y el huevo. CARNIVOR Beef Protein Isolate (BPI) es incluso un 350 % m\u00e1s concentrado en &hellip;<\/p>\n<p class=\"read-more\"> <a class=\"\" href=\"https:\/\/www.musclenutrition.com.mx\/index.php\/producto\/carnivor-4-5-lbs\/\"> <span class=\"screen-reader-text\">CARNIVOR 4.5 LBS<\/span> Leer m\u00e1s &raquo;<\/a><\/p>\n","protected":false},"featured_media":1010,"comment_status":"open","ping_status":"closed","template":"","meta":{"_uag_custom_page_level_css":"","site-sidebar-layout":"default","site-content-layout":"default","ast-global-header-display":"","ast-banner-title-visibility":"","ast-main-header-display":"","ast-hfb-above-header-display":"","ast-hfb-below-header-display":"","ast-hfb-mobile-header-display":"","site-post-title":"","ast-breadcrumbs-content":"","ast-featured-img":"","footer-sml-layout":"","theme-transparent-header-meta":"default","adv-header-id-meta":"","stick-header-meta":"","header-above-stick-meta":"","header-main-stick-meta":"","header-below-stick-meta":""},"product_brand":[],"product_cat":[27],"product_tag":[],"class_list":{"0":"post-1007","1":"product","2":"type-product","3":"status-publish","4":"has-post-thumbnail","6":"product_cat-proteina","7":"desktop-align-left","8":"tablet-align-left","9":"mobile-align-left","11":"first","12":"instock","13":"shipping-taxable","14":"purchasable","15":"product-type-variable"},"ams_default_variation_id":0,"ams_product_points_reward":[],"ams_product_discount_percentage":0,"ams_price_to_display":990,"ams_acf":[],"uagb_featured_image_src":{"full":["https:\/\/www.musclenutrition.com.mx\/wp-content\/uploads\/2023\/08\/92542.webp",1200,1200,false],"thumbnail":["https:\/\/www.musclenutrition.com.mx\/wp-content\/uploads\/2023\/08\/92542-150x150.webp",150,150,true],"medium":["https:\/\/www.musclenutrition.com.mx\/wp-content\/uploads\/2023\/08\/92542-300x300.webp",300,300,true],"medium_large":["https:\/\/www.musclenutrition.com.mx\/wp-content\/uploads\/2023\/08\/92542-768x768.webp",768,768,true],"large":["https:\/\/www.musclenutrition.com.mx\/wp-content\/uploads\/2023\/08\/92542-1024x1024.webp",1024,1024,true],"1536x1536":["https:\/\/www.musclenutrition.com.mx\/wp-content\/uploads\/2023\/08\/92542.webp",1200,1200,false],"2048x2048":["https:\/\/www.musclenutrition.com.mx\/wp-content\/uploads\/2023\/08\/92542.webp",1200,1200,false],"woocommerce_thumbnail":["https:\/\/www.musclenutrition.com.mx\/wp-content\/uploads\/2023\/08\/92542-300x300.webp",300,300,true],"woocommerce_single":["https:\/\/www.musclenutrition.com.mx\/wp-content\/uploads\/2023\/08\/92542-600x600.webp",600,600,true],"woocommerce_gallery_thumbnail":["https:\/\/www.musclenutrition.com.mx\/wp-content\/uploads\/2023\/08\/92542-100x100.webp",100,100,true],"dgwt-wcas-product-suggestion":["https:\/\/www.musclenutrition.com.mx\/wp-content\/uploads\/2023\/08\/92542.webp",64,64,false]},"uagb_author_info":{"display_name":"benjaming","author_link":"https:\/\/www.musclenutrition.com.mx\/index.php\/author\/"},"uagb_comment_info":1,"uagb_excerpt":"CARNIVOR CARNIVOR Beef Protein Isolate brinda todo el poder de desarrollo muscular de la carne de res con mayores niveles de amino\u00e1cidos que otras fuentes de prote\u00ednas utilizadas en suplementos, incluidos el suero de leche, la soya, la leche y el huevo. CARNIVOR Beef Protein Isolate (BPI) es incluso un 350 % m\u00e1s concentrado en&hellip;","_links":{"self":[{"href":"https:\/\/www.musclenutrition.com.mx\/index.php\/wp-json\/wp\/v2\/product\/1007","targetHints":{"allow":["GET"]}}],"collection":[{"href":"https:\/\/www.musclenutrition.com.mx\/index.php\/wp-json\/wp\/v2\/product"}],"about":[{"href":"https:\/\/www.musclenutrition.com.mx\/index.php\/wp-json\/wp\/v2\/types\/product"}],"replies":[{"embeddable":true,"href":"https:\/\/www.musclenutrition.com.mx\/index.php\/wp-json\/wp\/v2\/comments?post=1007"}],"wp:featuredmedia":[{"embeddable":true,"href":"https:\/\/www.musclenutrition.com.mx\/index.php\/wp-json\/wp\/v2\/media\/1010"}],"wp:attachment":[{"href":"https:\/\/www.musclenutrition.com.mx\/index.php\/wp-json\/wp\/v2\/media?parent=1007"}],"wp:term":[{"taxonomy":"product_brand","embeddable":true,"href":"https:\/\/www.musclenutrition.com.mx\/index.php\/wp-json\/wp\/v2\/product_brand?post=1007"},{"taxonomy":"product_cat","embeddable":true,"href":"https:\/\/www.musclenutrition.com.mx\/index.php\/wp-json\/wp\/v2\/product_cat?post=1007"},{"taxonomy":"product_tag","embeddable":true,"href":"https:\/\/www.musclenutrition.com.mx\/index.php\/wp-json\/wp\/v2\/product_tag?post=1007"}],"curies":[{"name":"wp","href":"https:\/\/api.w.org\/{rel}","templated":true}]}}